{"id":43167,"date":"2022-09-07T06:04:31","date_gmt":"2022-09-07T06:04:31","guid":{"rendered":"https:\/\/www.legendslocker.co\/product\/t-shirt-da-calcio-madrid-arch-cup-la-classica-maglia-da-casa\/"},"modified":"2025-11-11T12:28:28","modified_gmt":"2025-11-11T12:28:28","slug":"t-shirt-da-calcio-madrid-arch-cup-la-classica-maglia-da-casa","status":"publish","type":"product","link":"https:\/\/www.legendslocker.co\/it\/product\/t-shirt-da-calcio-madrid-arch-cup-la-classica-maglia-da-casa\/","title":{"rendered":"T-shirt da calcio Madrid Arch Cup: la classica maglia da casa"},"content":{"rendered":"<h2 class=\"\" data-sourcepos=\"1:1-1:90\">Possiedi un pezzo di storia del calcio, la T-shirt da calcio Madrid Arch Cup &#8211; la classica maglia da casa<\/h2>\n<p data-sourcepos=\"3:1-3:110\"><strong>Abbraccia l&#8217;eleganza senza tempo del bel gioco con questa T-shirt da calcio Madrid Arch Cup in edizione limitata.<\/strong><\/p>\n<p data-sourcepos=\"7:1-7:27\"><strong>Un tributo alla tradizione:<\/strong><\/p>\n<p data-sourcepos=\"9:1-9:41\">La Madrid Arch Cup, tenutasi dal 1953 al 1972, era un prestigioso torneo che metteva le migliori squadre d&#8217;Europa l&#8217;una contro l&#8217;altra. Questa T-shirt rende omaggio a quell&#8217;epoca, catturando l&#8217;essenza del calcio classico con le sue linee pulite e i dettagli sottili. <\/p>\n<p data-sourcepos=\"11:1-11:34\"><strong>Realizzata per Comfort e Stile:<\/strong><\/p>\n<p data-sourcepos=\"13:1-13:179\">Realizzata in cotone premium, pesante, questa T-shirt \u00e8 tanto morbida quanto elegante. La vestibilit\u00e0 rilassata ti permette di muoverti liberamente, mentre il colletto e i polsini a costine aggiungono un tocco di raffinatezza. <\/p>\n<p data-sourcepos=\"15:1-15:31\"><strong>Dettagli di design che contano:<\/strong><\/p>\n<ul data-sourcepos=\"17:1-18:92\">\n<li data-sourcepos=\"17:1-17:102\">L&#8217;iconico emblema della Madrid Arch Cup si trova con orgoglio sul petto, a testimonianza dell&#8217;eredit\u00e0 del torneo.<\/li>\n<li data-sourcepos=\"18:1-18:92\">Una sottile stampa tono su tono di un pallone stilizzato adorna la schiena, aggiungendo un tocco di discreta eleganza.<\/li>\n<li data-sourcepos=\"19:1-20:0\">Le linee pulite e la combinazione di colori monocromatica della T-shirt mantengono l&#8217;attenzione sulla bellezza senza tempo del gioco.<\/li>\n<\/ul>\n<p data-sourcepos=\"21:1-21:25\"><strong>Pi\u00f9 di una semplice T-shirt:<\/strong><\/p>\n<p data-sourcepos=\"23:1-23:252\">Questa non \u00e8 solo una maglietta; \u00e8 una dichiarazione. \u00c8 per i puristi, i tradizionalisti, coloro che apprezzano l&#8217;arte e la storia del calcio. \u00c8 per coloro che vogliono portare il loro amore per il gioco sulla manica (o, in questo caso, sul petto).  <\/p>\n<p data-sourcepos=\"25:1-25:31\"><strong>Disponibile in edizione limitata:<\/strong><\/p>\n<p data-sourcepos=\"27:1-27:118\">Questo \u00e8 un oggetto da collezione, prodotto in quantit\u00e0 limitate. Quindi, non perdere l&#8217;occasione di possedere un pezzo di storia del calcio. <\/p>\n<p data-sourcepos=\"29:1-29:90\"><strong>Ordina oggi la tua T-shirt da calcio Madrid Arch Cup e mostra il tuo amore per il bel gioco!<\/strong><\/p>\n","protected":false},"excerpt":{"rendered":"<p>Possiedi un pezzo di storia del calcio, la T-shirt da calcio Madrid Arch Cup &#8211; la classica maglia da casa Abbraccia l&#8217;eleganza senza tempo del bel gioco con questa T-shirt da calcio Madrid Arch Cup in edizione limitata. Un tributo alla tradizione: La Madrid Arch Cup, tenutasi dal 1953 al 1972, era un prestigioso torneo&#8230;<\/p>\n","protected":false},"featured_media":3613,"template":"","meta":{"_kad_post_transparent":"","_kad_post_title":"","_kad_post_layout":"","_kad_post_sidebar_id":"","_kad_post_content_style":"","_kad_post_vertical_padding":"","_kad_post_feature":"","_kad_post_feature_position":"","_kad_post_header":false,"_kad_post_footer":false},"product_brand":[],"product_cat":[397],"product_tag":[],"class_list":{"0":"post-43167","1":"product","2":"type-product","3":"status-publish","4":"has-post-thumbnail","6":"product_cat-madrid-fc","8":"first","9":"instock","10":"sale","11":"shipping-taxable","12":"purchasable","13":"product-type-variable","14":"entry","15":"content-bg","16":"loop-entry"},"jetpack_sharing_enabled":true,"_links":{"self":[{"href":"https:\/\/www.legendslocker.co\/it\/wp-json\/wp\/v2\/product\/43167","targetHints":{"allow":["GET"]}}],"collection":[{"href":"https:\/\/www.legendslocker.co\/it\/wp-json\/wp\/v2\/product"}],"about":[{"href":"https:\/\/www.legendslocker.co\/it\/wp-json\/wp\/v2\/types\/product"}],"wp:featuredmedia":[{"embeddable":true,"href":"https:\/\/www.legendslocker.co\/it\/wp-json\/wp\/v2\/media\/3613"}],"wp:attachment":[{"href":"https:\/\/www.legendslocker.co\/it\/wp-json\/wp\/v2\/media?parent=43167"}],"wp:term":[{"taxonomy":"product_brand","embeddable":true,"href":"https:\/\/www.legendslocker.co\/it\/wp-json\/wp\/v2\/product_brand?post=43167"},{"taxonomy":"product_cat","embeddable":true,"href":"https:\/\/www.legendslocker.co\/it\/wp-json\/wp\/v2\/product_cat?post=43167"},{"taxonomy":"product_tag","embeddable":true,"href":"https:\/\/www.legendslocker.co\/it\/wp-json\/wp\/v2\/product_tag?post=43167"}],"curies":[{"name":"wp","href":"https:\/\/api.w.org\/{rel}","templated":true}]}}