{"id":43071,"date":"2022-09-07T05:50:08","date_gmt":"2022-09-07T05:50:08","guid":{"rendered":"https:\/\/www.legendslocker.co\/product\/maglietta-da-calcio-classica-liverpool-arch-cup-home\/"},"modified":"2025-11-11T12:28:08","modified_gmt":"2025-11-11T12:28:08","slug":"maglietta-da-calcio-classica-liverpool-arch-cup-home","status":"publish","type":"product","link":"https:\/\/www.legendslocker.co\/it\/product\/maglietta-da-calcio-classica-liverpool-arch-cup-home\/","title":{"rendered":"Maglietta da calcio classica Liverpool Arch Cup Home"},"content":{"rendered":"<h2 class=\"\" data-sourcepos=\"1:1-1:93\">Rivivi i giorni di gloria, possiedi un pezzo di storia del Liverpool con la classica Maglietta Arch Cup Home.<\/h2>\n<p data-sourcepos=\"3:1-3:172\"><strong>Incarna la passione di Anfield con questa intramontabile Maglietta classica Liverpool Arch Cup Home.<\/strong> Pi\u00f9 di una semplice maglia, \u00e8 un portale verso un&#8217;era di trionfi leggendari, un tributo ai giocatori che hanno inciso i loro nomi nella storia dei Reds.<\/p>\n<p data-sourcepos=\"5:1-5:23\"><strong>Abbraccia l&#8217;eredit\u00e0:<\/strong><\/p>\n<ul data-sourcepos=\"7:1-8:28\">\n<li data-sourcepos=\"7:1-7:126\"><strong>Design classico Arch Cup:<\/strong> Indossa l&#8217;emblema dei trionfi storici del Liverpool, un simbolo di resilienza e spirito incrollabile.<\/li>\n<li data-sourcepos=\"8:1-8:28\"><strong>Colori autentici della squadra:<\/strong> Immergiti nel vibrante rosso e bianco che elettrizza Anfield il giorno della partita.<\/li>\n<li data-sourcepos=\"9:1-9:17\"><strong>Cotone premium, morbido:<\/strong> Comfort e qualit\u00e0 si fondono perfettamente, rendendo questa maglietta un capo irrinunciabile per l&#8217;abbigliamento casual o per il supporto pi\u00f9 sfegatato.<\/li>\n<\/ul>\n<p data-sourcepos=\"11:1-11:23\"><strong>Mostra la tua devozione:<\/strong><\/p>\n<ul data-sourcepos=\"13:1-14:115\">\n<li data-sourcepos=\"13:1-13:106\"><strong>Stemma audace del Liverpool:<\/strong> Fai sapere a tutti la tua fedelt\u00e0 con l&#8217;iconico Liverbird esposto con orgoglio.<\/li>\n<li data-sourcepos=\"14:1-14:115\"><strong>Stampa sul collo \u201cThis Is Anfield\u201d:<\/strong> Senti la pelle d&#8217;oca mentre sussurri queste parole sacre sottovoce.<\/li>\n<li data-sourcepos=\"15:1-16:0\"><strong>Grafica d&#8217;ispirazione retr\u00f2:<\/strong> Celebra l&#8217;et\u00e0 d&#8217;oro del calcio del Liverpool con un tocco di nostalgia.<\/li>\n<\/ul>\n<p data-sourcepos=\"17:1-17:43\"><strong>Pi\u00f9 di una semplice maglietta, \u00e8 una dichiarazione:<\/strong><\/p>\n<ul data-sourcepos=\"19:1-22:0\">\n<li data-sourcepos=\"19:1-19:123\"><strong>Distinguiti dalla folla:<\/strong> Questo design unico ti distingue dal merchandising generico per i tifosi, mostrando il tuo vero DNA del Liverpool.<\/li>\n<li data-sourcepos=\"20:1-20:109\"><strong>Un ottimo spunto di conversazione:<\/strong> Accendi discussioni appassionate con gli altri Reds sui momenti memorabili di Anfield.<\/li>\n<li data-sourcepos=\"21:1-22:0\"><strong>Il regalo perfetto:<\/strong> Per compleanni, festivit\u00e0 o semplicemente perch\u00e9, questa maglietta \u00e8 un successo garantito per ogni tifoso sfegatato del Liverpool.<\/li>\n<\/ul>\n<p data-sourcepos=\"23:1-23:132\"><strong>Abbraccia il passato, possiedi il futuro. Indossa la Maglietta classica Liverpool Arch Cup Home e lascia che l&#8217;inno di Anfield risuoni nel tuo cuore. <\/strong><\/p>\n","protected":false},"excerpt":{"rendered":"<p>Rivivi i giorni di gloria, possiedi un pezzo di storia del Liverpool con la classica Maglietta Arch Cup Home. Incarna la passione di Anfield con questa intramontabile Maglietta classica Liverpool Arch Cup Home. Pi\u00f9 di una semplice maglia, \u00e8 un portale verso un&#8217;era di trionfi leggendari, un tributo ai giocatori che hanno inciso i loro&#8230;<\/p>\n","protected":false},"featured_media":3597,"template":"","meta":{"_kad_post_transparent":"","_kad_post_title":"","_kad_post_layout":"","_kad_post_sidebar_id":"","_kad_post_content_style":"","_kad_post_vertical_padding":"","_kad_post_feature":"","_kad_post_feature_position":"","_kad_post_header":false,"_kad_post_footer":false},"product_brand":[],"product_cat":[387],"product_tag":[],"class_list":{"0":"post-43071","1":"product","2":"type-product","3":"status-publish","4":"has-post-thumbnail","6":"product_cat-liverpool-fc","8":"first","9":"instock","10":"sale","11":"shipping-taxable","12":"purchasable","13":"product-type-variable","14":"entry","15":"content-bg","16":"loop-entry"},"jetpack_sharing_enabled":true,"_links":{"self":[{"href":"https:\/\/www.legendslocker.co\/it\/wp-json\/wp\/v2\/product\/43071","targetHints":{"allow":["GET"]}}],"collection":[{"href":"https:\/\/www.legendslocker.co\/it\/wp-json\/wp\/v2\/product"}],"about":[{"href":"https:\/\/www.legendslocker.co\/it\/wp-json\/wp\/v2\/types\/product"}],"wp:featuredmedia":[{"embeddable":true,"href":"https:\/\/www.legendslocker.co\/it\/wp-json\/wp\/v2\/media\/3597"}],"wp:attachment":[{"href":"https:\/\/www.legendslocker.co\/it\/wp-json\/wp\/v2\/media?parent=43071"}],"wp:term":[{"taxonomy":"product_brand","embeddable":true,"href":"https:\/\/www.legendslocker.co\/it\/wp-json\/wp\/v2\/product_brand?post=43071"},{"taxonomy":"product_cat","embeddable":true,"href":"https:\/\/www.legendslocker.co\/it\/wp-json\/wp\/v2\/product_cat?post=43071"},{"taxonomy":"product_tag","embeddable":true,"href":"https:\/\/www.legendslocker.co\/it\/wp-json\/wp\/v2\/product_tag?post=43071"}],"curies":[{"name":"wp","href":"https:\/\/api.w.org\/{rel}","templated":true}]}}