{"id":43056,"date":"2022-09-07T05:38:26","date_gmt":"2022-09-07T05:38:26","guid":{"rendered":"https:\/\/www.legendslocker.co\/product\/chelsea-classic-arch-cup-soccer-tee-maglietta-da-calcio-alla-moda\/"},"modified":"2025-11-11T12:28:06","modified_gmt":"2025-11-11T12:28:06","slug":"chelsea-classic-arch-cup-soccer-tee-maglietta-da-calcio-alla-moda","status":"publish","type":"product","link":"https:\/\/www.legendslocker.co\/it\/product\/chelsea-classic-arch-cup-soccer-tee-maglietta-da-calcio-alla-moda\/","title":{"rendered":"Chelsea classic Arch cup soccer Tee: maglietta da calcio alla moda"},"content":{"rendered":"<h2 class=\"\" data-sourcepos=\"1:1-1:117\">Possiedi un pezzo di storia del Chelsea con la Classic Arch Cup Soccer Tee, pi\u00f9 di una semplice maglietta, \u00e8 un simbolo di orgoglio<\/h2>\n<p data-sourcepos=\"3:1-3:2\"><strong>Rivivi il glorioso passato dei Blues e celebra le loro iconiche vittorie nella Arch Cup con la Chelsea Classic Arch Cup Soccer Tee.<\/strong>  Questa non \u00e8 una semplice maglietta da calcio; \u00e8 un capo intramontabile che cattura l&#8217;essenza dell&#8217;eredit\u00e0 del Chelsea, fondendo vibrazioni vintage con il comfort moderno.<\/p>\n<p data-sourcepos=\"5:1-5:24\"><strong>Ecco perch\u00e9 ti piacer\u00e0:<\/strong><\/p>\n<ul data-sourcepos=\"7:1-7:98\">\n<li data-sourcepos=\"7:1-7:98\"><strong>Un ritorno all&#8217;epoca d&#8217;oro del Chelsea:<\/strong> L&#8217;audace grafica centrale Arch Cup, ispirata ai trionfi del club all&#8217;inizio del XX secolo, evoca immediatamente un senso di nostalgia e tradizione. Indossala e senti lo spirito di leggendari Blues come George Graham e Jimmy Greenhoff camminare al tuo fianco. <\/li>\n<li data-sourcepos=\"8:1-8:164\"><strong>Sofisticatamente elegante:<\/strong> Questa non \u00e8 la tua solita maglietta souvenir. Il tessuto premium drappeggia lussuosamente, il sottile ricamo tono su tono eleva il design e le linee pulite assicurano un look elegante e contemporaneo. Che tu stia tifando in campo o passeggiando per strada, questa maglietta trasuda l&#8217;orgoglio intramontabile del Chelsea.  <\/li>\n<li data-sourcepos=\"9:1-9:265\"><strong>Costruita per il comfort:<\/strong> Realizzata in un misto di cotone traspirante e morbido al tatto, questa maglietta \u00e8 fatta per il comfort di tutto il giorno. Che tu stia cantando a squarciagola a Stamford Bridge o rilassandoti con gli amici, si muover\u00e0 con te senza sforzo, mantenendoti fresco e sicuro di te. <\/li>\n<li data-sourcepos=\"10:1-11:0\"><strong>Pi\u00f9 di una semplice maglietta:<\/strong> Questa maglietta \u00e8 un punto di partenza per conversazioni, una porta d&#8217;accesso a ricordi condivisi e discussioni appassionate sul leggendario passato del Chelsea. \u00c8 un&#8217;opportunit\u00e0 per entrare in contatto con altri tifosi dei Blues e celebrare la ricca storia del club. <\/li>\n<\/ul>\n<p data-sourcepos=\"12:1-12:70\"><strong>La Chelsea Classic Arch Cup Soccer Tee \u00e8 la scelta perfetta per:<\/strong><\/p>\n<ul data-sourcepos=\"14:1-16:66\">\n<li data-sourcepos=\"14:1-14:55\">Fan sfegatati del Chelsea che amano la tradizione del club<\/li>\n<li data-sourcepos=\"15:1-15:65\">Sostenitori occasionali che apprezzano l&#8217;estetica classica e la qualit\u00e0<\/li>\n<li data-sourcepos=\"16:1-16:66\">Chiunque ami l&#8217;abbigliamento sportivo di ispirazione vintage con un tocco moderno<\/li>\n<li data-sourcepos=\"17:1-18:0\">Chi \u00e8 alla ricerca di un regalo unico e significativo per il tifoso del Chelsea nella propria vita<\/li>\n<\/ul>\n<p data-sourcepos=\"19:1-19:168\"><strong>Non indossare solo una maglietta da calcio, indossa un pezzo di storia del Chelsea. Ordina oggi stesso la tua Chelsea Classic Arch Cup Soccer Tee e mostra al mondo dove risiede la tua lealt\u00e0! <\/strong><\/p>\n","protected":false},"excerpt":{"rendered":"<p>Possiedi un pezzo di storia del Chelsea con la Classic Arch Cup Soccer Tee, pi\u00f9 di una semplice maglietta, \u00e8 un simbolo di orgoglio Rivivi il glorioso passato dei Blues e celebra le loro iconiche vittorie nella Arch Cup con la Chelsea Classic Arch Cup Soccer Tee. Questa non \u00e8 una semplice maglietta da calcio;&#8230;<\/p>\n","protected":false},"featured_media":0,"template":"","meta":{"_kad_post_transparent":"","_kad_post_title":"","_kad_post_layout":"","_kad_post_sidebar_id":"","_kad_post_content_style":"","_kad_post_vertical_padding":"","_kad_post_feature":"","_kad_post_feature_position":"","_kad_post_header":false,"_kad_post_footer":false},"product_brand":[],"product_cat":[354],"product_tag":[],"class_list":{"0":"post-43056","1":"product","2":"type-product","3":"status-publish","5":"product_cat-chelsea-fc","7":"first","8":"instock","9":"sale","10":"shipping-taxable","11":"purchasable","12":"product-type-variable","13":"entry","14":"content-bg","15":"loop-entry"},"jetpack_sharing_enabled":true,"_links":{"self":[{"href":"https:\/\/www.legendslocker.co\/it\/wp-json\/wp\/v2\/product\/43056","targetHints":{"allow":["GET"]}}],"collection":[{"href":"https:\/\/www.legendslocker.co\/it\/wp-json\/wp\/v2\/product"}],"about":[{"href":"https:\/\/www.legendslocker.co\/it\/wp-json\/wp\/v2\/types\/product"}],"wp:attachment":[{"href":"https:\/\/www.legendslocker.co\/it\/wp-json\/wp\/v2\/media?parent=43056"}],"wp:term":[{"taxonomy":"product_brand","embeddable":true,"href":"https:\/\/www.legendslocker.co\/it\/wp-json\/wp\/v2\/product_brand?post=43056"},{"taxonomy":"product_cat","embeddable":true,"href":"https:\/\/www.legendslocker.co\/it\/wp-json\/wp\/v2\/product_cat?post=43056"},{"taxonomy":"product_tag","embeddable":true,"href":"https:\/\/www.legendslocker.co\/it\/wp-json\/wp\/v2\/product_tag?post=43056"}],"curies":[{"name":"wp","href":"https:\/\/api.w.org\/{rel}","templated":true}]}}