{"id":43040,"date":"2022-09-07T05:23:30","date_gmt":"2022-09-07T05:23:30","guid":{"rendered":"https:\/\/www.legendslocker.co\/product\/maglia-da-calcio-classica-arch-cup-del-barcellona-stile-intramontabile\/"},"modified":"2025-11-11T12:27:57","modified_gmt":"2025-11-11T12:27:57","slug":"maglia-da-calcio-classica-arch-cup-del-barcellona-stile-intramontabile","status":"publish","type":"product","link":"https:\/\/www.legendslocker.co\/it\/product\/maglia-da-calcio-classica-arch-cup-del-barcellona-stile-intramontabile\/","title":{"rendered":"Maglia da calcio classica Arch cup del Barcellona: stile intramontabile"},"content":{"rendered":"<h2 class=\"\" data-sourcepos=\"1:1-1:74\">Maglia da calcio classica Arch cup del Barcellona, stile intramontabile, spirito blaugrana<\/h2>\n<p data-sourcepos=\"3:1-3:51\"><strong>Abbraccia l&#8217;eredit\u00e0. Incanalala passione. Vivi la tua passione.  <\/strong><\/p>\n<p data-sourcepos=\"5:1-5:228\">La maglia da calcio classica Arch Cup del Barcellona non \u00e8 solo un capo d&#8217;abbigliamento, \u00e8 una capsula del tempo della gloria blaugrana. \u00c8 un tributo ai leggendari archi che un tempo adornavano il Camp Nou, un simbolo di resilienza e supporto incrollabile. Indossa questa maglia, e non stai solo indossando una maglietta, stai indossando un pezzo del cuore pulsante di Barcellona.  <\/p>\n<p data-sourcepos=\"7:1-7:15\"><strong>Caratteristiche che rendono questa maglia una campionessa:<\/strong><\/p>\n<ul data-sourcepos=\"9:1-11:18\">\n<li data-sourcepos=\"9:1-9:158\"><strong>Cotone morbido e traspirante:<\/strong> Questo tessuto premium \u00e8 bello da vedere e da toccare, mantenendoti fresco e comodo anche durante le sessioni di tifo pi\u00f9 intense.<\/li>\n<li data-sourcepos=\"10:1-10:157\"><strong>Design intramontabile:<\/strong> L&#8217;iconico stemma del Barcellona \u00e8 orgogliosamente posizionato sul petto, mentre la classica grafica ad arco sulla schiena sussurra storie di vittorie passate.<\/li>\n<li data-sourcepos=\"11:1-11:18\"><strong>Dettagli sottili che parlano chiaro:<\/strong> Guarda attentamente e troverai il motto del club \u201cM\u00e9s que un club\u201d (Pi\u00f9 di un club) intessuto nel tessuto, un costante promemoria dei valori che definiscono il Bar\u00e7a.<\/li>\n<li data-sourcepos=\"12:1-13:0\"><strong>Costruita per durare:<\/strong> Questa maglia \u00e8 realizzata pensando alla qualit\u00e0, assicurando che resista a innumerevoli lavaggi e anni di supporto incrollabile.<\/li>\n<\/ul>\n<p data-sourcepos=\"14:1-14:43\"><strong>Pi\u00f9 di una semplice maglietta, \u00e8 una dichiarazione:<\/strong><\/p>\n<ul data-sourcepos=\"16:1-19:0\">\n<li data-sourcepos=\"16:1-16:143\"><strong>Mostra la tua lealt\u00e0:<\/strong> Che tu sia al Camp Nou o tifi dal tuo salotto, questa maglia fa sapere al mondo dove risiedono le tue fedelt\u00e0.<\/li>\n<li data-sourcepos=\"17:1-17:176\"><strong>Connettiti con gli altri tifosi:<\/strong> Questo \u00e8 pi\u00f9 di un semplice capo d&#8217;abbigliamento, \u00e8 un ottimo spunto di conversazione, un distintivo d&#8217;onore che crea istantaneamente connessioni con altri cul\u00e9s (tifosi del Bar\u00e7a).<\/li>\n<li data-sourcepos=\"18:1-19:0\"><strong>Celebra un&#8217;eredit\u00e0 intramontabile:<\/strong> Da Cruyff e Guardiola a Messi e oltre, lo spirito del Barcellona vive. Questa maglia \u00e8 la tua occasione per farne parte. <\/li>\n<\/ul>\n<p data-sourcepos=\"20:1-20:60\"><strong>Possiedi un pezzo di storia del Bar\u00e7a, ordina oggi stesso la tua maglia da calcio classica Arch Cup del Barcellona!<\/strong><\/p>\n","protected":false},"excerpt":{"rendered":"<p>Maglia da calcio classica Arch cup del Barcellona, stile intramontabile, spirito blaugrana Abbraccia l&#8217;eredit\u00e0. Incanalala passione. Vivi la tua passione. La maglia da calcio classica Arch Cup del Barcellona non \u00e8 solo un capo d&#8217;abbigliamento, \u00e8 una capsula del tempo della gloria blaugrana. \u00c8 un tributo ai leggendari archi che un tempo adornavano il Camp&#8230;<\/p>\n","protected":false},"featured_media":3565,"template":"","meta":{"_kad_post_transparent":"","_kad_post_title":"","_kad_post_layout":"","_kad_post_sidebar_id":"","_kad_post_content_style":"","_kad_post_vertical_padding":"","_kad_post_feature":"","_kad_post_feature_position":"","_kad_post_header":false,"_kad_post_footer":false},"product_brand":[],"product_cat":[395],"product_tag":[],"class_list":{"0":"post-43040","1":"product","2":"type-product","3":"status-publish","4":"has-post-thumbnail","6":"product_cat-barcelona-fc","8":"first","9":"instock","10":"sale","11":"shipping-taxable","12":"purchasable","13":"product-type-variable","14":"entry","15":"content-bg","16":"loop-entry"},"jetpack_sharing_enabled":true,"_links":{"self":[{"href":"https:\/\/www.legendslocker.co\/it\/wp-json\/wp\/v2\/product\/43040","targetHints":{"allow":["GET"]}}],"collection":[{"href":"https:\/\/www.legendslocker.co\/it\/wp-json\/wp\/v2\/product"}],"about":[{"href":"https:\/\/www.legendslocker.co\/it\/wp-json\/wp\/v2\/types\/product"}],"wp:featuredmedia":[{"embeddable":true,"href":"https:\/\/www.legendslocker.co\/it\/wp-json\/wp\/v2\/media\/3565"}],"wp:attachment":[{"href":"https:\/\/www.legendslocker.co\/it\/wp-json\/wp\/v2\/media?parent=43040"}],"wp:term":[{"taxonomy":"product_brand","embeddable":true,"href":"https:\/\/www.legendslocker.co\/it\/wp-json\/wp\/v2\/product_brand?post=43040"},{"taxonomy":"product_cat","embeddable":true,"href":"https:\/\/www.legendslocker.co\/it\/wp-json\/wp\/v2\/product_cat?post=43040"},{"taxonomy":"product_tag","embeddable":true,"href":"https:\/\/www.legendslocker.co\/it\/wp-json\/wp\/v2\/product_tag?post=43040"}],"curies":[{"name":"wp","href":"https:\/\/api.w.org\/{rel}","templated":true}]}}