{"id":43007,"date":"2022-09-07T05:33:17","date_gmt":"2022-09-07T05:33:17","guid":{"rendered":"https:\/\/www.legendslocker.co\/product\/t-shirt-chelsea-arch-cup-da-trasferta-stile-calcistico-classico\/"},"modified":"2025-11-11T12:27:54","modified_gmt":"2025-11-11T12:27:54","slug":"t-shirt-chelsea-arch-cup-da-trasferta-stile-calcistico-classico","status":"publish","type":"product","link":"https:\/\/www.legendslocker.co\/it\/product\/t-shirt-chelsea-arch-cup-da-trasferta-stile-calcistico-classico\/","title":{"rendered":"T-shirt Chelsea Arch cup da trasferta: stile calcistico classico"},"content":{"rendered":"<h2 class=\"\" data-sourcepos=\"1:1-1:99\">Abbraccia la tradizione delle trasferte dei Blues con la T-shirt Chelsea Arch cup da trasferta, stile calcistico classico<\/h2>\n<p data-sourcepos=\"3:1-3:167\">Rivivi gli storici trionfi in trasferta del Chelsea con la <strong>T-shirt Chelsea Arch Cup Away<\/strong>, un capo intriso di stile iconico e vittorie leggendarie. Questa non \u00e8 solo una maglietta, \u00e8 un portale verso l&#8217;elettrizzante atmosfera di Stamford Bridge, una tela dipinta con il sostegno incrollabile dei fedelissimi del Chelsea. <\/p>\n<p data-sourcepos=\"5:1-5:36\"><strong>Design classico, eredit\u00e0 duratura:<\/strong><\/p>\n<ul data-sourcepos=\"7:1-7:76\">\n<li data-sourcepos=\"7:1-7:76\"><strong>Ispirata all&#8217;iconica divisa da trasferta:<\/strong> Caratterizzata dai colori distintivi della squadra e dal leggendario stemma Arch Cup, questa t-shirt sussurra una storia di ogni cruciale incontro in trasferta, dai ruggiti di Wembley alle conquiste continentali.<\/li>\n<li data-sourcepos=\"8:1-8:174\"><strong>Eleganza minimalista:<\/strong> Privo di branding eccessivo, il design permette all&#8217;identit\u00e0 del Chelsea di risplendere, rendendola un&#8217;aggiunta senza tempo al guardaroba di ogni tifoso dei Blues.<\/li>\n<li data-sourcepos=\"9:1-9:156\"><strong>Qualit\u00e0 artigianale per il comfort:<\/strong> Il tessuto morbido e traspirante garantisce comfort per tutto il giorno, sia che tu stia tifando per i ragazzi al Bridge o conquistando le tue battaglie personali.<\/li>\n<\/ul>\n<p data-sourcepos=\"11:1-11:44\"><strong>Pi\u00f9 che semplice tessuto, \u00e8 una dichiarazione:<\/strong><\/p>\n<ul data-sourcepos=\"13:1-16:0\">\n<li data-sourcepos=\"13:1-13:137\"><strong>Mostra i tuoi veri colori:<\/strong> Questa t-shirt non \u00e8 solo per il giorno della partita, \u00e8 una dichiarazione della tua incrollabile fedelt\u00e0 al Chelsea, ovunque tu vada.<\/li>\n<li data-sourcepos=\"14:1-14:129\"><strong>Unisciti all&#8217;esercito delle trasferte:<\/strong> Entra a far parte del sostegno appassionato che viaggia per il mondo, supportando i Blues nel bene e nel male.<\/li>\n<li data-sourcepos=\"15:1-16:0\"><strong>Un regalo perfetto per i tifosi dei Blues di tutto il mondo:<\/strong> Sorprendi il tifoso del Chelsea nella tua vita con un pezzo di storia del club che pu\u00f2 indossare con orgoglio.<\/li>\n<\/ul>\n<p data-sourcepos=\"17:1-17:36\"><strong>Possiedi un pezzo di storia del Chelsea:<\/strong><\/p>\n<p data-sourcepos=\"19:1-19:308\">La T-shirt Chelsea Arch Cup Away non \u00e8 solo una dichiarazione di moda, \u00e8 una celebrazione della ricca tradizione delle trasferte del club. \u00c8 un&#8217;occasione per camminare sulle orme degli eroi delle trasferte del Chelsea, per sentire il polso dei fedelissimi del Chelsea in viaggio e per portare con s\u00e9 lo spirito dei Blues ovunque ti portino le tue avventure. <\/p>\n<p data-sourcepos=\"21:1-21:35\"><strong>Non limitarti a indossare il Chelsea. Vivilo. Acquista oggi stesso la tua T-shirt Chelsea Arch Cup Away.  <\/strong><\/p>\n","protected":false},"excerpt":{"rendered":"<p>Abbraccia la tradizione delle trasferte dei Blues con la T-shirt Chelsea Arch cup da trasferta, stile calcistico classico Rivivi gli storici trionfi in trasferta del Chelsea con la T-shirt Chelsea Arch Cup Away, un capo intriso di stile iconico e vittorie leggendarie. Questa non \u00e8 solo una maglietta, \u00e8 un portale verso l&#8217;elettrizzante atmosfera di&#8230;<\/p>\n","protected":false},"featured_media":0,"template":"","meta":{"_kad_post_transparent":"","_kad_post_title":"","_kad_post_layout":"","_kad_post_sidebar_id":"","_kad_post_content_style":"","_kad_post_vertical_padding":"","_kad_post_feature":"","_kad_post_feature_position":"","_kad_post_header":false,"_kad_post_footer":false},"product_brand":[],"product_cat":[354],"product_tag":[],"class_list":{"0":"post-43007","1":"product","2":"type-product","3":"status-publish","5":"product_cat-chelsea-fc","7":"first","8":"instock","9":"sale","10":"shipping-taxable","11":"purchasable","12":"product-type-variable","13":"entry","14":"content-bg","15":"loop-entry"},"jetpack_sharing_enabled":true,"_links":{"self":[{"href":"https:\/\/www.legendslocker.co\/it\/wp-json\/wp\/v2\/product\/43007","targetHints":{"allow":["GET"]}}],"collection":[{"href":"https:\/\/www.legendslocker.co\/it\/wp-json\/wp\/v2\/product"}],"about":[{"href":"https:\/\/www.legendslocker.co\/it\/wp-json\/wp\/v2\/types\/product"}],"wp:attachment":[{"href":"https:\/\/www.legendslocker.co\/it\/wp-json\/wp\/v2\/media?parent=43007"}],"wp:term":[{"taxonomy":"product_brand","embeddable":true,"href":"https:\/\/www.legendslocker.co\/it\/wp-json\/wp\/v2\/product_brand?post=43007"},{"taxonomy":"product_cat","embeddable":true,"href":"https:\/\/www.legendslocker.co\/it\/wp-json\/wp\/v2\/product_cat?post=43007"},{"taxonomy":"product_tag","embeddable":true,"href":"https:\/\/www.legendslocker.co\/it\/wp-json\/wp\/v2\/product_tag?post=43007"}],"curies":[{"name":"wp","href":"https:\/\/api.w.org\/{rel}","templated":true}]}}