{"id":39408,"date":"2022-09-07T06:18:04","date_gmt":"2022-09-07T06:18:04","guid":{"rendered":"https:\/\/www.legendslocker.co\/product\/maglietta-da-calcio-manchester-classic-arch-cup-maglia-da-calcio-home\/"},"modified":"2025-11-11T10:52:13","modified_gmt":"2025-11-11T10:52:13","slug":"maglietta-da-calcio-manchester-classic-arch-cup-maglia-da-calcio-home","status":"publish","type":"product","link":"https:\/\/www.legendslocker.co\/it\/product\/maglietta-da-calcio-manchester-classic-arch-cup-maglia-da-calcio-home\/","title":{"rendered":"Maglietta da calcio Manchester classic Arch cup: maglia da calcio home"},"content":{"rendered":"<h2 class=\"\" data-sourcepos=\"1:1-1:71\">Abbraccia l&#8217;eredit\u00e0 di Manchester, possiedi la maglietta da calcio classic Arch cup<\/h2>\n<p data-sourcepos=\"3:1-3:174\"><strong>Incarna lo spirito dell&#8217;et\u00e0 d&#8217;oro di Manchester con questa iconica maglietta da calcio Classic Arch Cup.<\/strong>  Ispirata al ricco patrimonio calcistico della citt\u00e0, questa maglietta \u00e8 pi\u00f9 di un semplice capo d&#8217;abbigliamento; \u00e8 un segno d&#8217;onore, una dichiarazione del tuo incrollabile sostegno al gioco pi\u00f9 bello del mondo.<\/p>\n<p data-sourcepos=\"7:1-7:2\"><strong>Design senza tempo, passione duratura:<\/strong><\/p>\n<ul data-sourcepos=\"9:1-9:62\">\n<li data-sourcepos=\"9:1-9:62\">\n<p data-sourcepos=\"9:3-9:210\"><strong>Il fulcro \u00e8 l&#8217;emblema sorprendente dell&#8217;Arch Cup,<\/strong> orgogliosamente impresso sul petto. Questo leggendario trofeo, un tempo conteso dalle migliori squadre di Manchester, incarna l&#8217;incrollabile dedizione della citt\u00e0 al calcio. <\/p>\n<\/li>\n<li data-sourcepos=\"11:1-11:118\">\n<p data-sourcepos=\"11:3-11:118\"><strong>Realizzata con una miscela di cotone di alta qualit\u00e0,<\/strong> questa maglietta offre il perfetto equilibrio tra comfort e traspirabilit\u00e0, ideale per fare il tifo per la tua squadra dagli spalti o per mostrare la tua passione nella vita di tutti i giorni.<\/p>\n<\/li>\n<li data-sourcepos=\"12:1-13:0\">\n<p data-sourcepos=\"12:3-12:105\"><strong>Il classico girocollo e la vestibilit\u00e0 regular<\/strong> assicurano un look senza tempo e versatile che valorizza qualsiasi tipo di corporatura.<\/p>\n<\/li>\n<\/ul>\n<p data-sourcepos=\"14:1-14:41\"><strong>Pi\u00f9 di una semplice maglietta, \u00e8 una storia:<\/strong><\/p>\n<ul data-sourcepos=\"16:1-18:0\">\n<li data-sourcepos=\"16:1-16:213\"><strong>Possedere questa maglietta \u00e8 come possedere un pezzo dell&#8217;arazzo calcistico di Manchester.<\/strong> Immagina il boato della folla mentre giocatori leggendari come Best, Law e Charlton indossavano colori simili, tessendo magia sul campo.<\/li>\n<li data-sourcepos=\"17:1-18:0\"><strong>\u00c8 un modo per iniziare una conversazione, un&#8217;opportunit\u00e0 per entrare in contatto con altri fan e condividere il tuo amore per il gioco pi\u00f9 bello del mondo.<\/strong> Rivivi momenti iconici, discuti di future glorie e celebra lo spirito incrollabile del calcio di Manchester.<\/li>\n<\/ul>\n<p data-sourcepos=\"19:1-19:32\"><strong>Mostra i tuoi colori con orgoglio:<\/strong><\/p>\n<ul data-sourcepos=\"21:1-22:69\">\n<li data-sourcepos=\"21:1-21:164\"><strong>Che tu sia un tifoso di Manchester da sempre o semplicemente apprezzi il ricco patrimonio calcistico della citt\u00e0,<\/strong> questa maglietta \u00e8 un&#8217;aggiunta imperdibile al tuo guardaroba.<\/li>\n<li data-sourcepos=\"22:1-22:69\"><strong>Indossala al pub, alla partita o semplicemente in giro,<\/strong> e fai sapere a tutti dove risiede la tua lealt\u00e0.<\/li>\n<\/ul>\n<p data-sourcepos=\"24:1-24:161\"><strong>Questa non \u00e8 solo una maglietta; \u00e8 un simbolo di passione, storia e comunit\u00e0.<\/strong> Acquista oggi stesso la tua maglietta da calcio Manchester Classic Arch Cup e diventa parte della leggenda!<\/p>\n","protected":false},"excerpt":{"rendered":"<p>Abbraccia l&#8217;eredit\u00e0 di Manchester, possiedi la maglietta da calcio classic Arch cup Incarna lo spirito dell&#8217;et\u00e0 d&#8217;oro di Manchester con questa iconica maglietta da calcio Classic Arch Cup. Ispirata al ricco patrimonio calcistico della citt\u00e0, questa maglietta \u00e8 pi\u00f9 di un semplice capo d&#8217;abbigliamento; \u00e8 un segno d&#8217;onore, una dichiarazione del tuo incrollabile sostegno al&#8230;<\/p>\n","protected":false},"featured_media":3629,"template":"","meta":{"_kad_post_transparent":"","_kad_post_title":"","_kad_post_layout":"","_kad_post_sidebar_id":"","_kad_post_content_style":"","_kad_post_vertical_padding":"","_kad_post_feature":"","_kad_post_feature_position":"","_kad_post_header":false,"_kad_post_footer":false},"product_brand":[],"product_cat":[386],"product_tag":[],"class_list":{"0":"post-39408","1":"product","2":"type-product","3":"status-publish","4":"has-post-thumbnail","6":"product_cat-manchester-fc","8":"first","9":"instock","10":"sale","11":"shipping-taxable","12":"purchasable","13":"product-type-variable","14":"entry","15":"content-bg","16":"loop-entry"},"jetpack_sharing_enabled":true,"_links":{"self":[{"href":"https:\/\/www.legendslocker.co\/it\/wp-json\/wp\/v2\/product\/39408","targetHints":{"allow":["GET"]}}],"collection":[{"href":"https:\/\/www.legendslocker.co\/it\/wp-json\/wp\/v2\/product"}],"about":[{"href":"https:\/\/www.legendslocker.co\/it\/wp-json\/wp\/v2\/types\/product"}],"wp:featuredmedia":[{"embeddable":true,"href":"https:\/\/www.legendslocker.co\/it\/wp-json\/wp\/v2\/media\/3629"}],"wp:attachment":[{"href":"https:\/\/www.legendslocker.co\/it\/wp-json\/wp\/v2\/media?parent=39408"}],"wp:term":[{"taxonomy":"product_brand","embeddable":true,"href":"https:\/\/www.legendslocker.co\/it\/wp-json\/wp\/v2\/product_brand?post=39408"},{"taxonomy":"product_cat","embeddable":true,"href":"https:\/\/www.legendslocker.co\/it\/wp-json\/wp\/v2\/product_cat?post=39408"},{"taxonomy":"product_tag","embeddable":true,"href":"https:\/\/www.legendslocker.co\/it\/wp-json\/wp\/v2\/product_tag?post=39408"}],"curies":[{"name":"wp","href":"https:\/\/api.w.org\/{rel}","templated":true}]}}