{"id":29926,"date":"2017-12-15T10:26:09","date_gmt":"2017-12-15T10:26:09","guid":{"rendered":"https:\/\/www.legendslocker.co\/termini-e-condizioni\/"},"modified":"2017-12-15T10:26:09","modified_gmt":"2017-12-15T10:26:09","slug":"termini-e-condizioni","status":"publish","type":"page","link":"https:\/\/www.legendslocker.co\/it\/termini-e-condizioni\/","title":{"rendered":"Termini e condizioni"},"content":{"rendered":"\n<h2 class=\"wp-block-heading\">Termini e condizioni<\/h2>\n\n\n\n<p>Benvenuto su kickoffgear.co!<\/p>\n\n\n\n<p>I presenti termini e condizioni delineano le regole e i regolamenti per l&#8217;uso del sito web kickoffgear.co, situato all&#8217;indirizzo kickoffgear.co<\/p>\n\n\n\n<p>Accedendo a questo sito web, presumiamo che tu accetti questi termini e condizioni. Non continuare a utilizzare kickoffgear.co se non accetti tutti i termini e le condizioni indicati in questa pagina. <\/p>\n\n\n\n<p>La seguente terminologia si applica ai presenti Termini e condizioni, all&#8217;Informativa sulla privacy e all&#8217;Avviso di esclusione di responsabilit\u00e0 e a tutti gli Accordi: &#8220;Cliente&#8221;, &#8220;Tu&#8221; e &#8220;Tuo&#8221; si riferiscono a te, la persona che accede a questo sito web e che rispetta i termini e le condizioni della Societ\u00e0. &#8220;La Societ\u00e0&#8221;, &#8220;Noi stessi&#8221;, &#8220;Noi&#8221;, &#8220;Nostro&#8221; e &#8220;Ci&#8221; si riferiscono alla nostra Societ\u00e0. &#8220;Parte&#8221;, &#8220;Parti&#8221; o &#8220;Noi&#8221; si riferiscono sia al Cliente che a noi stessi. Tutti i termini si riferiscono all&#8217;offerta, all&#8217;accettazione e alla considerazione del pagamento necessario per intraprendere il processo della nostra assistenza al Cliente nel modo pi\u00f9 appropriato allo scopo espresso di soddisfare le esigenze del Cliente in relazione alla fornitura dei servizi dichiarati dalla Societ\u00e0, in conformit\u00e0 e subordinatamente alla legge vigente dei Paesi Bassi. Qualsiasi uso della terminologia di cui sopra o di altre parole al singolare, al plurale, con la maiuscola e\/o lui\/lei o loro, sono da intendersi come intercambiabili e quindi come riferiti alla stessa cosa.    <\/p>\n\n\n\n<h3 class=\"wp-block-heading\"><strong>Cookie<\/strong><\/h3>\n\n\n\n<p>Utilizziamo i cookie. Accedendo a kickoffgear.co, hai accettato di utilizzare i cookie in conformit\u00e0 con l&#8217;Informativa sulla privacy di kickoffgear.co. <\/p>\n\n\n\n<p>La maggior parte dei siti web interattivi utilizza i cookie per consentirci di recuperare i dettagli dell&#8217;utente per ogni visita. I cookie sono utilizzati dal nostro sito web per abilitare la funzionalit\u00e0 di alcune aree per rendere pi\u00f9 facile la navigazione per le persone che visitano il nostro sito web. Alcuni dei nostri partner affiliati\/pubblicitari possono anche utilizzare i cookie.  <\/p>\n\n\n\n<h3 class=\"wp-block-heading\"><strong>Licenza<\/strong><\/h3>\n\n\n\n<p>Salvo diversa indicazione, kickoffgear.co e\/o i suoi licenziatari detengono i diritti di propriet\u00e0 intellettuale per tutto il materiale presente su kickoffgear.co. Tutti i diritti di propriet\u00e0 intellettuale sono riservati. Puoi accedere a questo da kickoffgear.co per il tuo uso personale soggetto alle restrizioni stabilite in questi termini e condizioni.  <\/p>\n\n\n\n<p>Non devi:<\/p>\n\n\n\n<ul class=\"wp-block-list\"><li>Ripubblicare materiale da kickoffgear.co<\/li><li>Vendere, affittare o concedere in sublicenza materiale da kickoffgear.co<\/li><li>Riprodurre, duplicare o copiare materiale da kickoffgear.co<\/li><li>Ridistribuire contenuti da kickoffgear.co<\/li><\/ul>\n\n\n\n<p>Il presente Accordo avr\u00e0 inizio alla data odierna. I nostri Termini e condizioni sono stati creati con l&#8217;aiuto del &nbsp;<a href=\"https:\/\/www.termsfeed.com\/terms-conditions-generator\/\">Generatore di termini e condizioni<\/a>.<\/p>\n\n\n\n<p>Parti di questo sito web offrono agli utenti l&#8217;opportunit\u00e0 di pubblicare e scambiare opinioni e informazioni in determinate aree del sito web. kickoffgear.co non filtra, modifica, pubblica o rivede i Commenti prima della loro presenza sul sito web. I commenti non riflettono le opinioni e i pareri di kickoffgear.co, dei suoi agenti e\/o affiliati. I commenti riflettono le opinioni e i pareri della persona che pubblica le proprie opinioni e i propri pareri. Nella misura consentita dalle leggi applicabili, kickoffgear.co non sar\u00e0 responsabile per i Commenti o per qualsiasi responsabilit\u00e0, danno o spesa causata e\/o subita a seguito di qualsiasi utilizzo e\/o pubblicazione e\/o apparizione dei Commenti su questo sito web.    <\/p>\n\n\n\n<p>kickoffgear.co si riserva il diritto di monitorare tutti i Commenti e di rimuovere qualsiasi Commento che possa essere considerato inappropriato, offensivo o che causi violazione dei presenti Termini e condizioni.<\/p>\n\n\n\n<p>Tu garantisci e dichiari che:<\/p>\n\n\n\n<ul class=\"wp-block-list\"><li>Hai il diritto di pubblicare i Commenti sul nostro sito web e di avere tutte le licenze e i consensi necessari per farlo;<\/li><li>I Commenti non violano alcun diritto di propriet\u00e0 intellettuale, inclusi, a titolo esemplificativo, copyright, brevetti o marchi di terzi;<\/li><li>I Commenti non contengono materiale diffamatorio, calunnioso, offensivo, indecente o altrimenti illegale che costituisca una violazione della privacy<\/li><li>I Commenti non saranno utilizzati per sollecitare o promuovere affari o consuetudini o presentare attivit\u00e0 commerciali o attivit\u00e0 illegali.<\/li><\/ul>\n\n\n\n<p>Con la presente concedi a kickoffgear.co una licenza non esclusiva per utilizzare, riprodurre, modificare e autorizzare altri a utilizzare, riprodurre e modificare qualsiasi tuo Commento in qualsiasi forma, formato o mezzo.<\/p>\n\n\n\n<h3 class=\"wp-block-heading\"><strong>Collegamento ipertestuale ai nostri contenuti<\/strong><\/h3>\n\n\n\n<p>Le seguenti organizzazioni possono collegarsi al nostro sito web senza previa approvazione scritta:<\/p>\n\n\n\n<ul class=\"wp-block-list\"><li>Agenzie governative;<\/li><li>Motori di ricerca;<\/li><li>Organizzazioni di notizie;<\/li><li>I distributori di directory online possono collegarsi al nostro sito web nello stesso modo in cui si collegano ai siti web di altre attivit\u00e0 commerciali elencate; e<\/li><li>Attivit\u00e0 commerciali accreditate a livello di sistema, ad eccezione delle organizzazioni non profit che sollecitano, dei centri commerciali di beneficenza e dei gruppi di raccolta fondi di beneficenza che non possono collegarsi al nostro sito web.<\/li><\/ul>\n\n\n\n<p>Queste organizzazioni possono collegarsi alla nostra home page, a pubblicazioni o ad altre informazioni del sito web a condizione che il collegamento: (a) non sia in alcun modo ingannevole; (b) non implichi falsamente sponsorizzazione, approvazione o avallo della parte che si collega e dei suoi prodotti e\/o servizi; e (c) si adatti al contesto del sito della parte che si collega.   <\/p>\n\n\n\n<p>Possiamo prendere in considerazione e approvare altre richieste di collegamento dai seguenti tipi di organizzazioni:<\/p>\n\n\n\n<ul class=\"wp-block-list\"><li>fonti di informazioni sui consumatori e\/o sulle imprese comunemente note;<\/li><li>siti della comunit\u00e0 dot.com;<\/li><li>associazioni o altri gruppi che rappresentano enti di beneficenza;<\/li><li>distributori di directory online;<\/li><li>portali internet;<\/li><li>studi di contabilit\u00e0, legali e di consulenza; e<\/li><li>istituzioni educative e associazioni di categoria.<\/li><\/ul>\n\n\n\n<p>Approveremo le richieste di collegamento da queste organizzazioni se decidiamo che: (a) il collegamento non ci farebbe apparire sfavorevolmente a noi stessi o alle nostre attivit\u00e0 commerciali accreditate; (b) l&#8217;organizzazione non ha alcuna registrazione negativa presso di noi; (c) il beneficio per noi derivante dalla visibilit\u00e0 del collegamento ipertestuale compensa l&#8217;assenza di kickoffgear.co; e (d) il collegamento \u00e8 nel contesto di informazioni generali sulle risorse.    <\/p>\n\n\n\n<p>Queste organizzazioni possono collegarsi alla nostra home page a condizione che il collegamento: (a) non sia in alcun modo ingannevole; (b) non implichi falsamente sponsorizzazione, approvazione o avallo della parte che si collega e dei suoi prodotti o servizi; e (c) si adatti al contesto del sito della parte che si collega.   <\/p>\n\n\n\n<p>Se sei una delle organizzazioni elencate nel paragrafo 2 di cui sopra e sei interessato a collegarti al nostro sito web, devi informarci inviando un&#8217;e-mail a kickoffgear.co. Includi il tuo nome, il nome della tua organizzazione, le informazioni di contatto, nonch\u00e9 l&#8217;URL del tuo sito, un elenco di tutti gli URL da cui intendi collegarti al nostro sito web e un elenco degli URL sul nostro sito a cui desideri collegarti. Attendi 2-3 settimane per una risposta.  <\/p>\n\n\n\n<p>Le organizzazioni approvate possono collegarsi al nostro sito web come segue:<\/p>\n\n\n\n<ul class=\"wp-block-list\"><li>Utilizzando il nostro nome aziendale; o<\/li><li>Utilizzando l&#8217;URL (Uniform Resource Locator) a cui si collega; o<\/li><li>Utilizzando qualsiasi altra descrizione del nostro sito web a cui si collega che abbia senso all&#8217;interno del contesto e del formato del contenuto sul sito della parte che si collega.<\/li><\/ul>\n\n\n\n<p>Non sar\u00e0 consentito l&#8217;uso del logo di kickoffgear.co o di altre opere d&#8217;arte per il collegamento in assenza di un accordo di licenza del marchio.<\/p>\n\n\n\n<h3 class=\"wp-block-heading\"><strong>iFrame<\/strong><\/h3>\n\n\n\n<p>Senza previa approvazione e autorizzazione scritta, non \u00e8 possibile creare frame attorno alle nostre pagine web che alterino in alcun modo la presentazione visiva o l&#8217;aspetto del nostro sito web.<\/p>\n\n\n\n<h3 class=\"wp-block-heading\"><strong>Responsabilit\u00e0 del contenuto<\/strong><\/h3>\n\n\n\n<p>Non saremo ritenuti responsabili per qualsiasi contenuto che appaia sul tuo sito web. Accetti di proteggerci e difenderci da tutte le rivendicazioni che si sollevano sul tuo sito web. Nessun link dovrebbe apparire su qualsiasi sito web che possa essere interpretato come diffamatorio, osceno o criminale, o che violi, altrimenti violi o sostenga la violazione o altra violazione di diritti di terzi.  <\/p>\n\n\n\n<h3 class=\"wp-block-heading\"><strong>La tua privacy<\/strong><\/h3>\n\n\n\n<p>Si prega di leggere l&#8217;<a href=\"https:\/\/www.legendslocker.co\/privacy-policy\/\">Informativa sulla privacy<\/a><\/p>\n\n\n\n<h3 class=\"wp-block-heading\"><strong>Riserva di diritti<\/strong><\/h3>\n\n\n\n<p>Ci riserviamo il diritto di richiedere la rimozione di tutti i link o di qualsiasi link particolare al nostro sito web. Approvi di rimuovere immediatamente tutti i link al nostro sito web su richiesta. Ci riserviamo inoltre il diritto di modificare questi termini e condizioni e la sua politica di collegamento in qualsiasi momento. Collegandoti continuamente al nostro sito web, accetti di essere vincolato e di seguire questi termini e condizioni di collegamento.   <\/p>\n\n\n\n<h3 class=\"wp-block-heading\"><strong>Rimozione di link dal nostro sito web<\/strong><\/h3>\n\n\n\n<p>Se trovi qualsiasi link sul nostro sito web che sia offensivo per qualsiasi motivo, sei libero di contattarci e informarci in qualsiasi momento. Prenderemo in considerazione le richieste di rimozione dei link, ma non siamo obbligati a farlo o a risponderti direttamente. <\/p>\n\n\n\n<p>Non garantiamo che le informazioni su questo sito web siano corrette, non ne garantiamo la completezza o l&#8217;accuratezza; n\u00e9 promettiamo di garantire che il sito web rimanga disponibile o che il materiale sul sito web sia tenuto aggiornato.<\/p>\n\n\n\n<h3 class=\"wp-block-heading\"><strong>Esclusione di responsabilit\u00e0<\/strong><\/h3>\n\n\n\n<p>Nella misura massima consentita dalla legge applicabile, escludiamo tutte le dichiarazioni, garanzie e condizioni relative al nostro sito web e all&#8217;uso di questo sito web. Nulla in questa esclusione di responsabilit\u00e0: <\/p>\n\n\n\n<ul class=\"wp-block-list\"><li>limita o esclude la nostra o la tua responsabilit\u00e0 per morte o lesioni personali;<\/li><li>limita o esclude la nostra o la tua responsabilit\u00e0 per frode o dichiarazione fraudolenta;<\/li><li>limita qualsiasi nostra o tua responsabilit\u00e0 in qualsiasi modo che non sia consentito dalla legge applicabile; o<\/li><li>esclude qualsiasi nostra o tua responsabilit\u00e0 che non possa essere esclusa dalla legge applicabile.<\/li><\/ul>\n\n\n\n<p>Le limitazioni e le proibizioni di responsabilit\u00e0 stabilite in questa Sezione e altrove in questa esclusione di responsabilit\u00e0: (a) sono soggette al paragrafo precedente; e (b) regolano tutte le responsabilit\u00e0 derivanti dall&#8217;esclusione di responsabilit\u00e0, comprese le responsabilit\u00e0 derivanti dal contratto, dal torto e dalla violazione del dovere legale.  <\/p>\n\n\n\n<p>Fintanto che il sito web e le informazioni e i servizi sul sito web sono forniti gratuitamente, non saremo responsabili per qualsiasi perdita o danno di qualsiasi natura.<\/p>\n","protected":false},"excerpt":{"rendered":"<p>Termini e condizioni Benvenuto su kickoffgear.co! I presenti termini e condizioni delineano le regole e i regolamenti per l&#8217;uso del sito web kickoffgear.co, situato all&#8217;indirizzo kickoffgear.co Accedendo a questo sito web, presumiamo che tu accetti questi termini e condizioni. Non continuare a utilizzare kickoffgear.co se non accetti tutti i termini e le condizioni indicati in&#8230;<\/p>\n","protected":false},"author":1,"featured_media":0,"parent":0,"menu_order":0,"comment_status":"closed","ping_status":"closed","template":"","meta":{"_kad_post_transparent":"","_kad_post_title":"","_kad_post_layout":"","_kad_post_sidebar_id":"","_kad_post_content_style":"","_kad_post_vertical_padding":"","_kad_post_feature":"","_kad_post_feature_position":"","_kad_post_header":false,"_kad_post_footer":false,"footnotes":""},"class_list":["post-29926","page","type-page","status-publish","hentry"],"jetpack_sharing_enabled":true,"_links":{"self":[{"href":"https:\/\/www.legendslocker.co\/it\/wp-json\/wp\/v2\/pages\/29926","targetHints":{"allow":["GET"]}}],"collection":[{"href":"https:\/\/www.legendslocker.co\/it\/wp-json\/wp\/v2\/pages"}],"about":[{"href":"https:\/\/www.legendslocker.co\/it\/wp-json\/wp\/v2\/types\/page"}],"author":[{"embeddable":true,"href":"https:\/\/www.legendslocker.co\/it\/wp-json\/wp\/v2\/users\/1"}],"replies":[{"embeddable":true,"href":"https:\/\/www.legendslocker.co\/it\/wp-json\/wp\/v2\/comments?post=29926"}],"version-history":[{"count":0,"href":"https:\/\/www.legendslocker.co\/it\/wp-json\/wp\/v2\/pages\/29926\/revisions"}],"wp:attachment":[{"href":"https:\/\/www.legendslocker.co\/it\/wp-json\/wp\/v2\/media?parent=29926"}],"curies":[{"name":"wp","href":"https:\/\/api.w.org\/{rel}","templated":true}]}}