{"id":29922,"date":"2022-09-10T09:14:43","date_gmt":"2022-09-10T09:14:43","guid":{"rendered":"https:\/\/www.legendslocker.co\/politica-di-pagamento\/"},"modified":"2022-09-10T09:14:43","modified_gmt":"2022-09-10T09:14:43","slug":"politica-di-pagamento","status":"publish","type":"page","link":"https:\/\/www.legendslocker.co\/it\/politica-di-pagamento\/","title":{"rendered":"Politica di pagamento"},"content":{"rendered":"\n<h2 class=\"wp-block-heading\">Politica di pagamento<\/h2>\n\n\n\n<p><\/p>\n\n\n\n<h4 class=\"wp-block-heading\">Termini di pagamento<\/h4>\n\n\n\n<p>Tutti i pagamenti sono dovuti al completamento dell&#8217;ordine. Se un pagamento non viene ricevuto o il metodo di pagamento viene rifiutato, l&#8217;ordine non verr\u00e0 effettuato per i prodotti e nessun articolo verr\u00e0 spedito. L&#8217;acquirente perde la propriet\u00e0 di qualsiasi articolo a causa del mancato pagamento.<\/p>\n\n\n\n<figure class=\"wp-block-image\"><img decoding=\"async\" src=\"http:\/\/reputely.co.uk\/wp-content\/uploads\/2022\/03\/payment-icons-new-1.png\" alt=\"\"><\/figure>\n\n\n\n<p>Accettiamo le principali carte di credito, tra cui Visa, Mastercard, Discover, American Express, Diner\u2019s Network, JCP e Union Pay.<\/p>\n\n\n\n<p>Per tua comodit\u00e0, offriamo l&#8217;opzione di pagamento in GBP \u00a3 sul sito web.<br>Se la valuta selezionata \u00e8 diversa dalla tua carta di credito\/debito, potrebbero essere addebitate commissioni di cambio aggiuntive dall&#8217;emittente della tua carta o dalla tua banca. Tutte queste spese saranno a tuo carico.<\/p>\n\n\n\n<p>Per i clienti che scelgono di pagare con Visa o MasterCard, assicurati che il CVC\/CCV corretto sia fornito durante il checkout.<\/p>\n\n\n\n<p>Per i nuovi clienti che scelgono di pagare con Visa o MasterCard e desiderano che i loro ordini vengano spediti a un indirizzo non confermato, potremmo richiedere una prova di indirizzo\/identit\u00e0 prima di poter elaborare il tuo ordine.<\/p>\n\n\n\n<p>Al fine di proteggerci da qualsiasi crimine informatico, di tanto in tanto potremmo chiederti di confermare o richiedere determinate prove quando,<\/p>\n\n\n\n<p>\u2013 L&#8217;indirizzo di consegna \u00e8 diverso dal tuo indirizzo di fatturazione<br>\u2013 Viene fatta una richiesta per cambiare l&#8217;indirizzo dopo aver effettuato un ordine<br>\u2013 Ordine di alto valore e\/o volume<br>\u2013 Altri problemi che possono destare sospetti<\/p>\n\n\n\n<h3 class=\"wp-block-heading\">Aiuto<\/h3>\n\n\n\n<p>Sentiti libero di contattare la nostra assistenza. Inviaci un&#8217;e-mail: support@kickoffgear.co<\/p>\n","protected":false},"excerpt":{"rendered":"<p>Politica di pagamento Termini di pagamento Tutti i pagamenti sono dovuti al completamento dell&#8217;ordine. Se un pagamento non viene ricevuto o il metodo di pagamento viene rifiutato, l&#8217;ordine non verr\u00e0 effettuato per i prodotti e nessun articolo verr\u00e0 spedito. L&#8217;acquirente perde la propriet\u00e0 di qualsiasi articolo a causa del mancato pagamento. Accettiamo le principali carte&#8230;<\/p>\n","protected":false},"author":1,"featured_media":0,"parent":0,"menu_order":0,"comment_status":"closed","ping_status":"closed","template":"","meta":{"_kad_post_transparent":"","_kad_post_title":"","_kad_post_layout":"","_kad_post_sidebar_id":"","_kad_post_content_style":"","_kad_post_vertical_padding":"","_kad_post_feature":"","_kad_post_feature_position":"","_kad_post_header":false,"_kad_post_footer":false,"footnotes":""},"class_list":["post-29922","page","type-page","status-publish","hentry"],"jetpack_sharing_enabled":true,"_links":{"self":[{"href":"https:\/\/www.legendslocker.co\/it\/wp-json\/wp\/v2\/pages\/29922","targetHints":{"allow":["GET"]}}],"collection":[{"href":"https:\/\/www.legendslocker.co\/it\/wp-json\/wp\/v2\/pages"}],"about":[{"href":"https:\/\/www.legendslocker.co\/it\/wp-json\/wp\/v2\/types\/page"}],"author":[{"embeddable":true,"href":"https:\/\/www.legendslocker.co\/it\/wp-json\/wp\/v2\/users\/1"}],"replies":[{"embeddable":true,"href":"https:\/\/www.legendslocker.co\/it\/wp-json\/wp\/v2\/comments?post=29922"}],"version-history":[{"count":0,"href":"https:\/\/www.legendslocker.co\/it\/wp-json\/wp\/v2\/pages\/29922\/revisions"}],"wp:attachment":[{"href":"https:\/\/www.legendslocker.co\/it\/wp-json\/wp\/v2\/media?parent=29922"}],"curies":[{"name":"wp","href":"https:\/\/api.w.org\/{rel}","templated":true}]}}