{"id":29920,"date":"2022-09-10T09:14:59","date_gmt":"2022-09-10T09:14:59","guid":{"rendered":"https:\/\/www.legendslocker.co\/politica-di-spedizione\/"},"modified":"2022-09-10T09:14:59","modified_gmt":"2022-09-10T09:14:59","slug":"politica-di-spedizione","status":"publish","type":"page","link":"https:\/\/www.legendslocker.co\/it\/politica-di-spedizione\/","title":{"rendered":"Politica di spedizione"},"content":{"rendered":"\n<h2 class=\"wp-block-heading\">Politica di spedizione<\/h2>\n\n\n\n<p><\/p>\n\n\n\n<p>Tutti i prodotti sul nostro sito web sono idonei per la spedizione gratuita nel Regno Unito. I tempi di consegna sono tra 7 e 10 giorni lavorativi.<\/p>\n\n\n\n<p>Tutti gli ordini vengono elaborati entro 7 giorni lavorativi (ad eccezione degli ordini effettuati nei fine settimana o nei giorni festivi). Una volta spedito l&#8217;ordine, riceverai un&#8217;e-mail con le informazioni di tracciamento e la data di consegna stimata.<\/p>\n\n\n\n<p>L&#8217;orario limite per gli ordini \u00e8 le 15:00. GMT<\/p>\n\n\n\n<h3 class=\"wp-block-heading\"><strong>METODO DI SPEDIZIONE :<\/strong><\/h3>\n\n\n\n<p><strong>Spedizione standard<\/strong>: spedizione gratuita<\/p>\n\n\n\n<p>Gli ordini vengono solitamente spediti entro 5-7 giorni lavorativi. (Dal luned\u00ec al venerd\u00ec) tramite Royal Mail per il Regno Unito. Il tempo di transito per la consegna \u00e8 di 4-6 giorni lavorativi.<\/p>\n\n\n\n<p><strong>Modifiche all&#8217;ordine :<\/strong><\/p>\n\n\n\n<p>Tutti gli ordini vengono elaborati entro 1-2 giorni lavorativi. Una volta elaborato l&#8217;ordine, non pu\u00f2 essere modificato o annullato.<\/p>\n\n\n\n<p><strong>NOTA:<\/strong> Si prega di verificare le istruzioni speciali a livello di prodotto relative ai tempi di consegna. I tempi di consegna a livello di prodotto possono variare a causa della domanda e delle vendite di fine anno.<\/p>\n\n\n\n<p><strong>P.S.:<\/strong> Gli ordini con stampa personalizzata sono soggetti a un ritardo aggiuntivo di 2-3 giorni.<\/p>\n\n\n\n<p><strong>Articolo non ricevuto :<\/strong><\/p>\n\n\n\n<p>Se hai effettuato un ordine con successo e non l&#8217;hai ancora ricevuto, mentre lo stato di tracciamento indica che \u00e8 stato consegnato. Contatta il nostro supporto all&#8217;indirizzo support@kickoffgear.co e ti aiuteremo a trovarlo.<\/p>\n\n\n\n<h3 class=\"wp-block-heading\">Aiuto<\/h3>\n\n\n\n<p>Non esitare a contattare il nostro supporto compilando il modulo sulla pagina <a href=\"https:\/\/www.legendslocker.co\/contact\/\" data-type=\"URL\" data-id=\"https:\/\/www.legendslocker.co\/contact\/\">contattaci<\/a>.<\/p>\n","protected":false},"excerpt":{"rendered":"<p>Politica di spedizione Tutti i prodotti sul nostro sito web sono idonei per la spedizione gratuita nel Regno Unito. I tempi di consegna sono tra 7 e 10 giorni lavorativi. Tutti gli ordini vengono elaborati entro 7 giorni lavorativi (ad eccezione degli ordini effettuati nei fine settimana o nei giorni festivi). Una volta spedito l&#8217;ordine,&#8230;<\/p>\n","protected":false},"author":1,"featured_media":0,"parent":0,"menu_order":0,"comment_status":"closed","ping_status":"closed","template":"","meta":{"_kad_post_transparent":"","_kad_post_title":"","_kad_post_layout":"","_kad_post_sidebar_id":"","_kad_post_content_style":"","_kad_post_vertical_padding":"","_kad_post_feature":"","_kad_post_feature_position":"","_kad_post_header":false,"_kad_post_footer":false,"footnotes":""},"class_list":["post-29920","page","type-page","status-publish","hentry"],"jetpack_sharing_enabled":true,"_links":{"self":[{"href":"https:\/\/www.legendslocker.co\/it\/wp-json\/wp\/v2\/pages\/29920","targetHints":{"allow":["GET"]}}],"collection":[{"href":"https:\/\/www.legendslocker.co\/it\/wp-json\/wp\/v2\/pages"}],"about":[{"href":"https:\/\/www.legendslocker.co\/it\/wp-json\/wp\/v2\/types\/page"}],"author":[{"embeddable":true,"href":"https:\/\/www.legendslocker.co\/it\/wp-json\/wp\/v2\/users\/1"}],"replies":[{"embeddable":true,"href":"https:\/\/www.legendslocker.co\/it\/wp-json\/wp\/v2\/comments?post=29920"}],"version-history":[{"count":0,"href":"https:\/\/www.legendslocker.co\/it\/wp-json\/wp\/v2\/pages\/29920\/revisions"}],"wp:attachment":[{"href":"https:\/\/www.legendslocker.co\/it\/wp-json\/wp\/v2\/media?parent=29920"}],"curies":[{"name":"wp","href":"https:\/\/api.w.org\/{rel}","templated":true}]}}