{"id":43119,"date":"2022-09-07T05:48:06","date_gmt":"2022-09-07T05:48:06","guid":{"rendered":"https:\/\/www.legendslocker.co\/product\/maillot-exterieur-liverpool-arch-cup-maillot-de-football-classique\/"},"modified":"2025-11-11T12:28:16","modified_gmt":"2025-11-11T12:28:16","slug":"maillot-exterieur-liverpool-arch-cup-maillot-de-football-classique","status":"publish","type":"product","link":"https:\/\/www.legendslocker.co\/fr\/product\/maillot-exterieur-liverpool-arch-cup-maillot-de-football-classique\/","title":{"rendered":"Maillot ext\u00e9rieur Liverpool Arch Cup : maillot de football classique"},"content":{"rendered":"<h2 class=\"\" data-sourcepos=\"1:1-1:70\">Lib\u00e8re ta l\u00e9gende YNWA int\u00e9rieure, poss\u00e8de le maillot ext\u00e9rieur Liverpool Arch Cup<\/h2>\n<p data-sourcepos=\"3:1-3:61\"><strong>Incarne le pass\u00e9 glorieux des Reds et poss\u00e8de un morceau d&rsquo;histoire du football avec le maillot ext\u00e9rieur Liverpool Arch Cup.<\/strong> Ce maillot de football classique r\u00e9invente l&#8217;embl\u00e9matique tenue Arch Cup de 1966, port\u00e9e par des l\u00e9gendes comme Roger Hunt et Tommy Smith lors de leurs victoires sur le sol europ\u00e9en.<\/p>\n<p data-sourcepos=\"5:1-5:8\"><strong>Voici pourquoi ce maillot m\u00e9rite une place dans ta collection LFC :<\/strong><\/p>\n<ul data-sourcepos=\"9:1-11:88\">\n<li data-sourcepos=\"9:1-9:216\"><strong>Design intemporel :<\/strong> Adopte l&rsquo;h\u00e9ritage de Liverpool FC avec le <strong>coloris rouge audacieux et le col en V blanc contrastant<\/strong>. L&#8217;embl\u00e9matique badge Liverbird tr\u00f4ne fi\u00e8rement sur la poitrine, symbole de l&rsquo;esprit in\u00e9branlable du club. <\/li>\n<li data-sourcepos=\"10:1-10:165\"><strong>Confort premium :<\/strong> Fabriqu\u00e9 en <strong>coton doux et respirant<\/strong>, ce maillot est parfait pour encourager les Reds \u00e0 Anfield ou afficher ta fiert\u00e9 LFC dans la rue.<\/li>\n<li data-sourcepos=\"11:1-11:88\"><strong>D\u00e9tails authentiques :<\/strong> Ressens le poids de l&rsquo;histoire avec l&rsquo;<strong>embl\u00e8me Arch Cup \u00ab\u00a066\u00a0\u00bb brod\u00e9<\/strong> sur la manche, comm\u00e9morant le triomphe l\u00e9gendaire de Liverpool.<\/li>\n<li data-sourcepos=\"12:1-13:0\"><strong>Un indispensable qui se d\u00e9marque :<\/strong> Ce maillot polyvalent se marie parfaitement avec un jean, un short, ou m\u00eame sous un blazer pour un look d\u00e9contract\u00e9-chic.<\/li>\n<\/ul>\n<p data-sourcepos=\"14:1-14:146\"><strong>Plus qu&rsquo;un simple maillot, c&rsquo;est un symbole de ton soutien ind\u00e9fectible \u00e0 Liverpool FC.<\/strong> Porte-le fi\u00e8rement et montre au monde que tu as le sang Rouge.<\/p>\n","protected":false},"excerpt":{"rendered":"<p>Lib\u00e8re ta l\u00e9gende YNWA int\u00e9rieure, poss\u00e8de le maillot ext\u00e9rieur Liverpool Arch Cup Incarne le pass\u00e9 glorieux des Reds et poss\u00e8de un morceau d&rsquo;histoire du football avec le maillot ext\u00e9rieur Liverpool Arch Cup. Ce maillot de football classique r\u00e9invente l&#8217;embl\u00e9matique tenue Arch Cup de 1966, port\u00e9e par des l\u00e9gendes comme Roger Hunt et Tommy Smith lors&#8230;<\/p>\n","protected":false},"featured_media":3589,"template":"","meta":{"_kad_post_transparent":"","_kad_post_title":"","_kad_post_layout":"","_kad_post_sidebar_id":"","_kad_post_content_style":"","_kad_post_vertical_padding":"","_kad_post_feature":"","_kad_post_feature_position":"","_kad_post_header":false,"_kad_post_footer":false},"product_brand":[],"product_cat":[388],"product_tag":[],"class_list":{"0":"post-43119","1":"product","2":"type-product","3":"status-publish","4":"has-post-thumbnail","6":"product_cat-liverpool-fc","8":"first","9":"instock","10":"sale","11":"shipping-taxable","12":"purchasable","13":"product-type-variable","14":"entry","15":"content-bg","16":"loop-entry"},"jetpack_sharing_enabled":true,"_links":{"self":[{"href":"https:\/\/www.legendslocker.co\/fr\/wp-json\/wp\/v2\/product\/43119","targetHints":{"allow":["GET"]}}],"collection":[{"href":"https:\/\/www.legendslocker.co\/fr\/wp-json\/wp\/v2\/product"}],"about":[{"href":"https:\/\/www.legendslocker.co\/fr\/wp-json\/wp\/v2\/types\/product"}],"wp:featuredmedia":[{"embeddable":true,"href":"https:\/\/www.legendslocker.co\/fr\/wp-json\/wp\/v2\/media\/3589"}],"wp:attachment":[{"href":"https:\/\/www.legendslocker.co\/fr\/wp-json\/wp\/v2\/media?parent=43119"}],"wp:term":[{"taxonomy":"product_brand","embeddable":true,"href":"https:\/\/www.legendslocker.co\/fr\/wp-json\/wp\/v2\/product_brand?post=43119"},{"taxonomy":"product_cat","embeddable":true,"href":"https:\/\/www.legendslocker.co\/fr\/wp-json\/wp\/v2\/product_cat?post=43119"},{"taxonomy":"product_tag","embeddable":true,"href":"https:\/\/www.legendslocker.co\/fr\/wp-json\/wp\/v2\/product_tag?post=43119"}],"curies":[{"name":"wp","href":"https:\/\/api.w.org\/{rel}","templated":true}]}}