{"id":43087,"date":"2022-09-07T05:50:08","date_gmt":"2022-09-07T05:50:08","guid":{"rendered":"https:\/\/www.legendslocker.co\/product\/t-shirt-de-football-liverpool-classique-arch-cup-domicile\/"},"modified":"2025-11-11T12:28:10","modified_gmt":"2025-11-11T12:28:10","slug":"t-shirt-de-football-liverpool-classique-arch-cup-domicile","status":"publish","type":"product","link":"https:\/\/www.legendslocker.co\/fr\/product\/t-shirt-de-football-liverpool-classique-arch-cup-domicile\/","title":{"rendered":"T-shirt de football Liverpool classique Arch cup domicile"},"content":{"rendered":"<h2 class=\"\" data-sourcepos=\"1:1-1:93\">Revivez les jours de gloire, poss\u00e9dez un morceau de l&rsquo;histoire de Liverpool avec le T-shirt classique Arch cup domicile<\/h2>\n<p data-sourcepos=\"3:1-3:172\"><strong>Canalisez la passion d&rsquo;Anfield avec ce T-shirt intemporel Liverpool Classic Arch Cup domicile.<\/strong> Plus qu&rsquo;un simple maillot, c&rsquo;est un portail vers une \u00e8re de triomphes l\u00e9gendaires, un hommage aux joueurs qui ont grav\u00e9 leurs noms dans la l\u00e9gende des Reds.<\/p>\n<p data-sourcepos=\"5:1-5:23\"><strong>Embrassez l&rsquo;h\u00e9ritage :<\/strong><\/p>\n<ul data-sourcepos=\"7:1-8:28\">\n<li data-sourcepos=\"7:1-7:126\"><strong>Design Classic Arch Cup :<\/strong> Portez l&#8217;embl\u00e8me des triomphes historiques de Liverpool, un symbole de r\u00e9silience et d&rsquo;esprit in\u00e9branlable.<\/li>\n<li data-sourcepos=\"8:1-8:28\"><strong>Couleurs authentiques de l&rsquo;\u00e9quipe :<\/strong> Plongez-vous dans le rouge et blanc vibrant qui \u00e9lectrise Anfield les jours de match.<\/li>\n<li data-sourcepos=\"9:1-9:17\"><strong>Coton doux de qualit\u00e9 sup\u00e9rieure :<\/strong> Le confort et la qualit\u00e9 se m\u00ealent parfaitement, faisant de ce T-shirt un incontournable pour une tenue d\u00e9contract\u00e9e ou un soutien inconditionnel.<\/li>\n<\/ul>\n<p data-sourcepos=\"11:1-11:23\"><strong>Montrez votre d\u00e9votion :<\/strong><\/p>\n<ul data-sourcepos=\"13:1-14:115\">\n<li data-sourcepos=\"13:1-13:106\"><strong>\u00c9cusson Liverpool en gras :<\/strong> Faites savoir \u00e0 tous votre all\u00e9geance avec l&#8217;embl\u00e9matique Liverbird fi\u00e8rement affich\u00e9.<\/li>\n<li data-sourcepos=\"14:1-14:115\"><strong>Impression \u00ab\u00a0This Is Anfield\u00a0\u00bb au col :<\/strong> Sentez les frissons monter en murmurant ces mots sacr\u00e9s.<\/li>\n<li data-sourcepos=\"15:1-16:0\"><strong>Graphisme d&rsquo;inspiration r\u00e9tro :<\/strong> C\u00e9l\u00e9brez l&rsquo;\u00e2ge d&rsquo;or du football de Liverpool avec une touche de nostalgie.<\/li>\n<\/ul>\n<p data-sourcepos=\"17:1-17:43\"><strong>Plus qu&rsquo;un simple T-shirt, c&rsquo;est une d\u00e9claration :<\/strong><\/p>\n<ul data-sourcepos=\"19:1-22:0\">\n<li data-sourcepos=\"19:1-19:123\"><strong>D\u00e9marquez-vous de la foule :<\/strong> Ce design unique vous distingue des tenues de supporters g\u00e9n\u00e9riques, mettant en valeur votre v\u00e9ritable ADN Liverpool.<\/li>\n<li data-sourcepos=\"20:1-20:109\"><strong>Un sujet de conversation :<\/strong> Lancez des discussions passionn\u00e9es avec d&rsquo;autres Reds sur les moments m\u00e9morables d&rsquo;Anfield.<\/li>\n<li data-sourcepos=\"21:1-22:0\"><strong>Le cadeau parfait :<\/strong> Pour les anniversaires, les f\u00eates ou simplement comme \u00e7a, ce T-shirt est un succ\u00e8s garanti pour tout fan inconditionnel de Liverpool.<\/li>\n<\/ul>\n<p data-sourcepos=\"23:1-23:132\"><strong>Embrassez le pass\u00e9, poss\u00e9dez l&rsquo;avenir. Portez le T-shirt Liverpool Classic Arch Cup domicile et laissez l&rsquo;hymne d&rsquo;Anfield r\u00e9sonner dans votre c\u0153ur. <\/strong><\/p>\n","protected":false},"excerpt":{"rendered":"<p>Revivez les jours de gloire, poss\u00e9dez un morceau de l&rsquo;histoire de Liverpool avec le T-shirt classique Arch cup domicile Canalisez la passion d&rsquo;Anfield avec ce T-shirt intemporel Liverpool Classic Arch Cup domicile. Plus qu&rsquo;un simple maillot, c&rsquo;est un portail vers une \u00e8re de triomphes l\u00e9gendaires, un hommage aux joueurs qui ont grav\u00e9 leurs noms dans&#8230;<\/p>\n","protected":false},"featured_media":3597,"template":"","meta":{"_kad_post_transparent":"","_kad_post_title":"","_kad_post_layout":"","_kad_post_sidebar_id":"","_kad_post_content_style":"","_kad_post_vertical_padding":"","_kad_post_feature":"","_kad_post_feature_position":"","_kad_post_header":false,"_kad_post_footer":false},"product_brand":[],"product_cat":[388],"product_tag":[],"class_list":{"0":"post-43087","1":"product","2":"type-product","3":"status-publish","4":"has-post-thumbnail","6":"product_cat-liverpool-fc","8":"first","9":"instock","10":"sale","11":"shipping-taxable","12":"purchasable","13":"product-type-variable","14":"entry","15":"content-bg","16":"loop-entry"},"jetpack_sharing_enabled":true,"_links":{"self":[{"href":"https:\/\/www.legendslocker.co\/fr\/wp-json\/wp\/v2\/product\/43087","targetHints":{"allow":["GET"]}}],"collection":[{"href":"https:\/\/www.legendslocker.co\/fr\/wp-json\/wp\/v2\/product"}],"about":[{"href":"https:\/\/www.legendslocker.co\/fr\/wp-json\/wp\/v2\/types\/product"}],"wp:featuredmedia":[{"embeddable":true,"href":"https:\/\/www.legendslocker.co\/fr\/wp-json\/wp\/v2\/media\/3597"}],"wp:attachment":[{"href":"https:\/\/www.legendslocker.co\/fr\/wp-json\/wp\/v2\/media?parent=43087"}],"wp:term":[{"taxonomy":"product_brand","embeddable":true,"href":"https:\/\/www.legendslocker.co\/fr\/wp-json\/wp\/v2\/product_brand?post=43087"},{"taxonomy":"product_cat","embeddable":true,"href":"https:\/\/www.legendslocker.co\/fr\/wp-json\/wp\/v2\/product_cat?post=43087"},{"taxonomy":"product_tag","embeddable":true,"href":"https:\/\/www.legendslocker.co\/fr\/wp-json\/wp\/v2\/product_tag?post=43087"}],"curies":[{"name":"wp","href":"https:\/\/api.w.org\/{rel}","templated":true}]}}