{"id":43023,"date":"2022-09-07T05:33:17","date_gmt":"2022-09-07T05:33:17","guid":{"rendered":"https:\/\/www.legendslocker.co\/product\/tee-chelsea-arch-cup-exterieur-style-football-classique\/"},"modified":"2025-11-11T12:27:55","modified_gmt":"2025-11-11T12:27:55","slug":"tee-chelsea-arch-cup-exterieur-style-football-classique","status":"publish","type":"product","link":"https:\/\/www.legendslocker.co\/fr\/product\/tee-chelsea-arch-cup-exterieur-style-football-classique\/","title":{"rendered":"Tee Chelsea Arch cup ext\u00e9rieur : style football classique"},"content":{"rendered":"<h2 class=\"\" data-sourcepos=\"1:1-1:99\">Adopte la tradition des matchs \u00e0 l&rsquo;ext\u00e9rieur des Blues avec le Tee Chelsea Arch cup ext\u00e9rieur, style football classique<\/h2>\n<p data-sourcepos=\"3:1-3:167\">Revis les triomphes historiques de Chelsea \u00e0 l&rsquo;ext\u00e9rieur avec le <strong>Tee Chelsea Arch Cup Ext\u00e9rieur<\/strong>, un v\u00eatement impr\u00e9gn\u00e9 de style iconique et de victoires l\u00e9gendaires. Ce n&rsquo;est pas juste un maillot ; c&rsquo;est un portail vers l&rsquo;atmosph\u00e8re \u00e9lectrisante de Stamford Bridge, une toile peinte avec le soutien ind\u00e9fectible des fid\u00e8les de Chelsea. <\/p>\n<p data-sourcepos=\"5:1-5:36\"><strong>Design classique, h\u00e9ritage durable :<\/strong><\/p>\n<ul data-sourcepos=\"7:1-7:76\">\n<li data-sourcepos=\"7:1-7:76\"><strong>Inspir\u00e9 du Kit Ext\u00e9rieur iconique :<\/strong> Arborant les couleurs embl\u00e9matiques de l&rsquo;\u00e9quipe et le l\u00e9gendaire blason Arch Cup, ce tee murmure l&rsquo;histoire de chaque rencontre cruciale \u00e0 l&rsquo;ext\u00e9rieur, des rugissements de Wembley aux conqu\u00eates continentales.<\/li>\n<li data-sourcepos=\"8:1-8:174\"><strong>\u00c9l\u00e9gance Minimaliste :<\/strong> Sans encombrement de marquage excessif, le design permet \u00e0 l&rsquo;identit\u00e9 Chelsea de briller, en faisant un ajout intemporel \u00e0 toute garde-robe des Blues.<\/li>\n<li data-sourcepos=\"9:1-9:156\"><strong>Qualit\u00e9 Con\u00e7ue pour le Confort :<\/strong> Tissu doux et respirant qui assure un confort toute la journ\u00e9e, que tu encourages les gars au Bridge ou que tu conqui\u00e8res tes propres batailles personnelles.<\/li>\n<\/ul>\n<p data-sourcepos=\"11:1-11:44\"><strong>Plus qu&rsquo;un simple tissu, c&rsquo;est une d\u00e9claration :<\/strong><\/p>\n<ul data-sourcepos=\"13:1-16:0\">\n<li data-sourcepos=\"13:1-13:137\"><strong>Montre tes Vraies Couleurs :<\/strong> Ce tee n&rsquo;est pas juste pour le jour de match ; c&rsquo;est une d\u00e9claration de ton all\u00e9geance ind\u00e9fectible \u00e0 Chelsea, o\u00f9 que tu ailles.<\/li>\n<li data-sourcepos=\"14:1-14:129\"><strong>Rejoins l&rsquo;Arm\u00e9e des Matchs Ext\u00e9rieurs :<\/strong> Fais partie du soutien passionn\u00e9 qui voyage \u00e0 travers le monde, soutenant les Blues dans les bons comme les mauvais moments.<\/li>\n<li data-sourcepos=\"15:1-16:0\"><strong>Un Cadeau Parfait pour tous les Blues :<\/strong> Surprends le fan de Chelsea de ta vie avec un morceau d&rsquo;histoire du club qu&rsquo;il peut porter avec fiert\u00e9.<\/li>\n<\/ul>\n<p data-sourcepos=\"17:1-17:36\"><strong>Poss\u00e8de un morceau du patrimoine Chelsea :<\/strong><\/p>\n<p data-sourcepos=\"19:1-19:308\">Le Tee Chelsea Arch Cup Ext\u00e9rieur n&rsquo;est pas juste une d\u00e9claration de mode ; c&rsquo;est une c\u00e9l\u00e9bration de la riche tradition des matchs ext\u00e9rieurs du club. C&rsquo;est une chance de marcher dans les pas des h\u00e9ros des matchs ext\u00e9rieurs de Chelsea, de sentir le pouls des fid\u00e8les voyageurs de Chelsea, et de porter l&rsquo;esprit des Blues o\u00f9 que tes aventures t&#8217;emm\u00e8nent. <\/p>\n<p data-sourcepos=\"21:1-21:35\"><strong>Ne porte pas juste Chelsea. Vis-le. Procure-toi ton Tee Chelsea Arch Cup Ext\u00e9rieur aujourd&rsquo;hui.  <\/strong><\/p>\n","protected":false},"excerpt":{"rendered":"<p>Adopte la tradition des matchs \u00e0 l&rsquo;ext\u00e9rieur des Blues avec le Tee Chelsea Arch cup ext\u00e9rieur, style football classique Revis les triomphes historiques de Chelsea \u00e0 l&rsquo;ext\u00e9rieur avec le Tee Chelsea Arch Cup Ext\u00e9rieur, un v\u00eatement impr\u00e9gn\u00e9 de style iconique et de victoires l\u00e9gendaires. Ce n&rsquo;est pas juste un maillot ; c&rsquo;est un portail vers&#8230;<\/p>\n","protected":false},"featured_media":0,"template":"","meta":{"_kad_post_transparent":"","_kad_post_title":"","_kad_post_layout":"","_kad_post_sidebar_id":"","_kad_post_content_style":"","_kad_post_vertical_padding":"","_kad_post_feature":"","_kad_post_feature_position":"","_kad_post_header":false,"_kad_post_footer":false},"product_brand":[],"product_cat":[363],"product_tag":[],"class_list":{"0":"post-43023","1":"product","2":"type-product","3":"status-publish","5":"product_cat-chelsea-fc","7":"first","8":"instock","9":"sale","10":"shipping-taxable","11":"purchasable","12":"product-type-variable","13":"entry","14":"content-bg","15":"loop-entry"},"jetpack_sharing_enabled":true,"_links":{"self":[{"href":"https:\/\/www.legendslocker.co\/fr\/wp-json\/wp\/v2\/product\/43023","targetHints":{"allow":["GET"]}}],"collection":[{"href":"https:\/\/www.legendslocker.co\/fr\/wp-json\/wp\/v2\/product"}],"about":[{"href":"https:\/\/www.legendslocker.co\/fr\/wp-json\/wp\/v2\/types\/product"}],"wp:attachment":[{"href":"https:\/\/www.legendslocker.co\/fr\/wp-json\/wp\/v2\/media?parent=43023"}],"wp:term":[{"taxonomy":"product_brand","embeddable":true,"href":"https:\/\/www.legendslocker.co\/fr\/wp-json\/wp\/v2\/product_brand?post=43023"},{"taxonomy":"product_cat","embeddable":true,"href":"https:\/\/www.legendslocker.co\/fr\/wp-json\/wp\/v2\/product_cat?post=43023"},{"taxonomy":"product_tag","embeddable":true,"href":"https:\/\/www.legendslocker.co\/fr\/wp-json\/wp\/v2\/product_tag?post=43023"}],"curies":[{"name":"wp","href":"https:\/\/api.w.org\/{rel}","templated":true}]}}