{"id":42975,"date":"2022-09-07T05:23:30","date_gmt":"2022-09-07T05:23:30","guid":{"rendered":"https:\/\/www.legendslocker.co\/product\/t-shirt-de-foot-coupe-arch-classique-barcelone-un-style-intemporel\/"},"modified":"2025-11-11T12:27:50","modified_gmt":"2025-11-11T12:27:50","slug":"t-shirt-de-foot-coupe-arch-classique-barcelone-un-style-intemporel","status":"publish","type":"product","link":"https:\/\/www.legendslocker.co\/fr\/product\/t-shirt-de-foot-coupe-arch-classique-barcelone-un-style-intemporel\/","title":{"rendered":"T-shirt de foot Coupe Arch classique Barcelone : un style intemporel"},"content":{"rendered":"<h2 class=\"\" data-sourcepos=\"1:1-1:74\">T-shirt de foot Coupe Arch classique Barcelone, style intemporel, esprit blaugrana<\/h2>\n<p data-sourcepos=\"3:1-3:51\"><strong>Adopte l&rsquo;h\u00e9ritage. Canalise la passion. Affirme ton soutien.  <\/strong><\/p>\n<p data-sourcepos=\"5:1-5:228\">Le t-shirt de foot Coupe Arch classique Barcelone n&rsquo;est pas qu&rsquo;un simple v\u00eatement, c&rsquo;est une capsule temporelle de la gloire blaugrana. C&rsquo;est un hommage aux arches l\u00e9gendaires qui ornaient autrefois le Camp Nou, un symbole de r\u00e9silience et de soutien ind\u00e9fectible. Porte ce t-shirt, et tu ne portes pas seulement un t-shirt, tu portes un morceau du c\u0153ur battant de Barcelone.  <\/p>\n<p data-sourcepos=\"7:1-7:15\"><strong>Les caract\u00e9ristiques qui font de ce t-shirt un champion :<\/strong><\/p>\n<ul data-sourcepos=\"9:1-11:18\">\n<li data-sourcepos=\"9:1-9:158\"><strong>Coton doux et respirant :<\/strong> Ce tissu de qualit\u00e9 sup\u00e9rieure est aussi agr\u00e9able au toucher qu&rsquo;\u00e0 la vue, te gardant au frais et \u00e0 l&rsquo;aise m\u00eame pendant les s\u00e9ances d&rsquo;encouragement les plus intenses.<\/li>\n<li data-sourcepos=\"10:1-10:157\"><strong>Design intemporel :<\/strong> L&#8217;embl\u00e9matique blason de Barcelone tr\u00f4ne fi\u00e8rement sur la poitrine, tandis que le motif d&rsquo;arche classique au dos murmure des r\u00e9cits de victoires pass\u00e9es.<\/li>\n<li data-sourcepos=\"11:1-11:18\"><strong>Des d\u00e9tails subtils qui en disent long :<\/strong> Regarde de pr\u00e8s et tu trouveras la devise du club \u00ab M\u00e9s que un club \u00bb (Plus qu&rsquo;un club) tiss\u00e9e dans le tissu, un rappel constant des valeurs qui d\u00e9finissent le Bar\u00e7a.<\/li>\n<li data-sourcepos=\"12:1-13:0\"><strong>Con\u00e7u pour durer :<\/strong> Ce t-shirt est fabriqu\u00e9 dans un souci de qualit\u00e9, garantissant qu&rsquo;il r\u00e9siste \u00e0 d&rsquo;innombrables lavages et \u00e0 des ann\u00e9es de soutien ind\u00e9fectible.<\/li>\n<\/ul>\n<p data-sourcepos=\"14:1-14:43\"><strong>Plus qu&rsquo;un simple T-shirt, c&rsquo;est une d\u00e9claration :<\/strong><\/p>\n<ul data-sourcepos=\"16:1-19:0\">\n<li data-sourcepos=\"16:1-16:143\"><strong>Montre ta fid\u00e9lit\u00e9 :<\/strong> Que tu sois au Camp Nou ou que tu encourages depuis ton salon, ce t-shirt permet au monde entier de savoir o\u00f9 se trouvent tes all\u00e9geances.<\/li>\n<li data-sourcepos=\"17:1-17:176\"><strong>Connecte-toi avec d&rsquo;autres fans :<\/strong> C&rsquo;est plus qu&rsquo;un simple v\u00eatement, c&rsquo;est un sujet de conversation, un insigne d&rsquo;honneur qui suscite instantan\u00e9ment des liens avec d&rsquo;autres cul\u00e9s (fans du Bar\u00e7a).<\/li>\n<li data-sourcepos=\"18:1-19:0\"><strong>C\u00e9l\u00e8bre un h\u00e9ritage intemporel :<\/strong> De Cruyff et Guardiola \u00e0 Messi et au-del\u00e0, l&rsquo;esprit de Barcelone perdure. Ce t-shirt est ta chance d&rsquo;en faire partie. <\/li>\n<\/ul>\n<p data-sourcepos=\"20:1-20:60\"><strong>Poss\u00e8de un morceau de l&rsquo;histoire du Bar\u00e7a, commande ton t-shirt de foot Coupe Arch classique Barcelone d\u00e8s aujourd&rsquo;hui !<\/strong><\/p>\n","protected":false},"excerpt":{"rendered":"<p>T-shirt de foot Coupe Arch classique Barcelone, style intemporel, esprit blaugrana Adopte l&rsquo;h\u00e9ritage. Canalise la passion. Affirme ton soutien. Le t-shirt de foot Coupe Arch classique Barcelone n&rsquo;est pas qu&rsquo;un simple v\u00eatement, c&rsquo;est une capsule temporelle de la gloire blaugrana. C&rsquo;est un hommage aux arches l\u00e9gendaires qui ornaient autrefois le Camp Nou, un symbole de&#8230;<\/p>\n","protected":false},"featured_media":3565,"template":"","meta":{"_kad_post_transparent":"","_kad_post_title":"","_kad_post_layout":"","_kad_post_sidebar_id":"","_kad_post_content_style":"","_kad_post_vertical_padding":"","_kad_post_feature":"","_kad_post_feature_position":"","_kad_post_header":false,"_kad_post_footer":false},"product_brand":[],"product_cat":[393],"product_tag":[],"class_list":{"0":"post-42975","1":"product","2":"type-product","3":"status-publish","4":"has-post-thumbnail","6":"product_cat-fc-barcelone","8":"first","9":"instock","10":"sale","11":"shipping-taxable","12":"purchasable","13":"product-type-variable","14":"entry","15":"content-bg","16":"loop-entry"},"jetpack_sharing_enabled":true,"_links":{"self":[{"href":"https:\/\/www.legendslocker.co\/fr\/wp-json\/wp\/v2\/product\/42975","targetHints":{"allow":["GET"]}}],"collection":[{"href":"https:\/\/www.legendslocker.co\/fr\/wp-json\/wp\/v2\/product"}],"about":[{"href":"https:\/\/www.legendslocker.co\/fr\/wp-json\/wp\/v2\/types\/product"}],"wp:featuredmedia":[{"embeddable":true,"href":"https:\/\/www.legendslocker.co\/fr\/wp-json\/wp\/v2\/media\/3565"}],"wp:attachment":[{"href":"https:\/\/www.legendslocker.co\/fr\/wp-json\/wp\/v2\/media?parent=42975"}],"wp:term":[{"taxonomy":"product_brand","embeddable":true,"href":"https:\/\/www.legendslocker.co\/fr\/wp-json\/wp\/v2\/product_brand?post=42975"},{"taxonomy":"product_cat","embeddable":true,"href":"https:\/\/www.legendslocker.co\/fr\/wp-json\/wp\/v2\/product_cat?post=42975"},{"taxonomy":"product_tag","embeddable":true,"href":"https:\/\/www.legendslocker.co\/fr\/wp-json\/wp\/v2\/product_tag?post=42975"}],"curies":[{"name":"wp","href":"https:\/\/api.w.org\/{rel}","templated":true}]}}