{"id":42839,"date":"2025-08-21T16:44:47","date_gmt":"2025-08-21T16:44:47","guid":{"rendered":"https:\/\/www.legendslocker.co\/product\/maillot-domicile-adidas-manchester-united-fc-2025-26\/"},"modified":"2025-11-11T12:26:26","modified_gmt":"2025-11-11T12:26:26","slug":"maillot-domicile-adidas-manchester-united-fc-2025-26","status":"publish","type":"product","link":"https:\/\/www.legendslocker.co\/fr\/product\/maillot-domicile-adidas-manchester-united-fc-2025-26\/","title":{"rendered":"Maillot domicile adidas Manchester United FC 2025\/26"},"content":{"rendered":"<p>Peu de sc\u00e8nes sportives peuvent \u00e9galer le spectacle que le terrain de Manchester United a g\u00e9n\u00e9r\u00e9 au fil des ans. Ce maillot adidas rend hommage au stade o\u00f9 il brillera en 25\/26 avec une signature \u00ab\u00a0Theatre of Dreams\u00a0\u00bb et des graphismes abstraits inspir\u00e9s d&rsquo;Old Trafford sur les manches. Con\u00e7u pour le confort des fans de football, il est \u00e9galement dot\u00e9 de la technologie AEROREADY qui g\u00e8re l&rsquo;humidit\u00e9 et d&rsquo;un badge de club tiss\u00e9.  <\/p>\n<ul>\n<li><span class=\"font-semibold\">Coupe<\/span> : slim<\/li>\n<li><span class=\"font-semibold\">Type de col<\/span> : Col en V<\/li>\n<li><span class=\"font-semibold\">Style de manche<\/span> : courte<\/li>\n<li><span class=\"font-semibold\">Tissu<\/span> : 100 % polyester (recycl\u00e9)<\/li>\n<\/ul>\n","protected":false},"excerpt":{"rendered":"<p>Peu de sc\u00e8nes sportives peuvent \u00e9galer le spectacle que le terrain de Manchester United a g\u00e9n\u00e9r\u00e9 au fil des ans. Ce maillot adidas rend hommage au stade o\u00f9 il brillera en 25\/26 avec une signature \u00ab\u00a0Theatre of Dreams\u00a0\u00bb et des graphismes abstraits inspir\u00e9s d&rsquo;Old Trafford sur les manches. Con\u00e7u pour le confort des fans de&#8230;<\/p>\n","protected":false},"featured_media":42840,"template":"","meta":{"_kad_post_transparent":"","_kad_post_title":"","_kad_post_layout":"","_kad_post_sidebar_id":"","_kad_post_content_style":"","_kad_post_vertical_padding":"","_kad_post_feature":"","_kad_post_feature_position":"","_kad_post_header":false,"_kad_post_footer":false},"product_brand":[],"product_cat":[378],"product_tag":[],"class_list":{"0":"post-42839","1":"product","2":"type-product","3":"status-publish","4":"has-post-thumbnail","6":"product_cat-manchester-united","8":"first","9":"instock","10":"sale","11":"shipping-taxable","12":"purchasable","13":"product-type-variable","14":"entry","15":"content-bg","16":"loop-entry"},"jetpack_sharing_enabled":true,"_links":{"self":[{"href":"https:\/\/www.legendslocker.co\/fr\/wp-json\/wp\/v2\/product\/42839","targetHints":{"allow":["GET"]}}],"collection":[{"href":"https:\/\/www.legendslocker.co\/fr\/wp-json\/wp\/v2\/product"}],"about":[{"href":"https:\/\/www.legendslocker.co\/fr\/wp-json\/wp\/v2\/types\/product"}],"wp:featuredmedia":[{"embeddable":true,"href":"https:\/\/www.legendslocker.co\/fr\/wp-json\/wp\/v2\/media\/42840"}],"wp:attachment":[{"href":"https:\/\/www.legendslocker.co\/fr\/wp-json\/wp\/v2\/media?parent=42839"}],"wp:term":[{"taxonomy":"product_brand","embeddable":true,"href":"https:\/\/www.legendslocker.co\/fr\/wp-json\/wp\/v2\/product_brand?post=42839"},{"taxonomy":"product_cat","embeddable":true,"href":"https:\/\/www.legendslocker.co\/fr\/wp-json\/wp\/v2\/product_cat?post=42839"},{"taxonomy":"product_tag","embeddable":true,"href":"https:\/\/www.legendslocker.co\/fr\/wp-json\/wp\/v2\/product_tag?post=42839"}],"curies":[{"name":"wp","href":"https:\/\/api.w.org\/{rel}","templated":true}]}}