{"id":39424,"date":"2022-09-07T06:18:04","date_gmt":"2022-09-07T06:18:04","guid":{"rendered":"https:\/\/www.legendslocker.co\/product\/t-shirt-de-foot-manchester-classic-arch-cup-maillot-de-foot-domicile\/"},"modified":"2025-11-11T10:52:15","modified_gmt":"2025-11-11T10:52:15","slug":"t-shirt-de-foot-manchester-classic-arch-cup-maillot-de-foot-domicile","status":"publish","type":"product","link":"https:\/\/www.legendslocker.co\/fr\/product\/t-shirt-de-foot-manchester-classic-arch-cup-maillot-de-foot-domicile\/","title":{"rendered":"T-shirt de foot Manchester classic Arch cup : maillot de foot domicile"},"content":{"rendered":"<h2 class=\"\" data-sourcepos=\"1:1-1:71\">Adopte l&rsquo;h\u00e9ritage de Manchester, poss\u00e8de le t-shirt de foot classic Arch cup<\/h2>\n<p data-sourcepos=\"3:1-3:174\"><strong>Canalise l&rsquo;esprit de l&rsquo;\u00e2ge d&rsquo;or de Manchester avec ce t-shirt de foot Classic Arch Cup embl\u00e9matique.<\/strong> Inspir\u00e9 par le riche h\u00e9ritage footballistique de la ville, ce maillot est plus qu&rsquo;un simple v\u00eatement ; c&rsquo;est un insigne d&rsquo;honneur, une d\u00e9claration de ton soutien ind\u00e9fectible au beau jeu.<\/p>\n<p data-sourcepos=\"7:1-7:2\"><strong>Un design intemporel, une passion durable :<\/strong><\/p>\n<ul data-sourcepos=\"9:1-9:62\">\n<li data-sourcepos=\"9:1-9:62\">\n<p data-sourcepos=\"9:3-9:210\"><strong>La pi\u00e8ce ma\u00eetresse est l&#8217;embl\u00e8me saisissant de l&rsquo;Arch Cup,<\/strong> fi\u00e8rement affich\u00e9 sur la poitrine. Ce troph\u00e9e l\u00e9gendaire, autrefois disput\u00e9 par les meilleures \u00e9quipes de Manchester, incarne le d\u00e9vouement in\u00e9branlable de la ville au football. <\/p>\n<\/li>\n<li data-sourcepos=\"11:1-11:118\">\n<p data-sourcepos=\"11:3-11:118\"><strong>Fabriqu\u00e9 \u00e0 partir d&rsquo;un m\u00e9lange de coton de qualit\u00e9 sup\u00e9rieure,<\/strong> ce t-shirt offre l&rsquo;\u00e9quilibre parfait entre confort et respirabilit\u00e9, id\u00e9al pour encourager ton \u00e9quipe depuis les tribunes ou afficher ta passion au quotidien.<\/p>\n<\/li>\n<li data-sourcepos=\"12:1-13:0\">\n<p data-sourcepos=\"12:3-12:105\"><strong>L&rsquo;encolure ras du cou classique et la coupe regular<\/strong> assurent un look intemporel et polyvalent qui flatte toutes les morphologies.<\/p>\n<\/li>\n<\/ul>\n<p data-sourcepos=\"14:1-14:41\"><strong>Plus qu&rsquo;un simple maillot, c&rsquo;est une histoire :<\/strong><\/p>\n<ul data-sourcepos=\"16:1-18:0\">\n<li data-sourcepos=\"16:1-16:213\"><strong>Poss\u00e9der ce t-shirt, c&rsquo;est comme poss\u00e9der un morceau de la tapisserie footballistique de Manchester.<\/strong> Imagine les rugissements de la foule lorsque des joueurs l\u00e9gendaires comme Best, Law et Charlton ont rev\u00eatu des couleurs similaires, tissant de la magie sur le terrain.<\/li>\n<li data-sourcepos=\"17:1-18:0\"><strong>C&rsquo;est un sujet de conversation, une chance de se connecter avec d&rsquo;autres fans et de partager ton amour pour le beau jeu.<\/strong> Revivez des moments embl\u00e9matiques, d\u00e9battez des gloires futures et c\u00e9l\u00e9brez l&rsquo;esprit in\u00e9branlable du football de Manchester.<\/li>\n<\/ul>\n<p data-sourcepos=\"19:1-19:32\"><strong>Montre tes couleurs avec fiert\u00e9 :<\/strong><\/p>\n<ul data-sourcepos=\"21:1-22:69\">\n<li data-sourcepos=\"21:1-21:164\"><strong>Que tu sois un supporter de Manchester de toujours ou que tu appr\u00e9cies simplement le riche h\u00e9ritage footballistique de la ville,<\/strong> ce maillot est un ajout indispensable \u00e0 ta garde-robe.<\/li>\n<li data-sourcepos=\"22:1-22:69\"><strong>Porte-le au pub, au match ou simplement en te promenant,<\/strong> et fais savoir \u00e0 tout le monde o\u00f9 se trouvent tes all\u00e9geances.<\/li>\n<\/ul>\n<p data-sourcepos=\"24:1-24:161\"><strong>Ce n&rsquo;est pas qu&rsquo;un simple maillot ; c&rsquo;est un symbole de passion, d&rsquo;histoire et de communaut\u00e9.<\/strong> Procure-toi ton t-shirt de foot Manchester Classic Arch Cup d\u00e8s aujourd&rsquo;hui et fais partie de la l\u00e9gende !<\/p>\n","protected":false},"excerpt":{"rendered":"<p>Adopte l&rsquo;h\u00e9ritage de Manchester, poss\u00e8de le t-shirt de foot classic Arch cup Canalise l&rsquo;esprit de l&rsquo;\u00e2ge d&rsquo;or de Manchester avec ce t-shirt de foot Classic Arch Cup embl\u00e9matique. Inspir\u00e9 par le riche h\u00e9ritage footballistique de la ville, ce maillot est plus qu&rsquo;un simple v\u00eatement ; c&rsquo;est un insigne d&rsquo;honneur, une d\u00e9claration de ton soutien ind\u00e9fectible&#8230;<\/p>\n","protected":false},"featured_media":3629,"template":"","meta":{"_kad_post_transparent":"","_kad_post_title":"","_kad_post_layout":"","_kad_post_sidebar_id":"","_kad_post_content_style":"","_kad_post_vertical_padding":"","_kad_post_feature":"","_kad_post_feature_position":"","_kad_post_header":false,"_kad_post_footer":false},"product_brand":[],"product_cat":[381],"product_tag":[],"class_list":{"0":"post-39424","1":"product","2":"type-product","3":"status-publish","4":"has-post-thumbnail","6":"product_cat-manchester-fc","8":"first","9":"instock","10":"sale","11":"shipping-taxable","12":"purchasable","13":"product-type-variable","14":"entry","15":"content-bg","16":"loop-entry"},"jetpack_sharing_enabled":true,"_links":{"self":[{"href":"https:\/\/www.legendslocker.co\/fr\/wp-json\/wp\/v2\/product\/39424","targetHints":{"allow":["GET"]}}],"collection":[{"href":"https:\/\/www.legendslocker.co\/fr\/wp-json\/wp\/v2\/product"}],"about":[{"href":"https:\/\/www.legendslocker.co\/fr\/wp-json\/wp\/v2\/types\/product"}],"wp:featuredmedia":[{"embeddable":true,"href":"https:\/\/www.legendslocker.co\/fr\/wp-json\/wp\/v2\/media\/3629"}],"wp:attachment":[{"href":"https:\/\/www.legendslocker.co\/fr\/wp-json\/wp\/v2\/media?parent=39424"}],"wp:term":[{"taxonomy":"product_brand","embeddable":true,"href":"https:\/\/www.legendslocker.co\/fr\/wp-json\/wp\/v2\/product_brand?post=39424"},{"taxonomy":"product_cat","embeddable":true,"href":"https:\/\/www.legendslocker.co\/fr\/wp-json\/wp\/v2\/product_cat?post=39424"},{"taxonomy":"product_tag","embeddable":true,"href":"https:\/\/www.legendslocker.co\/fr\/wp-json\/wp\/v2\/product_tag?post=39424"}],"curies":[{"name":"wp","href":"https:\/\/api.w.org\/{rel}","templated":true}]}}