{"id":39109,"date":"2025-08-28T15:07:10","date_gmt":"2025-08-28T15:07:10","guid":{"rendered":"https:\/\/www.legendslocker.co\/product\/maillot-domicile-adidas-newcastle-united-fc-2025-26\/"},"modified":"2025-11-11T10:51:58","modified_gmt":"2025-11-11T10:51:58","slug":"maillot-domicile-adidas-newcastle-united-fc-2025-26","status":"publish","type":"product","link":"https:\/\/www.legendslocker.co\/fr\/product\/maillot-domicile-adidas-newcastle-united-fc-2025-26\/","title":{"rendered":"Maillot domicile adidas Newcastle United FC 2025\/26"},"content":{"rendered":"<p>Pour les fiers Geordies, de naissance ou d&rsquo;adoption, le nouveau maillot domicile 25\/26 de Newcastle United r\u00e9imagine nos embl\u00e9matiques rayures noires et blanches avec un nouveau look audacieux ancr\u00e9 dans la tradition.<\/p>\n<p>S&rsquo;inspirant du riche h\u00e9ritage du Nord-Est, chaque rayure est bord\u00e9e d&rsquo;un motif \u00e0 carreaux de berger, un clin d&rsquo;\u0153il frappant au tartan historique de Northumbrie qui a influenc\u00e9 notre premier kit noir et blanc en 1894.<\/p>\n<p>Con\u00e7u pour nos supporters, ce maillot \u00e0 col rond est dot\u00e9 de la technologie AEROREADY qui \u00e9vacue l&rsquo;humidit\u00e9 pour vous offrir un confort optimal les jours de match et au-del\u00e0. Un message \u00ab Howay the Lads \u00bb est fi\u00e8rement affich\u00e9 sur la nuque, tandis qu&rsquo;un \u00e9cusson cousu de Newcastle United est encadr\u00e9 par une bordure bleue vibrante, qui traverse les coutures et le col pour une finition moderne \u00e0 un design intemporel. <\/p>\n<p><strong>D\u00e9tails du produit<\/strong>&nbsp;:<\/p>\n<ul>\n<li>Coupe slim<\/li>\n<li>Col rond c\u00f4tel\u00e9<\/li>\n<li>Manches courtes<\/li>\n<li>Mesh sous les aisselles pour la respirabilit\u00e9<\/li>\n<li>Technologie AEROREADY<\/li>\n<li>\u00c9cusson cousu de Newcastle United<\/li>\n<\/ul>\n<p><strong>Conseils d&rsquo;entretien&nbsp;:<\/strong><\/p>\n<ul>\n<li>Si personnalis\u00e9\/imprim\u00e9, <strong>ne pas laver pendant au moins 24&nbsp;heures<\/strong><\/li>\n<li>Laver \u00e0 l&rsquo;envers \u00e0 <strong>30&nbsp;degr\u00e9s<\/strong><\/li>\n<li>Repasser \u00e0 l&rsquo;envers<\/li>\n<li><strong>Ne pas<\/strong> s\u00e9cher en machine<\/li>\n<li><strong>\u00c9viter<\/strong> d&rsquo;utiliser de l&rsquo;adoucissant<\/li>\n<\/ul>\n<p><strong>Couleur<\/strong>&nbsp;: noir\/blanc<\/p>\n<p><strong>Mati\u00e8re<\/strong>&nbsp;: 100&nbsp;% polyester recycl\u00e9<\/p>\n","protected":false},"excerpt":{"rendered":"<p>Pour les fiers Geordies, de naissance ou d&rsquo;adoption, le nouveau maillot domicile 25\/26 de Newcastle United r\u00e9imagine nos embl\u00e9matiques rayures noires et blanches avec un nouveau look audacieux ancr\u00e9 dans la tradition. S&rsquo;inspirant du riche h\u00e9ritage du Nord-Est, chaque rayure est bord\u00e9e d&rsquo;un motif \u00e0 carreaux de berger, un clin d&rsquo;\u0153il frappant au tartan historique&#8230;<\/p>\n","protected":false},"featured_media":39112,"template":"","meta":{"_kad_post_transparent":"","_kad_post_title":"","_kad_post_layout":"","_kad_post_sidebar_id":"","_kad_post_content_style":"","_kad_post_vertical_padding":"","_kad_post_feature":"","_kad_post_feature_position":"","_kad_post_header":false,"_kad_post_footer":false},"product_brand":[],"product_cat":[364],"product_tag":[],"class_list":{"0":"post-39109","1":"product","2":"type-product","3":"status-publish","4":"has-post-thumbnail","6":"product_cat-newcastle-united","8":"first","9":"instock","10":"sale","11":"shipping-taxable","12":"purchasable","13":"product-type-variable","14":"entry","15":"content-bg","16":"loop-entry"},"jetpack_sharing_enabled":true,"_links":{"self":[{"href":"https:\/\/www.legendslocker.co\/fr\/wp-json\/wp\/v2\/product\/39109","targetHints":{"allow":["GET"]}}],"collection":[{"href":"https:\/\/www.legendslocker.co\/fr\/wp-json\/wp\/v2\/product"}],"about":[{"href":"https:\/\/www.legendslocker.co\/fr\/wp-json\/wp\/v2\/types\/product"}],"wp:featuredmedia":[{"embeddable":true,"href":"https:\/\/www.legendslocker.co\/fr\/wp-json\/wp\/v2\/media\/39112"}],"wp:attachment":[{"href":"https:\/\/www.legendslocker.co\/fr\/wp-json\/wp\/v2\/media?parent=39109"}],"wp:term":[{"taxonomy":"product_brand","embeddable":true,"href":"https:\/\/www.legendslocker.co\/fr\/wp-json\/wp\/v2\/product_brand?post=39109"},{"taxonomy":"product_cat","embeddable":true,"href":"https:\/\/www.legendslocker.co\/fr\/wp-json\/wp\/v2\/product_cat?post=39109"},{"taxonomy":"product_tag","embeddable":true,"href":"https:\/\/www.legendslocker.co\/fr\/wp-json\/wp\/v2\/product_tag?post=39109"}],"curies":[{"name":"wp","href":"https:\/\/api.w.org\/{rel}","templated":true}]}}