{"id":34546,"date":"2025-11-03T07:48:48","date_gmt":"2025-11-03T07:48:48","guid":{"rendered":"https:\/\/www.legendslocker.co\/product\/maillot-domicile-tottenham-hotspur-pour-homme-version-stadium-2025-26\/"},"modified":"2025-11-11T10:47:38","modified_gmt":"2025-11-11T10:47:38","slug":"maillot-domicile-tottenham-hotspur-pour-homme-version-stadium-2025-26","status":"publish","type":"product","link":"https:\/\/www.legendslocker.co\/fr\/product\/maillot-domicile-tottenham-hotspur-pour-homme-version-stadium-2025-26\/","title":{"rendered":"Maillot domicile Tottenham Hotspur pour homme, version stadium 2025\/26"},"content":{"rendered":"<p>Sens-toi comme un pro cette saison quand tu fouleras le terrain ou prendras place dans les tribunes avec le maillot domicile Tottenham Hotspur pour homme, version stadium 2025\/26. Une r\u00e9plique du maillot des Spurs port\u00e9 par les joueurs au Tottenham Hotspur Stadium. C&rsquo;est une <span data-teams=\"true\">coupe r\u00e9guli\u00e8re et une<\/span> fa\u00e7on parfaite pour toi de te sentir comme l&rsquo;un des joueurs.  <\/p>\n<p>Ce maillot int\u00e8gre la technologie r\u00e9volutionnaire DriFIT de Nike, qui \u00e9vacue la sueur et l&rsquo;humidit\u00e9 de ta peau pour une \u00e9vaporation plus rapide. Ce tissu respirant et ventil\u00e9 permet \u00e0 l&rsquo;air frais de circuler pr\u00e8s de ta peau, te gardant plus frais et performant &#8211; peu importe les conditions m\u00e9t\u00e9o ou m\u00eame si le match se prolonge en prolongations. <\/p>\n<p>Le kit domicile 2025\/26 capture cette intensit\u00e9 en blanc cass\u00e9 et bleu marine, avec des tons bleu poudr\u00e9 inspir\u00e9s de la technologie de performance. Con\u00e7u pour ceux qui osent. Fait pour ceux qui se d\u00e9marquent et attirent l&rsquo;attention.  <\/p>\n<p>Fabriqu\u00e9 en 100% polyester, ce maillot des Spurs est l\u00e9ger et r\u00e9sistant, en plus d&rsquo;\u00eatre lavable en machine, donc super facile \u00e0 entretenir.<\/p>\n<p>100% polyester recycl\u00e9, lavage en machine \u00e0 30 degr\u00e9s. Ne pas utiliser d&rsquo;adoucissants. Ne pas nettoyer \u00e0 sec. Ne pas repasser. Ne pas utiliser d&rsquo;eau de Javel. S\u00e9cher \u00e0 plat.     <\/p>\n","protected":false},"excerpt":{"rendered":"<p>Sens-toi comme un pro cette saison quand tu fouleras le terrain ou prendras place dans les tribunes avec le maillot domicile Tottenham Hotspur pour homme, version stadium 2025\/26. Une r\u00e9plique du maillot des Spurs port\u00e9 par les joueurs au Tottenham Hotspur Stadium. C&rsquo;est une coupe r\u00e9guli\u00e8re et une fa\u00e7on parfaite pour toi de te sentir&#8230;<\/p>\n","protected":false},"featured_media":34547,"template":"","meta":{"_kad_post_transparent":"","_kad_post_title":"","_kad_post_layout":"","_kad_post_sidebar_id":"","_kad_post_content_style":"","_kad_post_vertical_padding":"","_kad_post_feature":"","_kad_post_feature_position":"","_kad_post_header":false,"_kad_post_footer":false},"product_brand":[],"product_cat":[371],"product_tag":[],"class_list":{"0":"post-34546","1":"product","2":"type-product","3":"status-publish","4":"has-post-thumbnail","6":"product_cat-tottenham-hotspur","8":"first","9":"instock","10":"sale","11":"shipping-taxable","12":"purchasable","13":"product-type-variable","14":"entry","15":"content-bg","16":"loop-entry"},"jetpack_sharing_enabled":true,"_links":{"self":[{"href":"https:\/\/www.legendslocker.co\/fr\/wp-json\/wp\/v2\/product\/34546","targetHints":{"allow":["GET"]}}],"collection":[{"href":"https:\/\/www.legendslocker.co\/fr\/wp-json\/wp\/v2\/product"}],"about":[{"href":"https:\/\/www.legendslocker.co\/fr\/wp-json\/wp\/v2\/types\/product"}],"wp:featuredmedia":[{"embeddable":true,"href":"https:\/\/www.legendslocker.co\/fr\/wp-json\/wp\/v2\/media\/34547"}],"wp:attachment":[{"href":"https:\/\/www.legendslocker.co\/fr\/wp-json\/wp\/v2\/media?parent=34546"}],"wp:term":[{"taxonomy":"product_brand","embeddable":true,"href":"https:\/\/www.legendslocker.co\/fr\/wp-json\/wp\/v2\/product_brand?post=34546"},{"taxonomy":"product_cat","embeddable":true,"href":"https:\/\/www.legendslocker.co\/fr\/wp-json\/wp\/v2\/product_cat?post=34546"},{"taxonomy":"product_tag","embeddable":true,"href":"https:\/\/www.legendslocker.co\/fr\/wp-json\/wp\/v2\/product_tag?post=34546"}],"curies":[{"name":"wp","href":"https:\/\/api.w.org\/{rel}","templated":true}]}}