{"id":32993,"date":"2025-11-03T06:48:04","date_gmt":"2025-11-03T06:48:04","guid":{"rendered":"https:\/\/www.legendslocker.co\/product\/maillot-domicile-manchester-city-2025-26\/"},"modified":"2025-11-11T10:45:37","modified_gmt":"2025-11-11T10:45:37","slug":"maillot-domicile-manchester-city-2025-26","status":"publish","type":"product","link":"https:\/\/www.legendslocker.co\/fr\/product\/maillot-domicile-manchester-city-2025-26\/","title":{"rendered":"Maillot domicile Manchester City 2025\/26"},"content":{"rendered":"<p>Montre ton soutien ind\u00e9fectible avec le Maillot Domicile Manchester City 2025\/26 \u2013 un m\u00e9lange parfait d&rsquo;h\u00e9ritage et de performance. Dot\u00e9 de la technologie dryCELL de PUMA pour te garder au frais et \u00e0 l&rsquo;aise lors de toute activit\u00e9. Pour la premi\u00e8re fois dans l&rsquo;histoire du club, le kit domicile arbore l&#8217;embl\u00e9matique bande diagonale, autrefois r\u00e9serv\u00e9e aux maillots ext\u00e9rieurs, maintenant r\u00e9invent\u00e9e dans le classique Bleu Ciel. C&rsquo;est un lien fort avec notre pass\u00e9 et une d\u00e9claration audacieuse pour l&rsquo;avenir, repr\u00e9sentant l&rsquo;esprit de City : faire les choses \u00e0 notre fa\u00e7on, sur et en dehors du terrain. Les autres d\u00e9tails signature incluent un \u00e9cusson Manchester City brod\u00e9, le logo PUMA Cat, et \u00ab CITY \u00bb imprim\u00e9 sur la nuque. Les panneaux d&rsquo;\u00e9paules en mesh et les inserts lat\u00e9raux courb\u00e9s offrent respirabilit\u00e9 et coupe dynamique, le rendant id\u00e9al pour les jours de match comme pour le quotidien.     <\/p>\n<ul>\n<li>CONFORT : Technologie dryCELL anti-transpiration con\u00e7ue pour te garder au sec et \u00e0 l&rsquo;aise<\/li>\n<li>100 % polyester<\/li>\n<li>Coupe r\u00e9guli\u00e8re<\/li>\n<li>\u00c9cusson Manchester City brod\u00e9 sur la poitrine gauche<\/li>\n<li>Logo PUMA Cat brod\u00e9 sur la poitrine droite et les manches<\/li>\n<li>CITY imprim\u00e9 sur la nuque<\/li>\n<li>MCFC ram\u00e8ne fi\u00e8rement l&#8217;embl\u00e9matique bande diagonale \u00e0 la maison cette saison, prenant place au centre de l&rsquo;Etihad Stadium<\/li>\n<li>Panneau en mesh aux \u00e9paules<\/li>\n<li>Panneaux lat\u00e9raux et sous les bras courb\u00e9s<\/li>\n<li>Manches courtes<\/li>\n<li>Fabriqu\u00e9 au Vietnam<\/li>\n<li>RE:FIBRE : Contient au moins 95 % de d\u00e9chets textiles recycl\u00e9s et autres mat\u00e9riaux usag\u00e9s en polyester<\/li>\n<\/ul>\n","protected":false},"excerpt":{"rendered":"<p>Montre ton soutien ind\u00e9fectible avec le Maillot Domicile Manchester City 2025\/26 \u2013 un m\u00e9lange parfait d&rsquo;h\u00e9ritage et de performance. Dot\u00e9 de la technologie dryCELL de PUMA pour te garder au frais et \u00e0 l&rsquo;aise lors de toute activit\u00e9. Pour la premi\u00e8re fois dans l&rsquo;histoire du club, le kit domicile arbore l&#8217;embl\u00e9matique bande diagonale, autrefois r\u00e9serv\u00e9e&#8230;<\/p>\n","protected":false},"featured_media":32994,"template":"","meta":{"_kad_post_transparent":"","_kad_post_title":"","_kad_post_layout":"","_kad_post_sidebar_id":"","_kad_post_content_style":"","_kad_post_vertical_padding":"","_kad_post_feature":"","_kad_post_feature_position":"","_kad_post_header":false,"_kad_post_footer":false},"product_brand":[],"product_cat":[368],"product_tag":[],"class_list":{"0":"post-32993","1":"product","2":"type-product","3":"status-publish","4":"has-post-thumbnail","6":"product_cat-manchester-city","8":"first","9":"instock","10":"sale","11":"shipping-taxable","12":"purchasable","13":"product-type-variable","14":"entry","15":"content-bg","16":"loop-entry"},"jetpack_sharing_enabled":true,"_links":{"self":[{"href":"https:\/\/www.legendslocker.co\/fr\/wp-json\/wp\/v2\/product\/32993","targetHints":{"allow":["GET"]}}],"collection":[{"href":"https:\/\/www.legendslocker.co\/fr\/wp-json\/wp\/v2\/product"}],"about":[{"href":"https:\/\/www.legendslocker.co\/fr\/wp-json\/wp\/v2\/types\/product"}],"wp:featuredmedia":[{"embeddable":true,"href":"https:\/\/www.legendslocker.co\/fr\/wp-json\/wp\/v2\/media\/32994"}],"wp:attachment":[{"href":"https:\/\/www.legendslocker.co\/fr\/wp-json\/wp\/v2\/media?parent=32993"}],"wp:term":[{"taxonomy":"product_brand","embeddable":true,"href":"https:\/\/www.legendslocker.co\/fr\/wp-json\/wp\/v2\/product_brand?post=32993"},{"taxonomy":"product_cat","embeddable":true,"href":"https:\/\/www.legendslocker.co\/fr\/wp-json\/wp\/v2\/product_cat?post=32993"},{"taxonomy":"product_tag","embeddable":true,"href":"https:\/\/www.legendslocker.co\/fr\/wp-json\/wp\/v2\/product_tag?post=32993"}],"curies":[{"name":"wp","href":"https:\/\/api.w.org\/{rel}","templated":true}]}}