{"id":32378,"date":"2025-11-02T17:48:56","date_gmt":"2025-11-02T17:48:56","guid":{"rendered":"https:\/\/www.legendslocker.co\/product\/maillot-domicile-chelsea-nike-stadium-2025-26\/"},"modified":"2025-11-11T10:44:54","modified_gmt":"2025-11-11T10:44:54","slug":"maillot-domicile-chelsea-nike-stadium-2025-26","status":"publish","type":"product","link":"https:\/\/www.legendslocker.co\/fr\/product\/maillot-domicile-chelsea-nike-stadium-2025-26\/","title":{"rendered":"Maillot domicile Chelsea Nike Stadium 2025-26"},"content":{"rendered":"<p>C\u00e9l\u00e8bre l&rsquo;histoire du club et l&rsquo;esprit dynamique et en constante \u00e9volution de Londres avec le kit domicile 2025-26 de Chelsea FC. Ce maillot r\u00e9plica arbore le bleu Chelsea classique et un imprim\u00e9 subtil inspir\u00e9 de l&rsquo;architecture de la ville. Notre collection Stadium associe des d\u00e9tails de conception r\u00e9plica \u00e0 une technologie anti-transpiration pour te donner un look pr\u00eat pour le match, inspir\u00e9 par ton \u00e9quipe pr\u00e9f\u00e9r\u00e9e. La technologie Nike Dri-FIT \u00e9loigne la transpiration de ta peau pour une \u00e9vaporation plus rapide, t&rsquo;aidant \u00e0 rester au sec et \u00e0 l&rsquo;aise.   <\/p>\n<ul>\n<li>La collection Stadium associe des d\u00e9tails de conception r\u00e9plica \u00e0 une technologie anti-transpiration pour te donner un look pr\u00eat pour le match, inspir\u00e9 par ton amour pour Chelsea<\/li>\n<li>La technologie Nike Dri-FIT \u00e9loigne la transpiration de ta peau pour une \u00e9vaporation plus rapide, t&rsquo;aidant \u00e0 rester au sec et \u00e0 l&rsquo;aise<\/li>\n<li>Design r\u00e9plica<\/li>\n<li>\u00c9cusson tiss\u00e9<\/li>\n<li>Nous regrettons que les maillots personnalis\u00e9s avec le nom d&rsquo;une personne ne puissent \u00eatre ni \u00e9chang\u00e9s ni rembours\u00e9s, sauf si le maillot ou l&rsquo;impression est jug\u00e9 d\u00e9fectueux ou de qualit\u00e9 inacceptable. Nous ne sommes pas en mesure d&rsquo;\u00e9changer ou de rembourser un maillot imprim\u00e9 sur mesure ni d&rsquo;accepter la responsabilit\u00e9 si un joueur quitte le club ou change de num\u00e9ro d&rsquo;\u00e9quipe\/nom de maillot. Nous ne sommes pas en mesure d&rsquo;\u00e9changer ou de rembourser en cas de changement d&rsquo;\u00e9cusson de comp\u00e9tition\/sponsor ou de changement de police de caract\u00e8res des lettres et des chiffres. De plus, il convient de noter que les noms et\/ou num\u00e9ros des joueurs port\u00e9s entre la pr\u00e9-saison et le d\u00e9but de la saison de ligue officielle peuvent diff\u00e9rer et les \u00e9changes ou remboursements ne seront pas trait\u00e9s.   <\/li>\n<li>Manches courtes<\/li>\n<li>Licence officielle<\/li>\n<li>Les articles personnalis\u00e9s sont une vente finale et ne peuvent \u00eatre ni annul\u00e9s, ni modifi\u00e9s, ni retourn\u00e9s, ni rembours\u00e9s une fois la commande pass\u00e9e<\/li>\n<\/ul>\n","protected":false},"excerpt":{"rendered":"<p>C\u00e9l\u00e8bre l&rsquo;histoire du club et l&rsquo;esprit dynamique et en constante \u00e9volution de Londres avec le kit domicile 2025-26 de Chelsea FC. Ce maillot r\u00e9plica arbore le bleu Chelsea classique et un imprim\u00e9 subtil inspir\u00e9 de l&rsquo;architecture de la ville. Notre collection Stadium associe des d\u00e9tails de conception r\u00e9plica \u00e0 une technologie anti-transpiration pour te donner&#8230;<\/p>\n","protected":false},"featured_media":44943,"template":"","meta":{"_kad_post_transparent":"","_kad_post_title":"","_kad_post_layout":"","_kad_post_sidebar_id":"","_kad_post_content_style":"","_kad_post_vertical_padding":"","_kad_post_feature":"","_kad_post_feature_position":"","_kad_post_header":false,"_kad_post_footer":false},"product_brand":[],"product_cat":[363],"product_tag":[],"class_list":{"0":"post-32378","1":"product","2":"type-product","3":"status-publish","4":"has-post-thumbnail","6":"product_cat-chelsea-fc","8":"first","9":"instock","10":"sale","11":"shipping-taxable","12":"purchasable","13":"product-type-variable","14":"entry","15":"content-bg","16":"loop-entry"},"jetpack_sharing_enabled":true,"_links":{"self":[{"href":"https:\/\/www.legendslocker.co\/fr\/wp-json\/wp\/v2\/product\/32378","targetHints":{"allow":["GET"]}}],"collection":[{"href":"https:\/\/www.legendslocker.co\/fr\/wp-json\/wp\/v2\/product"}],"about":[{"href":"https:\/\/www.legendslocker.co\/fr\/wp-json\/wp\/v2\/types\/product"}],"wp:featuredmedia":[{"embeddable":true,"href":"https:\/\/www.legendslocker.co\/fr\/wp-json\/wp\/v2\/media\/44943"}],"wp:attachment":[{"href":"https:\/\/www.legendslocker.co\/fr\/wp-json\/wp\/v2\/media?parent=32378"}],"wp:term":[{"taxonomy":"product_brand","embeddable":true,"href":"https:\/\/www.legendslocker.co\/fr\/wp-json\/wp\/v2\/product_brand?post=32378"},{"taxonomy":"product_cat","embeddable":true,"href":"https:\/\/www.legendslocker.co\/fr\/wp-json\/wp\/v2\/product_cat?post=32378"},{"taxonomy":"product_tag","embeddable":true,"href":"https:\/\/www.legendslocker.co\/fr\/wp-json\/wp\/v2\/product_tag?post=32378"}],"curies":[{"name":"wp","href":"https:\/\/api.w.org\/{rel}","templated":true}]}}