{"id":32365,"date":"2025-11-02T17:53:43","date_gmt":"2025-11-02T17:53:43","guid":{"rendered":"https:\/\/www.legendslocker.co\/product\/maillot-third-stadium-nike-de-chelsea-2025-26\/"},"modified":"2025-11-11T10:44:54","modified_gmt":"2025-11-11T10:44:54","slug":"maillot-third-stadium-nike-de-chelsea-2025-26","status":"publish","type":"product","link":"https:\/\/www.legendslocker.co\/fr\/product\/maillot-third-stadium-nike-de-chelsea-2025-26\/","title":{"rendered":"Maillot third stadium Nike de Chelsea 2025-26"},"content":{"rendered":"<p>21 ans apr\u00e8s ses d\u00e9buts, Nike Total 90 fait son retour sur la sc\u00e8ne mondiale. S&rsquo;inspirant de l&rsquo;\u00e9nergie du d\u00e9but des ann\u00e9es 2000, ce maillot utilise les couleurs du maillot ext\u00e9rieur 2004\/05 de Chelsea et des lignes courbes pour adapter cette collection iconique \u00e0 une nouvelle \u00e8re de stars. Con\u00e7ue pour performer pendant les 90 minutes d&rsquo;un match, la collection Total 90 est devenue l&rsquo;une des tenues embl\u00e9matiques des ann\u00e9es 2000 gr\u00e2ce \u00e0 ses lignes courbes, ses designs asym\u00e9triques et ses mat\u00e9riaux mixtes. Cette r\u00e9\u00e9dition apporte cette m\u00eame \u00e9nergie \u00e0 une nouvelle g\u00e9n\u00e9ration de joueurs et de supporters.   <\/p>\n<ul>\n<li>La collection Stadium associe des d\u00e9tails de design r\u00e9plique \u00e0 une technologie anti-transpiration pour te donner un look pr\u00eat pour le match inspir\u00e9 de ton \u00e9quipe pr\u00e9f\u00e9r\u00e9e<\/li>\n<li>La technologie Nike Dri-FIT \u00e9vacue la transpiration de ta peau pour une \u00e9vaporation plus rapide, te permettant de rester au sec et \u00e0 l&rsquo;aise<\/li>\n<li>Design r\u00e9plique<\/li>\n<li>\u00c9cusson vintage du club<\/li>\n<li>\u00c9cusson tiss\u00e9<\/li>\n<li>Manches courtes<\/li>\n<li>La technologie Dri-FIT\u00ae \u00e9vacue l&rsquo;humidit\u00e9<\/li>\n<li>Officiellement sous licence<\/li>\n<li>Les articles personnalis\u00e9s sont des ventes d\u00e9finitives et ne peuvent pas \u00eatre annul\u00e9s, modifi\u00e9s, retourn\u00e9s ou rembours\u00e9s apr\u00e8s la commande<\/li>\n<\/ul>\n<p>&nbsp;<\/p>\n","protected":false},"excerpt":{"rendered":"<p>21 ans apr\u00e8s ses d\u00e9buts, Nike Total 90 fait son retour sur la sc\u00e8ne mondiale. S&rsquo;inspirant de l&rsquo;\u00e9nergie du d\u00e9but des ann\u00e9es 2000, ce maillot utilise les couleurs du maillot ext\u00e9rieur 2004\/05 de Chelsea et des lignes courbes pour adapter cette collection iconique \u00e0 une nouvelle \u00e8re de stars. Con\u00e7ue pour performer pendant les 90&#8230;<\/p>\n","protected":false},"featured_media":44939,"template":"","meta":{"_kad_post_transparent":"","_kad_post_title":"","_kad_post_layout":"","_kad_post_sidebar_id":"","_kad_post_content_style":"","_kad_post_vertical_padding":"","_kad_post_feature":"","_kad_post_feature_position":"","_kad_post_header":false,"_kad_post_footer":false},"product_brand":[],"product_cat":[363],"product_tag":[],"class_list":{"0":"post-32365","1":"product","2":"type-product","3":"status-publish","4":"has-post-thumbnail","6":"product_cat-chelsea-fc","8":"first","9":"instock","10":"sale","11":"shipping-taxable","12":"purchasable","13":"product-type-variable","14":"entry","15":"content-bg","16":"loop-entry"},"jetpack_sharing_enabled":true,"_links":{"self":[{"href":"https:\/\/www.legendslocker.co\/fr\/wp-json\/wp\/v2\/product\/32365","targetHints":{"allow":["GET"]}}],"collection":[{"href":"https:\/\/www.legendslocker.co\/fr\/wp-json\/wp\/v2\/product"}],"about":[{"href":"https:\/\/www.legendslocker.co\/fr\/wp-json\/wp\/v2\/types\/product"}],"wp:featuredmedia":[{"embeddable":true,"href":"https:\/\/www.legendslocker.co\/fr\/wp-json\/wp\/v2\/media\/44939"}],"wp:attachment":[{"href":"https:\/\/www.legendslocker.co\/fr\/wp-json\/wp\/v2\/media?parent=32365"}],"wp:term":[{"taxonomy":"product_brand","embeddable":true,"href":"https:\/\/www.legendslocker.co\/fr\/wp-json\/wp\/v2\/product_brand?post=32365"},{"taxonomy":"product_cat","embeddable":true,"href":"https:\/\/www.legendslocker.co\/fr\/wp-json\/wp\/v2\/product_cat?post=32365"},{"taxonomy":"product_tag","embeddable":true,"href":"https:\/\/www.legendslocker.co\/fr\/wp-json\/wp\/v2\/product_tag?post=32365"}],"curies":[{"name":"wp","href":"https:\/\/api.w.org\/{rel}","templated":true}]}}