{"id":29968,"date":"2022-09-10T09:14:59","date_gmt":"2022-09-10T09:14:59","guid":{"rendered":"https:\/\/www.legendslocker.co\/politique-dexpedition\/"},"modified":"2022-09-10T09:14:59","modified_gmt":"2022-09-10T09:14:59","slug":"politique-dexpedition","status":"publish","type":"page","link":"https:\/\/www.legendslocker.co\/fr\/politique-dexpedition\/","title":{"rendered":"Politique d&rsquo;exp\u00e9dition"},"content":{"rendered":"\n<h2 class=\"wp-block-heading\">Politique d&rsquo;exp\u00e9dition<\/h2>\n\n\n\n<p><\/p>\n\n\n\n<p>Tous les produits de notre site web b\u00e9n\u00e9ficient de la livraison gratuite au Royaume-Uni. Le d\u00e9lai de livraison est de 7 \u00e0 10 jours ouvrables.<\/p>\n\n\n\n<p>Toutes les commandes sont trait\u00e9es dans un d\u00e9lai de 7 jours ouvrables (sauf pour les commandes pass\u00e9es les week-ends ou jours f\u00e9ri\u00e9s). Une fois la commande exp\u00e9di\u00e9e, tu recevras un e-mail avec les informations de suivi et la date de livraison estim\u00e9e.<\/p>\n\n\n\n<p>L&rsquo;heure limite de commande est 15h00 GMT<\/p>\n\n\n\n<h3 class=\"wp-block-heading\"><strong>MODE D&rsquo;EXP\u00c9DITION :<\/strong><\/h3>\n\n\n\n<p><strong>Livraison standard<\/strong> : livraison gratuite<\/p>\n\n\n\n<p>Les commandes sont g\u00e9n\u00e9ralement exp\u00e9di\u00e9es sous 5 \u00e0 7 jours ouvrables. (Lundi \u2013 Vendredi) via Royal Mail pour le Royaume-Uni. Le d\u00e9lai de transit est de 4 \u00e0 6 jours ouvrables.<\/p>\n\n\n\n<p><strong>Modifications de commande :<\/strong><\/p>\n\n\n\n<p>Toutes les commandes sont trait\u00e9es sous 1 \u00e0 2 jours ouvrables. Une fois ta commande trait\u00e9e, elle ne peut plus \u00eatre modifi\u00e9e ou annul\u00e9e.<\/p>\n\n\n\n<p><strong>REMARQUE :<\/strong> Merci de v\u00e9rifier les instructions sp\u00e9ciales au niveau du produit concernant les d\u00e9lais de livraison. Les d\u00e9lais de livraison au niveau des produits peuvent varier en fonction de la demande et des soldes de fin d&rsquo;ann\u00e9e.<\/p>\n\n\n\n<p><strong>P.S. :<\/strong> Les commandes avec impression personnalis\u00e9e sont sujettes \u00e0 un d\u00e9lai suppl\u00e9mentaire de 2 \u00e0 3 jours.<\/p>\n\n\n\n<p><strong>Article non re\u00e7u :<\/strong><\/p>\n\n\n\n<p>Si tu as pass\u00e9 une commande avec succ\u00e8s et que tu ne l&rsquo;as pas encore re\u00e7ue alors que le statut de suivi indique qu&rsquo;elle a \u00e9t\u00e9 livr\u00e9e, Contacte notre support \u00e0 support@kickoffgear.co et nous t&rsquo;aiderons \u00e0 la retrouver.<\/p>\n\n\n\n<h3 class=\"wp-block-heading\">Aide<\/h3>\n\n\n\n<p>N&rsquo;h\u00e9site pas \u00e0 contacter notre support en remplissant le formulaire sur la <a href=\"https:\/\/www.legendslocker.co\/contact\/\" data-type=\"URL\" data-id=\"https:\/\/www.legendslocker.co\/contact\/\">page de contact<\/a><\/p>\n","protected":false},"excerpt":{"rendered":"<p>Politique d&rsquo;exp\u00e9dition Tous les produits de notre site web b\u00e9n\u00e9ficient de la livraison gratuite au Royaume-Uni. Le d\u00e9lai de livraison est de 7 \u00e0 10 jours ouvrables. Toutes les commandes sont trait\u00e9es dans un d\u00e9lai de 7 jours ouvrables (sauf pour les commandes pass\u00e9es les week-ends ou jours f\u00e9ri\u00e9s). Une fois la commande exp\u00e9di\u00e9e, tu&#8230;<\/p>\n","protected":false},"author":1,"featured_media":0,"parent":0,"menu_order":0,"comment_status":"closed","ping_status":"closed","template":"","meta":{"_kad_post_transparent":"","_kad_post_title":"","_kad_post_layout":"","_kad_post_sidebar_id":"","_kad_post_content_style":"","_kad_post_vertical_padding":"","_kad_post_feature":"","_kad_post_feature_position":"","_kad_post_header":false,"_kad_post_footer":false,"footnotes":""},"class_list":["post-29968","page","type-page","status-publish","hentry"],"jetpack_sharing_enabled":true,"_links":{"self":[{"href":"https:\/\/www.legendslocker.co\/fr\/wp-json\/wp\/v2\/pages\/29968","targetHints":{"allow":["GET"]}}],"collection":[{"href":"https:\/\/www.legendslocker.co\/fr\/wp-json\/wp\/v2\/pages"}],"about":[{"href":"https:\/\/www.legendslocker.co\/fr\/wp-json\/wp\/v2\/types\/page"}],"author":[{"embeddable":true,"href":"https:\/\/www.legendslocker.co\/fr\/wp-json\/wp\/v2\/users\/1"}],"replies":[{"embeddable":true,"href":"https:\/\/www.legendslocker.co\/fr\/wp-json\/wp\/v2\/comments?post=29968"}],"version-history":[{"count":0,"href":"https:\/\/www.legendslocker.co\/fr\/wp-json\/wp\/v2\/pages\/29968\/revisions"}],"wp:attachment":[{"href":"https:\/\/www.legendslocker.co\/fr\/wp-json\/wp\/v2\/media?parent=29968"}],"curies":[{"name":"wp","href":"https:\/\/api.w.org\/{rel}","templated":true}]}}