{"id":29935,"date":"2022-08-31T06:08:12","date_gmt":"2022-08-31T06:08:12","guid":{"rendered":"https:\/\/www.legendslocker.co\/politique-de-confidentialite\/"},"modified":"2022-08-31T06:08:12","modified_gmt":"2022-08-31T06:08:12","slug":"politique-de-confidentialite","status":"publish","type":"page","link":"https:\/\/www.legendslocker.co\/fr\/politique-de-confidentialite\/","title":{"rendered":"Politique de confidentialit\u00e9"},"content":{"rendered":"\n<p>Cette politique de confidentialit\u00e9 d\u00e9crit comment The Sports Creed (le \u00ab Site \u00bb ou \u00ab nous \u00bb) collecte, utilise et divulgue tes informations personnelles lorsque tu visites le site ou effectues un achat sur le site.<\/p>\n\n\n\n<h4 class=\"wp-block-heading\">Collecte d&rsquo;informations personnelles<\/h4>\n\n\n\n<p>Lorsque tu visites le site, nous collectons certaines informations sur ton appareil, ton interaction avec le site, et les informations n\u00e9cessaires pour traiter tes achats. Nous pouvons \u00e9galement collecter des informations suppl\u00e9mentaires si tu nous contactes pour le support client. Dans cette politique de confidentialit\u00e9, nous faisons r\u00e9f\u00e9rence \u00e0 toute information qui peut identifier de mani\u00e8re unique un individu (y compris les informations ci-dessous) comme \u00ab Informations personnelles \u00bb. Consulte la liste ci-dessous pour plus d&rsquo;informations sur les informations personnelles que nous collectons et pourquoi.   <\/p>\n\n\n\n<p><strong><u>Informations sur l&rsquo;appareil<\/u><\/strong><\/p>\n\n\n\n<ul class=\"wp-block-list\">\n<li><strong>Exemples d&rsquo;informations personnelles collect\u00e9es :<\/strong> version du navigateur web, adresse IP, fuseau horaire, informations sur les cookies, quels sites ou produits tu consultes, termes de recherche, et comment tu interagis avec le site.<\/li>\n\n\n\n<li><strong>Objectif de la collecte :<\/strong> charger le site avec pr\u00e9cision pour toi, et effectuer des analyses sur l&rsquo;utilisation du site pour optimiser notre site.<\/li>\n\n\n\n<li><strong>Source de collecte :<\/strong> collect\u00e9es automatiquement lorsque tu acc\u00e8des \u00e0 notre site en utilisant des cookies, fichiers journaux, balises web, tags<\/li>\n\n\n\n<li><strong>Divulgation \u00e0 des fins commerciales :<\/strong> partag\u00e9es avec nos processeurs Google, Facebook, Bing, Woocommerce.<\/li>\n<\/ul>\n\n\n\n<p><strong><u>Informations de commande<\/u><\/strong><\/p>\n\n\n\n<ul class=\"wp-block-list\">\n<li><strong>Exemples d&rsquo;informations personnelles collect\u00e9es :<\/strong> nom, adresse de facturation, adresse de livraison, informations de paiement (y compris les num\u00e9ros de carte de cr\u00e9dit), adresse e-mail, et num\u00e9ro de t\u00e9l\u00e9phone.<\/li>\n\n\n\n<li><strong>Objectif de la collecte :<\/strong> te fournir des produits ou services pour remplir notre contrat, traiter tes informations de paiement, organiser la livraison, et te fournir des factures et\/ou confirmations de commande, communiquer avec toi, examiner nos commandes pour d\u00e9tecter les risques potentiels ou la fraude, et lorsque cela correspond aux pr\u00e9f\u00e9rences que tu as partag\u00e9es avec nous, te fournir des informations ou de la publicit\u00e9 relatives \u00e0 nos produits ou services.<\/li>\n\n\n\n<li><strong>Source de collecte :<\/strong> collect\u00e9es aupr\u00e8s de toi.<\/li>\n\n\n\n<li><strong>Divulgation \u00e0 des fins commerciales :<\/strong> partag\u00e9es avec notre processeur Stripe.<\/li>\n<\/ul>\n\n\n\n<p><strong><u>Informations de support client<\/u><\/strong><\/p>\n\n\n\n<ul class=\"wp-block-list\">\n<li><strong>Exemples d&rsquo;informations personnelles collect\u00e9es :<\/strong> <em>Nom, e-mail et ID de commande.<\/em><\/li>\n\n\n\n<li><strong>Objectif de la collecte :<\/strong> fournir un support client.<\/li>\n\n\n\n<li><strong>Source de collecte :<\/strong> collect\u00e9es aupr\u00e8s de toi.<\/li>\n\n\n\n<li><strong>Divulgation \u00e0 des fins commerciales :<\/strong> <em>\u00c9quipe de support interne<\/em><\/li>\n<\/ul>\n\n\n\n<h4 class=\"wp-block-heading\">Mineurs<\/h4>\n\n\n\n<p>Le site n&rsquo;est pas destin\u00e9 aux personnes de moins de<em> 18<\/em> ans. Nous ne collectons pas intentionnellement d&rsquo;informations personnelles aupr\u00e8s d&rsquo;enfants. Si tu es le parent ou tuteur et crois que ton enfant nous a fourni des informations personnelles, contacte-nous \u00e0 l&rsquo;adresse ci-dessous pour demander la suppression.  <\/p>\n\n\n\n<h4 class=\"wp-block-heading\">Partage d&rsquo;informations personnelles<\/h4>\n\n\n\n<p>Nous partageons tes informations personnelles avec des prestataires de services pour nous aider \u00e0 fournir nos services et remplir nos contrats avec toi, comme d\u00e9crit ci-dessus. Par exemple : <\/p>\n\n\n\n<ul class=\"wp-block-list\">\n<li>Nous pouvons partager tes informations personnelles pour nous conformer aux lois et r\u00e9glementations applicables, pour r\u00e9pondre \u00e0 une assignation, mandat de perquisition ou autre demande l\u00e9gale d&rsquo;informations que nous recevons, ou pour prot\u00e9ger nos droits.<\/li>\n<\/ul>\n\n\n\n<h4 class=\"wp-block-heading\">Publicit\u00e9 comportementale<\/h4>\n\n\n\n<p>Comme d\u00e9crit ci-dessus, nous utilisons tes informations personnelles pour te fournir des publicit\u00e9s cibl\u00e9es ou des communications marketing que nous pensons pouvoir t&rsquo;int\u00e9resser. Par exemple : <\/p>\n\n\n\n<ul class=\"wp-block-list\">\n<li>Nous utilisons Google Analytics pour nous aider \u00e0 comprendre comment nos clients utilisent le site. Tu peux en savoir plus sur la fa\u00e7on dont Google utilise tes informations personnelles ici : &nbsp;<a href=\"https:\/\/policies.google.com\/privacy?hl=en\">https:\/\/policies.google.com\/privacy?hl=en<\/a>. Tu peux \u00e9galement te d\u00e9sinscrire de Google Analytics ici :&nbsp;<a href=\"https:\/\/tools.google.com\/dlpage\/gaoptout\">https:\/\/tools.google.com\/dlpage\/gaoptout<\/a>.<\/li>\n<\/ul>\n\n\n\n<p>Pour plus d&rsquo;informations sur le fonctionnement de la publicit\u00e9 cibl\u00e9e, tu peux visiter la page \u00e9ducative de la Network Advertising Initiative (\u00ab NAI \u00bb) \u00e0 <a href=\"http:\/\/www.networkadvertising.org\/understanding-online-advertising\/how-does-it-work\">http:\/\/www.networkadvertising.org\/understanding-online-advertising\/how-does-it-work<\/a>.<\/p>\n\n\n\n<p>Tu peux te d\u00e9sinscrire de la publicit\u00e9 cibl\u00e9e par :<\/p>\n\n\n\n<ul class=\"wp-block-list\">\n<li><em>FACEBOOK \u2013 <\/em><a href=\"https:\/\/www.facebook.com\/settings\/?tab=ads\">https:\/\/www.facebook.com\/settings\/?tab=ads<\/a><\/li>\n\n\n\n<li><em>GOOGLE \u2013 <\/em><a href=\"https:\/\/www.google.com\/settings\/ads\/anonymous\">https:\/\/www.google.com\/settings\/ads\/anonymous<\/a><\/li>\n\n\n\n<li><em>BING \u2013 <\/em><a href=\"https:\/\/advertise.bingads.microsoft.com\/en-us\/resources\/policies\/personalized-ads\">https:\/\/advertise.bingads.microsoft.com\/en-us\/resources\/policies\/personalized-ads<\/a><em>]<\/em><\/li>\n<\/ul>\n\n\n\n<p>De plus, tu peux te d\u00e9sinscrire de certains de ces services en visitant le portail de d\u00e9sinscription de la Digital Advertising Alliance \u00e0 : <a href=\"http:\/\/optout.aboutads.info\/\">http:\/\/optout.aboutads.info\/<\/a>.<\/p>\n\n\n\n<h4 class=\"wp-block-heading\">Utilisation des informations personnelles<\/h4>\n\n\n\n<p>Nous utilisons tes informations personnelles pour te fournir nos services, ce qui inclut : proposer des produits \u00e0 la vente, traiter les paiements, exp\u00e9dier et traiter ta commande, et te tenir au courant des nouveaux produits, services et offres.<\/p>\n\n\n\n<h4 class=\"wp-block-heading\">Base l\u00e9gale<\/h4>\n\n\n\n<p>Conform\u00e9ment au R\u00e8glement g\u00e9n\u00e9ral sur la protection des donn\u00e9es (\u00ab RGPD \u00bb), si tu r\u00e9sides dans l&rsquo;Espace \u00e9conomique europ\u00e9en (\u00ab EEE \u00bb), nous traitons tes informations personnelles sous les bases l\u00e9gales suivantes :<\/p>\n\n\n\n<ul class=\"wp-block-list\">\n<li>Ton consentement ;<\/li>\n\n\n\n<li>L&rsquo;ex\u00e9cution du contrat entre toi et le site ;<\/li>\n\n\n\n<li>Le respect de nos obligations l\u00e9gales ;<\/li>\n\n\n\n<li>Pour prot\u00e9ger tes int\u00e9r\u00eats vitaux ;<\/li>\n\n\n\n<li>Pour accomplir une t\u00e2che d&rsquo;int\u00e9r\u00eat public ;<\/li>\n\n\n\n<li>Pour nos int\u00e9r\u00eats l\u00e9gitimes, qui ne pr\u00e9valent pas sur tes droits et libert\u00e9s fondamentaux.<\/li>\n<\/ul>\n\n\n\n<h4 class=\"wp-block-heading\">Conservation<\/h4>\n\n\n\n<p>Lorsque tu passes une commande sur le site, nous conserverons tes informations personnelles dans nos dossiers sauf si tu nous demandes de supprimer ces informations. Pour plus d&rsquo;informations sur ton droit \u00e0 l&rsquo;effacement, consulte la section \u00ab Tes droits \u00bb ci-dessous. <\/p>\n\n\n\n<h4 class=\"wp-block-heading\">Prise de d\u00e9cision automatis\u00e9e<\/h4>\n\n\n\n<p>Si tu r\u00e9sides dans l&rsquo;EEE, tu as le droit de t&rsquo;opposer au traitement bas\u00e9 uniquement sur la prise de d\u00e9cision automatis\u00e9e (qui inclut le profilage), lorsque cette prise de d\u00e9cision a un effet juridique sur toi ou t&rsquo;affecte de mani\u00e8re significative.<\/p>\n\n\n\n<p>Nous <em>NE NOUS ENGAGEONS PAS<\/em> dans une prise de d\u00e9cision enti\u00e8rement automatis\u00e9e qui a un effet juridique ou autrement significatif en utilisant les donn\u00e9es client.<\/p>\n\n\n\n<p>Notre processeur Stripe utilise une prise de d\u00e9cision automatis\u00e9e limit\u00e9e pour pr\u00e9venir la fraude qui n&rsquo;a pas d&rsquo;effet juridique ou autrement significatif sur toi.<\/p>\n\n\n\n<p>Les services qui incluent des \u00e9l\u00e9ments de prise de d\u00e9cision automatis\u00e9e comprennent :<\/p>\n\n\n\n<ul class=\"wp-block-list\">\n<li>Liste de refus temporaire d&rsquo;adresses IP associ\u00e9es \u00e0 des transactions \u00e9chou\u00e9es r\u00e9p\u00e9t\u00e9es. Cette liste de refus persiste pendant quelques heures. <\/li>\n\n\n\n<li>Liste de refus temporaire de cartes de cr\u00e9dit associ\u00e9es \u00e0 des adresses IP sur liste de refus. Cette liste de refus persiste pendant quelques jours. <\/li>\n<\/ul>\n\n\n\n<h4 class=\"wp-block-heading\">Cookies<\/h4>\n\n\n\n<p>Un cookie est une petite quantit\u00e9 d&rsquo;informations t\u00e9l\u00e9charg\u00e9e sur ton ordinateur ou appareil lorsque tu visites notre site. Nous utilisons plusieurs types de cookies diff\u00e9rents, notamment des cookies fonctionnels, de performance, publicitaires, et de r\u00e9seaux sociaux ou de contenu. Les cookies am\u00e9liorent ton exp\u00e9rience de navigation en permettant au site web de se souvenir de tes actions et pr\u00e9f\u00e9rences (comme la connexion et la s\u00e9lection de r\u00e9gion). Cela signifie que tu n&rsquo;as pas \u00e0 ressaisir ces informations chaque fois que tu reviens sur le site ou navigues d&rsquo;une page \u00e0 l&rsquo;autre. Les cookies fournissent \u00e9galement des informations sur la fa\u00e7on dont les gens utilisent le site web, par exemple s&rsquo;il s&rsquo;agit de leur premi\u00e8re visite ou s&rsquo;ils sont des visiteurs fr\u00e9quents.    <\/p>\n\n\n\n<p>Nous utilisons les cookies suivants pour optimiser ton exp\u00e9rience sur notre site et fournir nos services.<\/p>\n\n\n\n<h4 class=\"wp-block-heading\">Cookies n\u00e9cessaires au fonctionnement de la boutique<\/h4>\n\n\n\n<figure class=\"wp-block-table\"><table><thead><tr><td><strong>Nom<\/strong><\/td><td><strong>fonction<\/strong><\/td><\/tr><\/thead><tbody><tr><td><em>_ab<\/em><\/td><td>Utilis\u00e9 en relation avec l&rsquo;acc\u00e8s \u00e0 l&rsquo;administration.<\/td><\/tr><tr><td><em>_secure_session_id<\/em><\/td><td>Utilis\u00e9 en relation avec la navigation dans une vitrine.<\/td><\/tr><tr><td><em>cart<\/em><\/td><td>Utilis\u00e9 en relation avec le panier d&rsquo;achat.<\/td><\/tr><tr><td><em>cart_sig<\/em><\/td><td>Utilis\u00e9 en relation avec la commande.<\/td><\/tr><tr><td><em>cart_ts<\/em><\/td><td>Utilis\u00e9 en relation avec la commande.<\/td><\/tr><tr><td><em>checkout_token<\/em><\/td><td>Utilis\u00e9 en relation avec la commande.<\/td><\/tr><tr><td><em>secret<\/em><\/td><td>Utilis\u00e9 en relation avec la commande.<\/td><\/tr><tr><td><em>secure_customer_sig<\/em><\/td><td>Utilis\u00e9 en relation avec la connexion client.<\/td><\/tr><tr><td><em>storefront_digest<\/em><\/td><td>Utilis\u00e9 en relation avec la connexion client.<\/td><\/tr><\/tbody><\/table><\/figure>\n\n\n\n<h4 class=\"wp-block-heading\">Rapports et analyses<\/h4>\n\n\n\n<figure class=\"wp-block-table\"><table><tbody><tr><td><strong>Nom<\/strong><\/td><td><strong>fonction<\/strong><\/td><\/tr><tr><td><em>_tracking_consent<\/em><\/td><td>Pr\u00e9f\u00e9rences de suivi.<\/td><\/tr><tr><td><em>_landing_page<\/em><\/td><td>Suivre les pages d&rsquo;atterrissage<\/td><\/tr><tr><td><em>_orig_referrer<\/em><\/td><td>Suivre les pages d&rsquo;atterrissage<\/td><\/tr><\/tbody><\/table><\/figure>\n\n\n\n<p>La dur\u00e9e pendant laquelle un cookie reste sur ton ordinateur ou appareil mobile d\u00e9pend s&rsquo;il s&rsquo;agit d&rsquo;un cookie \u00ab persistant \u00bb ou \u00ab de session \u00bb. Les cookies de session durent jusqu&rsquo;\u00e0 ce que tu arr\u00eates de naviguer et les cookies persistants durent jusqu&rsquo;\u00e0 ce qu&rsquo;ils expirent ou soient supprim\u00e9s. La plupart des cookies que nous utilisons sont persistants et expireront entre 30 minutes et deux ans \u00e0 partir de la date o\u00f9 ils sont t\u00e9l\u00e9charg\u00e9s sur ton appareil.  <\/p>\n\n\n\n<p>Tu peux contr\u00f4ler et g\u00e9rer les cookies de diverses mani\u00e8res. Garde \u00e0 l&rsquo;esprit que supprimer ou bloquer les cookies peut impacter n\u00e9gativement ton exp\u00e9rience utilisateur et certaines parties de notre site web peuvent ne plus \u00eatre enti\u00e8rement accessibles. <\/p>\n\n\n\n<p>La plupart des navigateurs acceptent automatiquement les cookies, mais tu peux choisir d&rsquo;accepter ou non les cookies via les contr\u00f4les de ton navigateur, souvent trouv\u00e9s dans le menu \u00ab Outils \u00bb ou \u00ab Pr\u00e9f\u00e9rences \u00bb de ton navigateur. Pour plus d&rsquo;informations sur la fa\u00e7on de modifier les param\u00e8tres de ton navigateur ou comment bloquer, g\u00e9rer ou filtrer les cookies, consulte le fichier d&rsquo;aide de ton navigateur ou des sites comme &nbsp;<a href=\"https:\/\/arain26-833.myshopify.com\/admin\/settings\/www.allaboutcookies.org\">www.allaboutcookies.org<\/a>.<\/p>\n\n\n\n<p>De plus, note que bloquer les cookies peut ne pas emp\u00eacher compl\u00e8tement la fa\u00e7on dont nous partageons des informations avec des tiers comme nos partenaires publicitaires. Pour exercer tes droits ou te d\u00e9sinscrire de certaines utilisations de tes informations par ces parties, suis les instructions dans la section \u00ab Publicit\u00e9 comportementale \u00bb ci-dessus. <\/p>\n\n\n\n<h4 class=\"wp-block-heading\">Ne pas suivre<\/h4>\n\n\n\n<p>Note que parce qu&rsquo;il n&rsquo;y a pas de compr\u00e9hension coh\u00e9rente de l&rsquo;industrie sur la fa\u00e7on de r\u00e9pondre aux signaux \u00ab Ne pas suivre \u00bb, nous ne modifions pas nos pratiques de collecte et d&rsquo;utilisation de donn\u00e9es lorsque nous d\u00e9tectons un tel signal de ton navigateur.<\/p>\n\n\n\n<h4 class=\"wp-block-heading\">Modifications<\/h4>\n\n\n\n<p>Nous pouvons mettre \u00e0 jour cette politique de confidentialit\u00e9 de temps en temps afin de refl\u00e9ter, par exemple, des changements dans nos pratiques ou pour d&rsquo;autres raisons op\u00e9rationnelles, l\u00e9gales ou r\u00e9glementaires.<\/p>\n\n\n\n<h4 class=\"wp-block-heading\">Contact<\/h4>\n\n\n\n<p>Pour plus d&rsquo;informations sur nos pratiques de confidentialit\u00e9, si tu as des questions, ou si tu souhaites d\u00e9poser une plainte, contacte-nous par e-mail \u00e0 legal@kickoffgear.co ou par courrier en utilisant les d\u00e9tails fournis ci-dessous :<\/p>\n\n\n\n<p>Adresse<\/p>\n\n\n\n<p>Si tu n&rsquo;es pas satisfait de notre r\u00e9ponse \u00e0 ta plainte, tu as le droit de d\u00e9poser ta plainte aupr\u00e8s de l&rsquo;autorit\u00e9 de protection des donn\u00e9es comp\u00e9tente. Tu peux contacter ton autorit\u00e9 locale de protection des donn\u00e9es, ou notre autorit\u00e9 de surveillance ici : &nbsp;<a href=\"https:\/\/ico.org.uk\/make-a-complaint\/\">https:\/\/ico.org.uk\/make-a-complaint\/<\/a><\/p>\n","protected":false},"excerpt":{"rendered":"<p>Cette politique de confidentialit\u00e9 d\u00e9crit comment The Sports Creed (le \u00ab Site \u00bb ou \u00ab nous \u00bb) collecte, utilise et divulgue tes informations personnelles lorsque tu visites le site ou effectues un achat sur le site. Collecte d&rsquo;informations personnelles Lorsque tu visites le site, nous collectons certaines informations sur ton appareil, ton interaction avec le&#8230;<\/p>\n","protected":false},"author":1,"featured_media":0,"parent":0,"menu_order":0,"comment_status":"closed","ping_status":"closed","template":"","meta":{"_kad_post_transparent":"","_kad_post_title":"","_kad_post_layout":"","_kad_post_sidebar_id":"","_kad_post_content_style":"","_kad_post_vertical_padding":"","_kad_post_feature":"","_kad_post_feature_position":"","_kad_post_header":false,"_kad_post_footer":false,"footnotes":""},"class_list":["post-29935","page","type-page","status-publish","hentry"],"jetpack_sharing_enabled":true,"_links":{"self":[{"href":"https:\/\/www.legendslocker.co\/fr\/wp-json\/wp\/v2\/pages\/29935","targetHints":{"allow":["GET"]}}],"collection":[{"href":"https:\/\/www.legendslocker.co\/fr\/wp-json\/wp\/v2\/pages"}],"about":[{"href":"https:\/\/www.legendslocker.co\/fr\/wp-json\/wp\/v2\/types\/page"}],"author":[{"embeddable":true,"href":"https:\/\/www.legendslocker.co\/fr\/wp-json\/wp\/v2\/users\/1"}],"replies":[{"embeddable":true,"href":"https:\/\/www.legendslocker.co\/fr\/wp-json\/wp\/v2\/comments?post=29935"}],"version-history":[{"count":0,"href":"https:\/\/www.legendslocker.co\/fr\/wp-json\/wp\/v2\/pages\/29935\/revisions"}],"wp:attachment":[{"href":"https:\/\/www.legendslocker.co\/fr\/wp-json\/wp\/v2\/media?parent=29935"}],"curies":[{"name":"wp","href":"https:\/\/api.w.org\/{rel}","templated":true}]}}