{"id":29931,"date":"2017-12-15T10:26:09","date_gmt":"2017-12-15T10:26:09","guid":{"rendered":"https:\/\/www.legendslocker.co\/conditions-generales\/"},"modified":"2017-12-15T10:26:09","modified_gmt":"2017-12-15T10:26:09","slug":"conditions-generales","status":"publish","type":"page","link":"https:\/\/www.legendslocker.co\/fr\/conditions-generales\/","title":{"rendered":"Conditions g\u00e9n\u00e9rales"},"content":{"rendered":"\n<h2 class=\"wp-block-heading\">Conditions g\u00e9n\u00e9rales<\/h2>\n\n\n\n<p>Bienvenue sur kickoffgear.co !<\/p>\n\n\n\n<p>Ces conditions g\u00e9n\u00e9rales d\u00e9crivent les r\u00e8gles et r\u00e9glementations pour l&rsquo;utilisation du site Web kickoffgear.co, situ\u00e9 \u00e0 kickoffgear.co<\/p>\n\n\n\n<p>En acc\u00e9dant \u00e0 ce site web, nous supposons que tu acceptes ces conditions g\u00e9n\u00e9rales. Ne continue pas \u00e0 utiliser kickoffgear.co si tu n&rsquo;acceptes pas de prendre toutes les conditions g\u00e9n\u00e9rales \u00e9nonc\u00e9es sur cette page. <\/p>\n\n\n\n<p>La terminologie suivante s&rsquo;applique \u00e0 ces Conditions g\u00e9n\u00e9rales, D\u00e9claration de confidentialit\u00e9 et Avis de non-responsabilit\u00e9 et tous les Accords : \u00ab Client \u00bb, \u00ab Tu \u00bb et \u00ab Ton \u00bb se r\u00e9f\u00e8rent \u00e0 toi, la personne qui se connecte sur ce site web et se conforme aux conditions g\u00e9n\u00e9rales de la Soci\u00e9t\u00e9. \u00ab La Soci\u00e9t\u00e9 \u00bb, \u00ab Nous-m\u00eames \u00bb, \u00ab Nous \u00bb, \u00ab Notre \u00bb et \u00ab Nous \u00bb, se r\u00e9f\u00e8rent \u00e0 notre Soci\u00e9t\u00e9. \u00ab Partie \u00bb, \u00ab Parties \u00bb, ou \u00ab Nous \u00bb, se r\u00e9f\u00e8rent \u00e0 la fois au Client et \u00e0 nous-m\u00eames. Tous les termes se r\u00e9f\u00e8rent \u00e0 l&rsquo;offre, l&rsquo;acceptation et la consid\u00e9ration du paiement n\u00e9cessaire pour entreprendre le processus de notre assistance au Client de la mani\u00e8re la plus appropri\u00e9e dans le but expr\u00e8s de r\u00e9pondre aux besoins du Client en ce qui concerne la fourniture des services d\u00e9clar\u00e9s de la Soci\u00e9t\u00e9, en accord avec et sous r\u00e9serve de la loi en vigueur des Pays-Bas. Toute utilisation de la terminologie ci-dessus ou d&rsquo;autres mots au singulier, pluriel, majuscule et\/ou il\/elle ou ils, sont pris comme interchangeables et donc comme se r\u00e9f\u00e9rant au m\u00eame.    <\/p>\n\n\n\n<h3 class=\"wp-block-heading\"><strong>Cookies<\/strong><\/h3>\n\n\n\n<p>Nous utilisons des cookies. En acc\u00e9dant \u00e0 kickoffgear.co, tu as accept\u00e9 d&rsquo;utiliser des cookies en accord avec la Politique de confidentialit\u00e9 de kickoffgear.co. <\/p>\n\n\n\n<p>La plupart des sites web interactifs utilisent des cookies pour nous permettre de r\u00e9cup\u00e9rer les d\u00e9tails de l&rsquo;utilisateur \u00e0 chaque visite. Les cookies sont utilis\u00e9s par notre site web pour permettre la fonctionnalit\u00e9 de certaines zones afin de faciliter la visite de notre site web. Certains de nos partenaires affili\u00e9s\/publicitaires peuvent \u00e9galement utiliser des cookies.  <\/p>\n\n\n\n<h3 class=\"wp-block-heading\"><strong>Licence<\/strong><\/h3>\n\n\n\n<p>Sauf indication contraire, kickoffgear.co et\/ou ses conc\u00e9dants de licence poss\u00e8dent les droits de propri\u00e9t\u00e9 intellectuelle pour tout le mat\u00e9riel sur kickoffgear.co. Tous les droits de propri\u00e9t\u00e9 intellectuelle sont r\u00e9serv\u00e9s. Tu peux acc\u00e9der \u00e0 ceci depuis kickoffgear.co pour ton usage personnel soumis aux restrictions \u00e9nonc\u00e9es dans ces conditions g\u00e9n\u00e9rales.  <\/p>\n\n\n\n<p>Tu ne dois pas :<\/p>\n\n\n\n<ul class=\"wp-block-list\"><li>Republier du mat\u00e9riel de kickoffgear.co<\/li><li>Vendre, louer ou sous-licencier du mat\u00e9riel de kickoffgear.co<\/li><li>Reproduire, dupliquer ou copier du mat\u00e9riel de kickoffgear.co<\/li><li>Redistribuer du contenu de kickoffgear.co<\/li><\/ul>\n\n\n\n<p>Cet Accord commencera \u00e0 la date des pr\u00e9sentes. Nos Conditions g\u00e9n\u00e9rales ont \u00e9t\u00e9 cr\u00e9\u00e9es avec l&rsquo;aide du &nbsp;<a href=\"https:\/\/www.termsfeed.com\/terms-conditions-generator\/\">G\u00e9n\u00e9rateur de conditions g\u00e9n\u00e9rales<\/a>.<\/p>\n\n\n\n<p>Des parties de ce site web offrent une opportunit\u00e9 aux utilisateurs de poster et d&rsquo;\u00e9changer des opinions et des informations dans certaines zones du site web. kickoffgear.co ne filtre pas, n&rsquo;\u00e9dite pas, ne publie pas ou ne r\u00e9vise pas les Commentaires avant leur pr\u00e9sence sur le site web. Les Commentaires ne refl\u00e8tent pas les vues et opinions de kickoffgear.co, ses agents et\/ou affili\u00e9s. Les Commentaires refl\u00e8tent les vues et opinions de la personne qui poste ses vues et opinions. Dans la mesure permise par les lois applicables, kickoffgear.co ne sera pas responsable des Commentaires ou de toute responsabilit\u00e9, dommages ou d\u00e9penses caus\u00e9s et\/ou subis \u00e0 la suite de toute utilisation et\/ou publication et\/ou apparition des Commentaires sur ce site web.    <\/p>\n\n\n\n<p>kickoffgear.co se r\u00e9serve le droit de surveiller tous les Commentaires et de supprimer tout Commentaire qui peut \u00eatre consid\u00e9r\u00e9 comme inappropri\u00e9, offensant ou causant une violation de ces Conditions g\u00e9n\u00e9rales.<\/p>\n\n\n\n<p>Tu garantis et d\u00e9clares que :<\/p>\n\n\n\n<ul class=\"wp-block-list\"><li>Tu es autoris\u00e9 \u00e0 poster les Commentaires sur notre site web et as toutes les licences et consentements n\u00e9cessaires pour le faire ;<\/li><li>Les Commentaires n&rsquo;envahissent aucun droit de propri\u00e9t\u00e9 intellectuelle, y compris sans limitation le droit d&rsquo;auteur, le brevet ou la marque de commerce de toute tierce partie ;<\/li><li>Les Commentaires ne contiennent aucun mat\u00e9riel diffamatoire, calomnieux, offensant, ind\u00e9cent ou autrement ill\u00e9gal qui constitue une invasion de la vie priv\u00e9e<\/li><li>Les Commentaires ne seront pas utilis\u00e9s pour solliciter ou promouvoir des affaires ou des clients ou pr\u00e9senter des activit\u00e9s commerciales ou une activit\u00e9 ill\u00e9gale.<\/li><\/ul>\n\n\n\n<p>Tu accordes par les pr\u00e9sentes \u00e0 kickoffgear.co une licence non exclusive pour utiliser, reproduire, \u00e9diter et autoriser d&rsquo;autres \u00e0 utiliser, reproduire et \u00e9diter tous tes Commentaires sous toutes formes, formats ou m\u00e9dias.<\/p>\n\n\n\n<h3 class=\"wp-block-heading\"><strong>Liens hypertextes vers notre contenu<\/strong><\/h3>\n\n\n\n<p>Les organisations suivantes peuvent cr\u00e9er des liens vers notre Site Web sans approbation \u00e9crite pr\u00e9alable :<\/p>\n\n\n\n<ul class=\"wp-block-list\"><li>Agences gouvernementales ;<\/li><li>Moteurs de recherche ;<\/li><li>Organisations de presse ;<\/li><li>Les distributeurs d&rsquo;annuaires en ligne peuvent cr\u00e9er des liens vers notre Site Web de la m\u00eame mani\u00e8re qu&rsquo;ils cr\u00e9ent des liens hypertextes vers les Sites Web d&rsquo;autres entreprises r\u00e9pertori\u00e9es ; et<\/li><li>Entreprises Accr\u00e9dit\u00e9es \u00e0 l&rsquo;\u00e9chelle du syst\u00e8me sauf les organisations \u00e0 but non lucratif sollicitantes, les centres commerciaux de charit\u00e9 et les groupes de collecte de fonds de charit\u00e9 qui ne peuvent pas cr\u00e9er de liens hypertextes vers notre site Web.<\/li><\/ul>\n\n\n\n<p>Ces organisations peuvent cr\u00e9er des liens vers notre page d&rsquo;accueil, vers des publications ou vers d&rsquo;autres informations du Site Web tant que le lien : (a) n&rsquo;est en aucune fa\u00e7on trompeur ; (b) n&rsquo;implique pas faussement le parrainage, l&rsquo;approbation ou l&rsquo;approbation de la partie liante et de ses produits et\/ou services ; et (c) s&rsquo;inscrit dans le contexte du site de la partie liante.   <\/p>\n\n\n\n<p>Nous pouvons consid\u00e9rer et approuver d&rsquo;autres demandes de liens des types d&rsquo;organisations suivants :<\/p>\n\n\n\n<ul class=\"wp-block-list\"><li>sources d&rsquo;informations consommateur et\/ou commerciales commun\u00e9ment connues ;<\/li><li>sites communautaires dot.com ;<\/li><li>associations ou autres groupes repr\u00e9sentant des organismes de bienfaisance ;<\/li><li>distributeurs d&rsquo;annuaires en ligne ;<\/li><li>portails internet ;<\/li><li>cabinets de comptabilit\u00e9, de droit et de conseil ; et<\/li><li>institutions \u00e9ducatives et associations commerciales.<\/li><\/ul>\n\n\n\n<p>Nous approuverons les demandes de liens de ces organisations si nous d\u00e9cidons que : (a) le lien ne nous ferait pas para\u00eetre d\u00e9favorablement \u00e0 nous-m\u00eames ou \u00e0 nos entreprises accr\u00e9dit\u00e9es ; (b) l&rsquo;organisation n&rsquo;a aucun dossier n\u00e9gatif avec nous ; (c) le b\u00e9n\u00e9fice pour nous de la visibilit\u00e9 du lien hypertexte compense l&rsquo;absence de kickoffgear.co ; et (d) le lien est dans le contexte d&rsquo;informations de ressources g\u00e9n\u00e9rales.    <\/p>\n\n\n\n<p>Ces organisations peuvent cr\u00e9er des liens vers notre page d&rsquo;accueil tant que le lien : (a) n&rsquo;est en aucune fa\u00e7on trompeur ; (b) n&rsquo;implique pas faussement le parrainage, l&rsquo;approbation ou l&rsquo;approbation de la partie liante et de ses produits ou services ; et (c) s&rsquo;inscrit dans le contexte du site de la partie liante.   <\/p>\n\n\n\n<p>Si tu es l&rsquo;une des organisations list\u00e9es dans le paragraphe 2 ci-dessus et es int\u00e9ress\u00e9 \u00e0 cr\u00e9er un lien vers notre site web, tu dois nous informer en envoyant un e-mail \u00e0 kickoffgear.co. Veuillez inclure ton nom, le nom de ton organisation, les informations de contact ainsi que l&rsquo;URL de ton site, une liste de toutes les URL \u00e0 partir desquelles tu as l&rsquo;intention de cr\u00e9er un lien vers notre Site Web, et une liste des URL sur notre site vers lesquelles tu aimerais cr\u00e9er un lien. Attends 2-3 semaines pour une r\u00e9ponse.  <\/p>\n\n\n\n<p>Les organisations approuv\u00e9es peuvent cr\u00e9er des liens hypertextes vers notre Site Web comme suit :<\/p>\n\n\n\n<ul class=\"wp-block-list\"><li>En utilisant notre nom d&rsquo;entreprise ; ou<\/li><li>En utilisant le localisateur de ressource uniforme vers lequel le lien est cr\u00e9\u00e9 ; ou<\/li><li>En utilisant toute autre description de notre Site Web vers lequel le lien est cr\u00e9\u00e9 qui a du sens dans le contexte et le format du contenu sur le site de la partie liante.<\/li><\/ul>\n\n\n\n<p>Aucune utilisation du logo kickoffgear.co ou d&rsquo;autres \u0153uvres d&rsquo;art ne sera autoris\u00e9e pour cr\u00e9er des liens sans un accord de licence de marque.<\/p>\n\n\n\n<h3 class=\"wp-block-heading\"><strong>iFrames<\/strong><\/h3>\n\n\n\n<p>Sans approbation pr\u00e9alable et permission \u00e9crite, tu ne peux pas cr\u00e9er de cadres autour de nos Pages Web qui alt\u00e8rent de quelque mani\u00e8re que ce soit la pr\u00e9sentation visuelle ou l&rsquo;apparence de notre Site Web.<\/p>\n\n\n\n<h3 class=\"wp-block-heading\"><strong>Responsabilit\u00e9 du contenu<\/strong><\/h3>\n\n\n\n<p>Nous ne serons pas tenus responsables de tout contenu qui appara\u00eet sur ton Site Web. Tu acceptes de nous prot\u00e9ger et de nous d\u00e9fendre contre toutes les r\u00e9clamations qui surgissent sur ton Site Web. Aucun lien ne devrait appara\u00eetre sur un Site Web qui peut \u00eatre interpr\u00e9t\u00e9 comme diffamatoire, obsc\u00e8ne ou criminel, ou qui enfreint, viole autrement, ou pr\u00e9conise l&rsquo;infraction ou autre violation de, tous droits de tierce partie.  <\/p>\n\n\n\n<h3 class=\"wp-block-heading\"><strong>Ta vie priv\u00e9e<\/strong><\/h3>\n\n\n\n<p>Veuillez lire la <a href=\"https:\/\/www.legendslocker.co\/fr\/politique-de-confidentialite\/\">Politique de confidentialit\u00e9<\/a><\/p>\n\n\n\n<h3 class=\"wp-block-heading\"><strong>R\u00e9servation de droits<\/strong><\/h3>\n\n\n\n<p>Nous nous r\u00e9servons le droit de demander que tu supprimes tous les liens ou tout lien particulier vers notre Site Web. Tu approuves de supprimer imm\u00e9diatement tous les liens vers notre Site Web sur demande. Nous nous r\u00e9servons \u00e9galement le droit de modifier ces conditions g\u00e9n\u00e9rales et sa politique de liens \u00e0 tout moment. En continuant \u00e0 cr\u00e9er des liens vers notre Site Web, tu acceptes d&rsquo;\u00eatre li\u00e9 et de suivre ces conditions g\u00e9n\u00e9rales de liens.   <\/p>\n\n\n\n<h3 class=\"wp-block-heading\"><strong>Suppression de liens de notre site web<\/strong><\/h3>\n\n\n\n<p>Si tu trouves un lien sur notre Site Web qui est offensant pour quelque raison que ce soit, tu es libre de nous contacter et de nous informer \u00e0 tout moment. Nous consid\u00e9rerons les demandes de suppression de liens mais nous ne sommes pas oblig\u00e9s de le faire ou de te r\u00e9pondre directement. <\/p>\n\n\n\n<p>Nous ne garantissons pas que les informations sur ce site web sont correctes, nous ne garantissons pas leur exhaustivit\u00e9 ou leur exactitude ; nous ne promettons pas non plus de nous assurer que le site web reste disponible ou que le mat\u00e9riel sur le site web soit tenu \u00e0 jour.<\/p>\n\n\n\n<h3 class=\"wp-block-heading\"><strong>Avis de non-responsabilit\u00e9<\/strong><\/h3>\n\n\n\n<p>Dans la mesure maximale permise par la loi applicable, nous excluons toutes les repr\u00e9sentations, garanties et conditions relatives \u00e0 notre site web et \u00e0 l&rsquo;utilisation de ce site web. Rien dans cet avis de non-responsabilit\u00e9 ne : <\/p>\n\n\n\n<ul class=\"wp-block-list\"><li>limitera ou exclura notre responsabilit\u00e9 ou la tienne pour la mort ou les blessures corporelles ;<\/li><li>limitera ou exclura notre responsabilit\u00e9 ou la tienne pour la fraude ou la fausse d\u00e9claration frauduleuse ;<\/li><li>limitera nos responsabilit\u00e9s ou les tiennes de quelque mani\u00e8re que ce soit qui n&rsquo;est pas permise sous la loi applicable ; ou<\/li><li>exclura nos responsabilit\u00e9s ou les tiennes qui ne peuvent pas \u00eatre exclues sous la loi applicable.<\/li><\/ul>\n\n\n\n<p>Les limitations et interdictions de responsabilit\u00e9 \u00e9nonc\u00e9es dans cette Section et ailleurs dans cet avis de non-responsabilit\u00e9 : (a) sont soumises au paragraphe pr\u00e9c\u00e9dent ; et (b) r\u00e9gissent toutes les responsabilit\u00e9s d\u00e9coulant de l&rsquo;avis de non-responsabilit\u00e9, y compris les responsabilit\u00e9s d\u00e9coulant du contrat, du d\u00e9lit et de la violation du devoir l\u00e9gal.<\/p>\n\n\n\n<p>Tant que le site web et les informations et services sur le site web sont fournis gratuitement, nous ne serons pas responsables de toute perte ou dommage de quelque nature que ce soit.<\/p>\n","protected":false},"excerpt":{"rendered":"<p>Conditions g\u00e9n\u00e9rales Bienvenue sur kickoffgear.co ! Ces conditions g\u00e9n\u00e9rales d\u00e9crivent les r\u00e8gles et r\u00e9glementations pour l&rsquo;utilisation du site Web kickoffgear.co, situ\u00e9 \u00e0 kickoffgear.co En acc\u00e9dant \u00e0 ce site web, nous supposons que tu acceptes ces conditions g\u00e9n\u00e9rales. Ne continue pas \u00e0 utiliser kickoffgear.co si tu n&rsquo;acceptes pas de prendre toutes les conditions g\u00e9n\u00e9rales \u00e9nonc\u00e9es sur&#8230;<\/p>\n","protected":false},"author":1,"featured_media":0,"parent":0,"menu_order":0,"comment_status":"closed","ping_status":"closed","template":"","meta":{"_kad_post_transparent":"","_kad_post_title":"","_kad_post_layout":"","_kad_post_sidebar_id":"","_kad_post_content_style":"","_kad_post_vertical_padding":"","_kad_post_feature":"","_kad_post_feature_position":"","_kad_post_header":false,"_kad_post_footer":false,"footnotes":""},"class_list":["post-29931","page","type-page","status-publish","hentry"],"jetpack_sharing_enabled":true,"_links":{"self":[{"href":"https:\/\/www.legendslocker.co\/fr\/wp-json\/wp\/v2\/pages\/29931","targetHints":{"allow":["GET"]}}],"collection":[{"href":"https:\/\/www.legendslocker.co\/fr\/wp-json\/wp\/v2\/pages"}],"about":[{"href":"https:\/\/www.legendslocker.co\/fr\/wp-json\/wp\/v2\/types\/page"}],"author":[{"embeddable":true,"href":"https:\/\/www.legendslocker.co\/fr\/wp-json\/wp\/v2\/users\/1"}],"replies":[{"embeddable":true,"href":"https:\/\/www.legendslocker.co\/fr\/wp-json\/wp\/v2\/comments?post=29931"}],"version-history":[{"count":0,"href":"https:\/\/www.legendslocker.co\/fr\/wp-json\/wp\/v2\/pages\/29931\/revisions"}],"wp:attachment":[{"href":"https:\/\/www.legendslocker.co\/fr\/wp-json\/wp\/v2\/media?parent=29931"}],"curies":[{"name":"wp","href":"https:\/\/api.w.org\/{rel}","templated":true}]}}