{"id":29923,"date":"2022-09-10T09:14:43","date_gmt":"2022-09-10T09:14:43","guid":{"rendered":"https:\/\/www.legendslocker.co\/politique-de-paiement\/"},"modified":"2022-09-10T09:14:43","modified_gmt":"2022-09-10T09:14:43","slug":"politique-de-paiement","status":"publish","type":"page","link":"https:\/\/www.legendslocker.co\/fr\/politique-de-paiement\/","title":{"rendered":"Politique de paiement"},"content":{"rendered":"\n<h2 class=\"wp-block-heading\">Politique de paiement<\/h2>\n\n\n\n<p><\/p>\n\n\n\n<h4 class=\"wp-block-heading\">Conditions de paiement<\/h4>\n\n\n\n<p>Tous les paiements sont dus \u00e0 la finalisation de la commande. Si un paiement n&rsquo;est pas re\u00e7u ou si le mode de paiement est refus\u00e9, la commande ne sera pas valid\u00e9e et aucun article ne sera exp\u00e9di\u00e9. L&rsquo;acheteur perd la propri\u00e9t\u00e9 des articles en cas de non-paiement.<\/p>\n\n\n\n<figure class=\"wp-block-image\"><img decoding=\"async\" src=\"http:\/\/reputely.co.uk\/wp-content\/uploads\/2022\/03\/payment-icons-new-1.png\" alt=\"\"><\/figure>\n\n\n\n<p>Nous acceptons la plupart des cartes de cr\u00e9dit principales, notamment Visa, Mastercard, Discover, American Express, Diner&rsquo;s Network, JCP et Union Pay.<\/p>\n\n\n\n<p>Pour votre commodit\u00e9, nous proposons l&rsquo;option de paiement en GBP \u00a3 sur le site.<br>Si ta devise s\u00e9lectionn\u00e9e diff\u00e8re de celle de ta carte de cr\u00e9dit\/d\u00e9bit, des frais de change suppl\u00e9mentaires peuvent \u00eatre factur\u00e9s par l&rsquo;\u00e9metteur de ta carte ou ta banque. Tous ces frais seront \u00e0 ta charge.<\/p>\n\n\n\n<p>Pour les clients qui choisissent de payer par Visa ou MasterCard, assure-toi de fournir le bon code CVC\/CCV lors du paiement.<\/p>\n\n\n\n<p>Pour les nouveaux clients qui choisissent de payer par Visa ou MasterCard et souhaitent faire livrer leurs commandes \u00e0 une adresse non confirm\u00e9e, nous pourrions demander une preuve d&rsquo;adresse\/d&rsquo;identit\u00e9 avant de traiter la commande.<\/p>\n\n\n\n<p>Afin de nous prot\u00e9ger contre la cybercriminalit\u00e9, nous pourrions parfois te demander de confirmer ou de fournir certaines preuves lorsque :<\/p>\n\n\n\n<p>\u2013 L&rsquo;adresse de livraison diff\u00e8re de l&rsquo;adresse de facturation<br>\u2013 Une demande de changement d&rsquo;adresse est faite apr\u00e8s la commande<br>\u2013 La commande est de valeur et\/ou de volume \u00e9lev\u00e9<br>\u2013 D&rsquo;autres probl\u00e8mes soul\u00e8vent des soup\u00e7ons<\/p>\n\n\n\n<h3 class=\"wp-block-heading\">Aide<\/h3>\n\n\n\n<p>N&rsquo;h\u00e9site pas \u00e0 contacter notre support par email : support@kickoffgear.co<\/p>\n","protected":false},"excerpt":{"rendered":"<p>Politique de paiement Conditions de paiement Tous les paiements sont dus \u00e0 la finalisation de la commande. Si un paiement n&rsquo;est pas re\u00e7u ou si le mode de paiement est refus\u00e9, la commande ne sera pas valid\u00e9e et aucun article ne sera exp\u00e9di\u00e9. L&rsquo;acheteur perd la propri\u00e9t\u00e9 des articles en cas de non-paiement. Nous acceptons&#8230;<\/p>\n","protected":false},"author":1,"featured_media":0,"parent":0,"menu_order":0,"comment_status":"closed","ping_status":"closed","template":"","meta":{"_kad_post_transparent":"","_kad_post_title":"","_kad_post_layout":"","_kad_post_sidebar_id":"","_kad_post_content_style":"","_kad_post_vertical_padding":"","_kad_post_feature":"","_kad_post_feature_position":"","_kad_post_header":false,"_kad_post_footer":false,"footnotes":""},"class_list":["post-29923","page","type-page","status-publish","hentry"],"jetpack_sharing_enabled":true,"_links":{"self":[{"href":"https:\/\/www.legendslocker.co\/fr\/wp-json\/wp\/v2\/pages\/29923","targetHints":{"allow":["GET"]}}],"collection":[{"href":"https:\/\/www.legendslocker.co\/fr\/wp-json\/wp\/v2\/pages"}],"about":[{"href":"https:\/\/www.legendslocker.co\/fr\/wp-json\/wp\/v2\/types\/page"}],"author":[{"embeddable":true,"href":"https:\/\/www.legendslocker.co\/fr\/wp-json\/wp\/v2\/users\/1"}],"replies":[{"embeddable":true,"href":"https:\/\/www.legendslocker.co\/fr\/wp-json\/wp\/v2\/comments?post=29923"}],"version-history":[{"count":0,"href":"https:\/\/www.legendslocker.co\/fr\/wp-json\/wp\/v2\/pages\/29923\/revisions"}],"wp:attachment":[{"href":"https:\/\/www.legendslocker.co\/fr\/wp-json\/wp\/v2\/media?parent=29923"}],"curies":[{"name":"wp","href":"https:\/\/api.w.org\/{rel}","templated":true}]}}