{"id":43238,"date":"2022-09-07T06:16:41","date_gmt":"2022-09-07T06:16:41","guid":{"rendered":"https:\/\/www.legendslocker.co\/product\/camiseta-de-futbol-manchester-away-arch-cup-estilo-futbolistico-atemporal\/"},"modified":"2025-11-11T18:07:40","modified_gmt":"2025-11-11T18:07:40","slug":"camiseta-de-futbol-manchester-away-arch-cup-estilo-futbolistico-atemporal","status":"publish","type":"product","link":"https:\/\/www.legendslocker.co\/es\/product\/camiseta-de-futbol-manchester-away-arch-cup-estilo-futbolistico-atemporal\/","title":{"rendered":"Camiseta de f\u00fatbol Manchester Away Arch Cup: estilo futbol\u00edstico atemporal"},"content":{"rendered":"<h2 class=\"\" data-sourcepos=\"1:1-1:68\">Canaliza el legado futbol\u00edstico de tu ciudad con la camiseta Manchester Away Arch Cup<\/h2>\n<p data-sourcepos=\"3:1-3:121\"><strong>Adopta el estilo atemporal y el esp\u00edritu inquebrantable del f\u00fatbol de M\u00e1nchester con la camiseta de f\u00fatbol Manchester Away Arch Cup.<\/strong><\/p>\n<p data-sourcepos=\"7:1-7:18\"><strong>M\u00e1s que una simple camiseta, esta camiseta es una insignia de honor para cualquier &#8216;mancuniano&#8217; orgulloso.<\/strong> Rinde homenaje a la ic\u00f3nica Arch Cup, un torneo de antes de la guerra en el que los gigantes de M\u00e1nchester, como el United y el City, lucharon por la supremac\u00eda local. Las <strong>audaces letras \u00abManchester Away\u00bb en el pecho<\/strong>, que recuerdan a los dise\u00f1os cl\u00e1sicos de las equipaciones de visitante, desprenden un aire de discreta confianza y lealtad inquebrantable.<\/p>\n<p data-sourcepos=\"9:1-9:50\"><strong>Pero la magia de esta camiseta reside en los detalles:<\/strong><\/p>\n<ul data-sourcepos=\"11:1-12:27\">\n<li data-sourcepos=\"11:1-11:110\"><strong>Gr\u00e1ficos desgastados de estilo vintage:<\/strong> Capturan la esencia nost\u00e1lgica del rico pasado futbol\u00edstico de M\u00e1nchester.<\/li>\n<li data-sourcepos=\"12:1-12:27\"><strong>Algod\u00f3n suave de primera calidad:<\/strong> Garantiza comodidad y transpirabilidad durante todo el d\u00eda, ya sea animando a los muchachos en el pub o explorando las vibrantes calles de la ciudad.<\/li>\n<li data-sourcepos=\"13:1-13:97\"><strong>Cuello redondo y pu\u00f1os acanalados:<\/strong> A\u00f1aden un toque de estilo atl\u00e9tico cl\u00e1sico y garantizan un ajuste perfecto.<\/li>\n<li data-sourcepos=\"14:1-15:0\"><strong>Escudo de M\u00e1nchester en la manga:<\/strong> Una muestra sutil pero orgullosa de los colores de tu ciudad.<\/li>\n<\/ul>\n<p data-sourcepos=\"16:1-16:258\"><strong>Esta camiseta no se trata solo de apoyar a un equipo, sino de celebrar la comunidad, la historia, la pasi\u00f3n inquebrantable que define el f\u00fatbol de M\u00e1nchester.<\/strong> Es un tema de conversaci\u00f3n, un s\u00edmbolo de orgullo compartido y un compa\u00f1ero c\u00f3modo para cualquier aventura.<\/p>\n<p data-sourcepos=\"18:1-18:227\"><strong>Tanto si eres un fan\u00e1tico ac\u00e9rrimo como si simplemente aprecias el estilo atemporal, la camiseta de f\u00fatbol Manchester Away Arch Cup es imprescindible.<\/strong> Ll\u00e9vala con orgullo, sabiendo que representas el esp\u00edritu de una ciudad que sangra f\u00fatbol rojo.<\/p>\n<p data-sourcepos=\"20:1-20:58\"><strong>\u00a1Pide la tuya hoy mismo y experimenta la magia de M\u00e1nchester!<\/strong><\/p>\n","protected":false},"excerpt":{"rendered":"<p>Canaliza el legado futbol\u00edstico de tu ciudad con la camiseta Manchester Away Arch Cup Adopta el estilo atemporal y el esp\u00edritu inquebrantable del f\u00fatbol de M\u00e1nchester con la camiseta de f\u00fatbol Manchester Away Arch Cup. M\u00e1s que una simple camiseta, esta camiseta es una insignia de honor para cualquier &#8216;mancuniano&#8217; orgulloso. Rinde homenaje a la&#8230;<\/p>\n","protected":false},"featured_media":43245,"template":"","meta":{"_kad_post_transparent":"default","_kad_post_title":"","_kad_post_layout":"default","_kad_post_sidebar_id":"","_kad_post_content_style":"default","_kad_post_vertical_padding":"default","_kad_post_feature":"","_kad_post_feature_position":"","_kad_post_header":false,"_kad_post_footer":false},"product_brand":[],"product_cat":[383],"product_tag":[],"class_list":{"0":"post-43238","1":"product","2":"type-product","3":"status-publish","4":"has-post-thumbnail","6":"product_cat-manchester-fc","8":"first","9":"instock","10":"sale","11":"shipping-taxable","12":"purchasable","13":"product-type-variable","14":"entry","15":"content-bg","16":"loop-entry"},"jetpack_sharing_enabled":true,"_links":{"self":[{"href":"https:\/\/www.legendslocker.co\/es\/wp-json\/wp\/v2\/product\/43238","targetHints":{"allow":["GET"]}}],"collection":[{"href":"https:\/\/www.legendslocker.co\/es\/wp-json\/wp\/v2\/product"}],"about":[{"href":"https:\/\/www.legendslocker.co\/es\/wp-json\/wp\/v2\/types\/product"}],"wp:featuredmedia":[{"embeddable":true,"href":"https:\/\/www.legendslocker.co\/es\/wp-json\/wp\/v2\/media\/43245"}],"wp:attachment":[{"href":"https:\/\/www.legendslocker.co\/es\/wp-json\/wp\/v2\/media?parent=43238"}],"wp:term":[{"taxonomy":"product_brand","embeddable":true,"href":"https:\/\/www.legendslocker.co\/es\/wp-json\/wp\/v2\/product_brand?post=43238"},{"taxonomy":"product_cat","embeddable":true,"href":"https:\/\/www.legendslocker.co\/es\/wp-json\/wp\/v2\/product_cat?post=43238"},{"taxonomy":"product_tag","embeddable":true,"href":"https:\/\/www.legendslocker.co\/es\/wp-json\/wp\/v2\/product_tag?post=43238"}],"curies":[{"name":"wp","href":"https:\/\/api.w.org\/{rel}","templated":true}]}}