{"id":43168,"date":"2025-08-16T20:44:23","date_gmt":"2025-08-16T20:44:23","guid":{"rendered":"https:\/\/www.legendslocker.co\/product\/camiseta-adidas-liverpool-fc-2025-26-para-hombre-visitante\/"},"modified":"2025-11-11T18:03:43","modified_gmt":"2025-11-11T18:03:43","slug":"camiseta-adidas-liverpool-fc-2025-26-para-hombre-visitante","status":"publish","type":"product","link":"https:\/\/www.legendslocker.co\/es\/product\/camiseta-adidas-liverpool-fc-2025-26-para-hombre-visitante\/","title":{"rendered":"Camiseta adidas Liverpool FC 2025\/26 para hombre (visitante)"},"content":{"rendered":"<p>En la temporada 25\/26, Anfield est\u00e1 en todas partes.<\/p>\n<p>Creada para representar el ic\u00f3nico estadio del Liverpool FC en los partidos fuera de casa, esta camiseta de visitante LFC adidas para hombre 25\/26 muestra un escudo especialmente dise\u00f1ado cuya forma se inspir\u00f3 en el hastial arqueado sobre la antigua tribuna principal de Anfield. La tecnolog\u00eda AEROREADY de control de la humedad y el tejido suave se combinan para mantener c\u00f3modos a los aficionados que viajan. El tono blanquecino resultar\u00e1 familiar a los Reds que conocen su historia.<\/p>\n<p>Una camiseta inspirada en Anfield para apoyar al Liverpool FC en la carretera.<\/p>\n<p>Detalles del producto:<\/p>\n<ul>\n<li><strong>Camiseta de visitante del Liverpool FC 25\/26.<\/strong><\/li>\n<li><strong>Blanco Maravilla.<\/strong><\/li>\n<li><strong>Logotipo bordado de rendimiento y del club tejido; 3 bandas superpuestas; estampado t\u00e9rmico.<\/strong><\/li>\n<li><strong>Corte entallado.<\/strong><\/li>\n<li><strong>Cuello en V.<\/strong><\/li>\n<li><strong>100% poli\u00e9ster reciclado.<\/strong><\/li>\n<li><strong>AEROREADY.<\/strong><\/li>\n<li><strong>Escudo tejido del Liverpool FC.<\/strong><\/li>\n<\/ul>\n<p>Instrucciones de cuidado:<\/p>\n<ul>\n<li><strong>No usar lej\u00eda.<\/strong><\/li>\n<li><strong>Usar solo detergente suave.<\/strong><\/li>\n<li><strong>No usar suavizante.<\/strong><\/li>\n<li><strong>Lavar a m\u00e1quina con agua tibia.<\/strong><\/li>\n<\/ul>\n<p>ANFIELD EN LA CARRETERA. LLEVA CONTIGO EL RUGIDO DE ANFIELD, VAYAS DONDE VAYAS. UNA CAMISETA CL\u00c1SICA DE COLOR CRUDO BLANQUECINO Y EL LIVER-BIRD DENTRO DE UN NUEVO ESCUDO QUE SE INSPIRA EN LA TRIBUNA PRINCIPAL ORIGINAL DE ANFIELD. ESTA EQUIPACI\u00d3N EST\u00c1 HECHA PARA AFICIONADOS DE TODO EL MUNDO.<\/p>\n<p>NOTA: La camiseta es de corte ajustado, as\u00ed que pide tu talla en consecuencia.<\/p>\n<p><strong><span class=\"embellishment_heading__3H5Lo\" role=\"heading\" aria-level=\"2\">Personalizar<\/span><\/strong><\/p>\n<p>Por favor, espere de 10 a 14 d\u00edas h\u00e1biles para la entrega. Los art\u00edculos impresos no se pueden devolver ni cambiar.<\/p>\n","protected":false},"excerpt":{"rendered":"<p>En la temporada 25\/26, Anfield est\u00e1 en todas partes. Creada para representar el ic\u00f3nico estadio del Liverpool FC en los partidos fuera de casa, esta camiseta de visitante LFC adidas para hombre 25\/26 muestra un escudo especialmente dise\u00f1ado cuya forma se inspir\u00f3 en el hastial arqueado sobre la antigua tribuna principal de Anfield. La tecnolog\u00eda&#8230;<\/p>\n","protected":false},"featured_media":43172,"template":"","meta":{"_kad_post_transparent":"default","_kad_post_title":"","_kad_post_layout":"default","_kad_post_sidebar_id":"","_kad_post_content_style":"default","_kad_post_vertical_padding":"default","_kad_post_feature":"","_kad_post_feature_position":"","_kad_post_header":false,"_kad_post_footer":false},"product_brand":[],"product_cat":[365],"product_tag":[],"class_list":{"0":"post-43168","1":"product","2":"type-product","3":"status-publish","4":"has-post-thumbnail","6":"product_cat-liverpool-fc","8":"first","9":"instock","10":"sale","11":"shipping-taxable","12":"purchasable","13":"product-type-variable","14":"entry","15":"content-bg","16":"loop-entry"},"jetpack_sharing_enabled":true,"_links":{"self":[{"href":"https:\/\/www.legendslocker.co\/es\/wp-json\/wp\/v2\/product\/43168","targetHints":{"allow":["GET"]}}],"collection":[{"href":"https:\/\/www.legendslocker.co\/es\/wp-json\/wp\/v2\/product"}],"about":[{"href":"https:\/\/www.legendslocker.co\/es\/wp-json\/wp\/v2\/types\/product"}],"wp:featuredmedia":[{"embeddable":true,"href":"https:\/\/www.legendslocker.co\/es\/wp-json\/wp\/v2\/media\/43172"}],"wp:attachment":[{"href":"https:\/\/www.legendslocker.co\/es\/wp-json\/wp\/v2\/media?parent=43168"}],"wp:term":[{"taxonomy":"product_brand","embeddable":true,"href":"https:\/\/www.legendslocker.co\/es\/wp-json\/wp\/v2\/product_brand?post=43168"},{"taxonomy":"product_cat","embeddable":true,"href":"https:\/\/www.legendslocker.co\/es\/wp-json\/wp\/v2\/product_cat?post=43168"},{"taxonomy":"product_tag","embeddable":true,"href":"https:\/\/www.legendslocker.co\/es\/wp-json\/wp\/v2\/product_tag?post=43168"}],"curies":[{"name":"wp","href":"https:\/\/api.w.org\/{rel}","templated":true}]}}