{"id":43088,"date":"2022-09-07T05:48:06","date_gmt":"2022-09-07T05:48:06","guid":{"rendered":"https:\/\/www.legendslocker.co\/product\/camiseta-liverpool-arch-cup-away-camiseta-de-futbol-de-estilo-clasico\/"},"modified":"2025-11-11T18:10:06","modified_gmt":"2025-11-11T18:10:06","slug":"camiseta-liverpool-arch-cup-away-camiseta-de-futbol-de-estilo-clasico","status":"publish","type":"product","link":"https:\/\/www.legendslocker.co\/es\/product\/camiseta-liverpool-arch-cup-away-camiseta-de-futbol-de-estilo-clasico\/","title":{"rendered":"Camiseta Liverpool Arch cup away: camiseta de f\u00fatbol de estilo cl\u00e1sico"},"content":{"rendered":"<h2 class=\"\" data-sourcepos=\"1:1-1:70\">Libera la leyenda YNWA que llevas dentro y hazte con la camiseta Liverpool Arch cup away<\/h2>\n<p data-sourcepos=\"3:1-3:61\"><strong>Canaliza el glorioso pasado de los Reds y hazte con un pedazo de la historia del f\u00fatbol con la camiseta Liverpool Arch Cup Away.<\/strong> Esta camiseta de f\u00fatbol cl\u00e1sica reinterpreta el ic\u00f3nico kit Arch Cup de 1966, usado por leyendas como Roger Hunt y Tommy Smith mientras arrasaban hacia la victoria en suelo europeo.<\/p>\n<p data-sourcepos=\"5:1-5:8\"><strong>Aqu\u00ed tienes por qu\u00e9 esta camiseta merece un lugar en tu colecci\u00f3n LFC:<\/strong><\/p>\n<ul data-sourcepos=\"9:1-11:88\">\n<li data-sourcepos=\"9:1-9:216\"><strong>Dise\u00f1o atemporal:<\/strong> Adopta la herencia del Liverpool FC con la <strong>combinaci\u00f3n de colores rojo intenso y cuello en V blanco en contraste<\/strong>. El ic\u00f3nico escudo Liverbird se asienta con orgullo en el pecho, un faro del esp\u00edritu inquebrantable del club.<\/li>\n<li data-sourcepos=\"10:1-10:165\"><strong>Comodidad superior:<\/strong> Confeccionada con <strong>algod\u00f3n suave y transpirable<\/strong>, esta camiseta es perfecta para animar a los Reds en Anfield o mostrar tu orgullo LFC por las calles.<\/li>\n<li data-sourcepos=\"11:1-11:88\"><strong>Detalles aut\u00e9nticos:<\/strong> Siente el peso de la historia con el <strong>emblema bordado \u00ab66\u00bb Arch Cup<\/strong> en la manga, que conmemora el legendario triunfo del Liverpool.<\/li>\n<li data-sourcepos=\"12:1-13:0\"><strong>Un b\u00e1sico que destaca:<\/strong> Esta vers\u00e1til camiseta combina sin esfuerzo con vaqueros, pantalones cortos o incluso debajo de una americana para un look elegante e informal.<\/li>\n<\/ul>\n<p data-sourcepos=\"14:1-14:146\"><strong>M\u00e1s que una simple camiseta, este es un s\u00edmbolo de tu apoyo inquebrantable al Liverpool FC.<\/strong> Ll\u00e9vala con orgullo y hazle saber al mundo que sangras Red.<\/p>\n","protected":false},"excerpt":{"rendered":"<p>Libera la leyenda YNWA que llevas dentro y hazte con la camiseta Liverpool Arch cup away Canaliza el glorioso pasado de los Reds y hazte con un pedazo de la historia del f\u00fatbol con la camiseta Liverpool Arch Cup Away. Esta camiseta de f\u00fatbol cl\u00e1sica reinterpreta el ic\u00f3nico kit Arch Cup de 1966, usado por&#8230;<\/p>\n","protected":false},"featured_media":43090,"template":"","meta":{"_kad_post_transparent":"default","_kad_post_title":"","_kad_post_layout":"default","_kad_post_sidebar_id":"","_kad_post_content_style":"default","_kad_post_vertical_padding":"default","_kad_post_feature":"","_kad_post_feature_position":"","_kad_post_header":false,"_kad_post_footer":false},"product_brand":[],"product_cat":[365],"product_tag":[],"class_list":{"0":"post-43088","1":"product","2":"type-product","3":"status-publish","4":"has-post-thumbnail","6":"product_cat-liverpool-fc","8":"first","9":"instock","10":"sale","11":"shipping-taxable","12":"purchasable","13":"product-type-variable","14":"entry","15":"content-bg","16":"loop-entry"},"jetpack_sharing_enabled":true,"_links":{"self":[{"href":"https:\/\/www.legendslocker.co\/es\/wp-json\/wp\/v2\/product\/43088","targetHints":{"allow":["GET"]}}],"collection":[{"href":"https:\/\/www.legendslocker.co\/es\/wp-json\/wp\/v2\/product"}],"about":[{"href":"https:\/\/www.legendslocker.co\/es\/wp-json\/wp\/v2\/types\/product"}],"wp:featuredmedia":[{"embeddable":true,"href":"https:\/\/www.legendslocker.co\/es\/wp-json\/wp\/v2\/media\/43090"}],"wp:attachment":[{"href":"https:\/\/www.legendslocker.co\/es\/wp-json\/wp\/v2\/media?parent=43088"}],"wp:term":[{"taxonomy":"product_brand","embeddable":true,"href":"https:\/\/www.legendslocker.co\/es\/wp-json\/wp\/v2\/product_brand?post=43088"},{"taxonomy":"product_cat","embeddable":true,"href":"https:\/\/www.legendslocker.co\/es\/wp-json\/wp\/v2\/product_cat?post=43088"},{"taxonomy":"product_tag","embeddable":true,"href":"https:\/\/www.legendslocker.co\/es\/wp-json\/wp\/v2\/product_tag?post=43088"}],"curies":[{"name":"wp","href":"https:\/\/api.w.org\/{rel}","templated":true}]}}