{"id":43055,"date":"2022-09-07T05:50:08","date_gmt":"2022-09-07T05:50:08","guid":{"rendered":"https:\/\/www.legendslocker.co\/product\/camiseta-de-futbol-liverpool-classic-arch-cup-home\/"},"modified":"2025-11-11T18:09:56","modified_gmt":"2025-11-11T18:09:56","slug":"camiseta-de-futbol-liverpool-classic-arch-cup-home","status":"publish","type":"product","link":"https:\/\/www.legendslocker.co\/es\/product\/camiseta-de-futbol-liverpool-classic-arch-cup-home\/","title":{"rendered":"Camiseta de f\u00fatbol Liverpool classic Arch cup home"},"content":{"rendered":"<h2 class=\"\" data-sourcepos=\"1:1-1:93\">Revive los d\u00edas de gloria, hazte con un pedazo de la historia del Liverpool con la camiseta classic Arch cup home<\/h2>\n<p data-sourcepos=\"3:1-3:172\"><strong>Canaliza la pasi\u00f3n de Anfield con esta camiseta atemporal Liverpool Classic Arch Cup Home.<\/strong> M\u00e1s que una simple camiseta, es un portal a una era de triunfos legendarios, un tributo a los jugadores que grabaron sus nombres en la historia de los Reds.<\/p>\n<p data-sourcepos=\"5:1-5:23\"><strong>Abraza el legado:<\/strong><\/p>\n<ul data-sourcepos=\"7:1-8:28\">\n<li data-sourcepos=\"7:1-7:126\"><strong>Dise\u00f1o Classic Arch Cup:<\/strong> Luce el emblema de los triunfos hist\u00f3ricos del Liverpool, un s\u00edmbolo de resistencia y esp\u00edritu inquebrantable.<\/li>\n<li data-sourcepos=\"8:1-8:28\"><strong>Colores aut\u00e9nticos del equipo:<\/strong> Sum\u00e9rgete en el rojo y blanco vibrante que electriza Anfield los d\u00edas de partido.<\/li>\n<li data-sourcepos=\"9:1-9:17\"><strong>Algod\u00f3n suave de primera calidad:<\/strong> Comodidad y calidad se combinan a la perfecci\u00f3n, haciendo de esta camiseta una prenda ideal para vestir de forma casual o para apoyar incondicionalmente.<\/li>\n<\/ul>\n<p data-sourcepos=\"11:1-11:23\"><strong>Muestra tu devoci\u00f3n:<\/strong><\/p>\n<ul data-sourcepos=\"13:1-14:115\">\n<li data-sourcepos=\"13:1-13:106\"><strong>Escudo audaz del Liverpool:<\/strong> Haz que todos conozcan tu lealtad con el ic\u00f3nico Liverbird exhibido con orgullo.<\/li>\n<li data-sourcepos=\"14:1-14:115\"><strong>Estampado en el cuello \u00abThis Is Anfield\u00bb:<\/strong> Siente c\u00f3mo se te pone la piel de gallina al susurrar estas palabras sagradas.<\/li>\n<li data-sourcepos=\"15:1-16:0\"><strong>Gr\u00e1fico de inspiraci\u00f3n retro:<\/strong> Celebra la \u00e9poca dorada del f\u00fatbol del Liverpool con un toque de nostalgia.<\/li>\n<\/ul>\n<p data-sourcepos=\"17:1-17:43\"><strong>M\u00e1s que una simple camiseta, es una declaraci\u00f3n:<\/strong><\/p>\n<ul data-sourcepos=\"19:1-22:0\">\n<li data-sourcepos=\"19:1-19:123\"><strong>Destaca entre la multitud:<\/strong> Este dise\u00f1o \u00fanico te diferencia de la ropa gen\u00e9rica de los fans, mostrando tu verdadero ADN del Liverpool.<\/li>\n<li data-sourcepos=\"20:1-20:109\"><strong>Un tema de conversaci\u00f3n:<\/strong> Inicia debates apasionados con otros Reds sobre momentos memorables de Anfield.<\/li>\n<li data-sourcepos=\"21:1-22:0\"><strong>El regalo perfecto:<\/strong> Para cumplea\u00f1os, fiestas o simplemente porque s\u00ed, esta camiseta es un \u00e9xito garantizado para cualquier Liverpudlian incondicional.<\/li>\n<\/ul>\n<p data-sourcepos=\"23:1-23:132\"><strong>Abraza el pasado, hazte con el futuro. Viste la camiseta Liverpool Classic Arch Cup Home y deja que el himno de Anfield resuene en tu coraz\u00f3n. <\/strong><\/p>\n","protected":false},"excerpt":{"rendered":"<p>Revive los d\u00edas de gloria, hazte con un pedazo de la historia del Liverpool con la camiseta classic Arch cup home Canaliza la pasi\u00f3n de Anfield con esta camiseta atemporal Liverpool Classic Arch Cup Home. M\u00e1s que una simple camiseta, es un portal a una era de triunfos legendarios, un tributo a los jugadores que&#8230;<\/p>\n","protected":false},"featured_media":43057,"template":"","meta":{"_kad_post_transparent":"default","_kad_post_title":"","_kad_post_layout":"default","_kad_post_sidebar_id":"","_kad_post_content_style":"default","_kad_post_vertical_padding":"default","_kad_post_feature":"","_kad_post_feature_position":"","_kad_post_header":false,"_kad_post_footer":false},"product_brand":[],"product_cat":[365],"product_tag":[],"class_list":{"0":"post-43055","1":"product","2":"type-product","3":"status-publish","4":"has-post-thumbnail","6":"product_cat-liverpool-fc","8":"first","9":"instock","10":"sale","11":"shipping-taxable","12":"purchasable","13":"product-type-variable","14":"entry","15":"content-bg","16":"loop-entry"},"jetpack_sharing_enabled":true,"_links":{"self":[{"href":"https:\/\/www.legendslocker.co\/es\/wp-json\/wp\/v2\/product\/43055","targetHints":{"allow":["GET"]}}],"collection":[{"href":"https:\/\/www.legendslocker.co\/es\/wp-json\/wp\/v2\/product"}],"about":[{"href":"https:\/\/www.legendslocker.co\/es\/wp-json\/wp\/v2\/types\/product"}],"wp:featuredmedia":[{"embeddable":true,"href":"https:\/\/www.legendslocker.co\/es\/wp-json\/wp\/v2\/media\/43057"}],"wp:attachment":[{"href":"https:\/\/www.legendslocker.co\/es\/wp-json\/wp\/v2\/media?parent=43055"}],"wp:term":[{"taxonomy":"product_brand","embeddable":true,"href":"https:\/\/www.legendslocker.co\/es\/wp-json\/wp\/v2\/product_brand?post=43055"},{"taxonomy":"product_cat","embeddable":true,"href":"https:\/\/www.legendslocker.co\/es\/wp-json\/wp\/v2\/product_cat?post=43055"},{"taxonomy":"product_tag","embeddable":true,"href":"https:\/\/www.legendslocker.co\/es\/wp-json\/wp\/v2\/product_tag?post=43055"}],"curies":[{"name":"wp","href":"https:\/\/api.w.org\/{rel}","templated":true}]}}