{"id":43039,"date":"2022-09-07T05:38:26","date_gmt":"2022-09-07T05:38:26","guid":{"rendered":"https:\/\/www.legendslocker.co\/product\/chelsea-classic-arch-cup-soccer-tee-elegante-camiseta-de-futbol\/"},"modified":"2025-11-11T18:08:43","modified_gmt":"2025-11-11T18:08:43","slug":"chelsea-classic-arch-cup-soccer-tee-elegante-camiseta-de-futbol","status":"publish","type":"product","link":"https:\/\/www.legendslocker.co\/es\/product\/chelsea-classic-arch-cup-soccer-tee-elegante-camiseta-de-futbol\/","title":{"rendered":"Chelsea classic Arch cup soccer Tee: elegante camiseta de f\u00fatbol"},"content":{"rendered":"<h2 class=\"\" data-sourcepos=\"1:1-1:117\">Consigue un pedazo de la historia del Chelsea con la Classic Arch Cup Soccer Tee, m\u00e1s que una simple camiseta, es un s\u00edmbolo de orgullo<\/h2>\n<p data-sourcepos=\"3:1-3:2\"><strong>Canaliza el glorioso pasado de los Blues y celebra sus ic\u00f3nicas victorias de la Arch Cup con la Chelsea Classic Arch Cup Soccer Tee.<\/strong> Esta no es una camiseta de f\u00fatbol cualquiera; es una pieza atemporal que captura la esencia del legado del Chelsea, combinando vibraciones vintage con la comodidad moderna.<\/p>\n<p data-sourcepos=\"5:1-5:24\"><strong>Aqu\u00ed tienes por qu\u00e9 te encantar\u00e1:<\/strong><\/p>\n<ul data-sourcepos=\"7:1-7:98\">\n<li data-sourcepos=\"7:1-7:98\"><strong>Un regreso a la \u00e9poca dorada del Chelsea:<\/strong> El llamativo gr\u00e1fico central de la Arch Cup, inspirado en los triunfos del club a principios del siglo XX, evoca instant\u00e1neamente una sensaci\u00f3n de nostalgia y herencia. Ll\u00e9vala y siente el esp\u00edritu de los legendarios Blues como George Graham y Jimmy Greenhoff caminando a tu lado.<\/li>\n<li data-sourcepos=\"8:1-8:164\"><strong>Sofisticadamente elegante:<\/strong> Esta no es la t\u00edpica camiseta de recuerdo. El tejido premium cae lujosamente, el sutil bordado tonal eleva el dise\u00f1o y las l\u00edneas limpias garantizan un aspecto elegante y contempor\u00e1neo. Ya sea que est\u00e9s animando en el campo o paseando por la calle, esta camiseta rezuma el orgullo atemporal del Chelsea.<\/li>\n<li data-sourcepos=\"9:1-9:265\"><strong>Hecha para la comodidad:<\/strong> Fabricada con una mezcla de algod\u00f3n transpirable y de tacto suave, esta camiseta est\u00e1 hecha para la comodidad durante todo el d\u00eda. Ya sea que est\u00e9s cantando con todo tu coraz\u00f3n en Stamford Bridge o relaj\u00e1ndote con tus amigos, se mover\u00e1 contigo sin esfuerzo, manteni\u00e9ndote fresco y seguro.<\/li>\n<li data-sourcepos=\"10:1-11:0\"><strong>M\u00e1s que una simple camiseta:<\/strong> Esta camiseta es un tema de conversaci\u00f3n, una puerta de entrada a recuerdos compartidos y debates apasionados sobre el legendario pasado del Chelsea. Es una oportunidad para conectar con otros fans de los Blues y celebrar la rica historia del club.<\/li>\n<\/ul>\n<p data-sourcepos=\"12:1-12:70\"><strong>La Chelsea Classic Arch Cup Soccer Tee es la elecci\u00f3n perfecta para:<\/strong><\/p>\n<ul data-sourcepos=\"14:1-16:66\">\n<li data-sourcepos=\"14:1-14:55\">Aficionados ac\u00e9rrimos del Chelsea que aprecian la herencia del club<\/li>\n<li data-sourcepos=\"15:1-15:65\">Aficionados ocasionales que aprecian la est\u00e9tica cl\u00e1sica y la calidad<\/li>\n<li data-sourcepos=\"16:1-16:66\">Cualquiera que ame la ropa deportiva de inspiraci\u00f3n vintage con un toque moderno<\/li>\n<li data-sourcepos=\"17:1-18:0\">Personas que buscan un regalo \u00fanico y significativo para el fan del Chelsea en su vida<\/li>\n<\/ul>\n<p data-sourcepos=\"19:1-19:168\"><strong>No te limites a llevar una camiseta de f\u00fatbol, lleva un pedazo de la historia del Chelsea. \u00a1Pide hoy mismo tu Chelsea Classic Arch Cup Soccer Tee y muestra al mundo d\u00f3nde est\u00e1n tus lealtades! <\/strong><\/p>\n","protected":false},"excerpt":{"rendered":"<p>Consigue un pedazo de la historia del Chelsea con la Classic Arch Cup Soccer Tee, m\u00e1s que una simple camiseta, es un s\u00edmbolo de orgullo Canaliza el glorioso pasado de los Blues y celebra sus ic\u00f3nicas victorias de la Arch Cup con la Chelsea Classic Arch Cup Soccer Tee. Esta no es una camiseta de&#8230;<\/p>\n","protected":false},"featured_media":43041,"template":"","meta":{"_kad_post_transparent":"default","_kad_post_title":"","_kad_post_layout":"default","_kad_post_sidebar_id":"","_kad_post_content_style":"default","_kad_post_vertical_padding":"default","_kad_post_feature":"","_kad_post_feature_position":"","_kad_post_header":false,"_kad_post_footer":false},"product_brand":[],"product_cat":[351],"product_tag":[],"class_list":{"0":"post-43039","1":"product","2":"type-product","3":"status-publish","4":"has-post-thumbnail","6":"product_cat-chelsea-fc","8":"first","9":"instock","10":"sale","11":"shipping-taxable","12":"purchasable","13":"product-type-variable","14":"entry","15":"content-bg","16":"loop-entry"},"jetpack_sharing_enabled":true,"_links":{"self":[{"href":"https:\/\/www.legendslocker.co\/es\/wp-json\/wp\/v2\/product\/43039","targetHints":{"allow":["GET"]}}],"collection":[{"href":"https:\/\/www.legendslocker.co\/es\/wp-json\/wp\/v2\/product"}],"about":[{"href":"https:\/\/www.legendslocker.co\/es\/wp-json\/wp\/v2\/types\/product"}],"wp:featuredmedia":[{"embeddable":true,"href":"https:\/\/www.legendslocker.co\/es\/wp-json\/wp\/v2\/media\/43041"}],"wp:attachment":[{"href":"https:\/\/www.legendslocker.co\/es\/wp-json\/wp\/v2\/media?parent=43039"}],"wp:term":[{"taxonomy":"product_brand","embeddable":true,"href":"https:\/\/www.legendslocker.co\/es\/wp-json\/wp\/v2\/product_brand?post=43039"},{"taxonomy":"product_cat","embeddable":true,"href":"https:\/\/www.legendslocker.co\/es\/wp-json\/wp\/v2\/product_cat?post=43039"},{"taxonomy":"product_tag","embeddable":true,"href":"https:\/\/www.legendslocker.co\/es\/wp-json\/wp\/v2\/product_tag?post=43039"}],"curies":[{"name":"wp","href":"https:\/\/api.w.org\/{rel}","templated":true}]}}