{"id":39391,"date":"2022-09-07T06:18:04","date_gmt":"2022-09-07T06:18:04","guid":{"rendered":"https:\/\/www.legendslocker.co\/product\/camiseta-de-futbol-clasica-manchester-arch-cup-camiseta-de-futbol-local\/"},"modified":"2025-11-11T18:07:35","modified_gmt":"2025-11-11T18:07:35","slug":"camiseta-de-futbol-clasica-manchester-arch-cup-camiseta-de-futbol-local","status":"publish","type":"product","link":"https:\/\/www.legendslocker.co\/es\/product\/camiseta-de-futbol-clasica-manchester-arch-cup-camiseta-de-futbol-local\/","title":{"rendered":"Camiseta de f\u00fatbol cl\u00e1sica Manchester Arch Cup: camiseta de f\u00fatbol local"},"content":{"rendered":"<h2 class=\"\" data-sourcepos=\"1:1-1:71\">Adopta el legado de M\u00e1nchester, hazte con la cl\u00e1sica camiseta de f\u00fatbol Arch Cup<\/h2>\n<p data-sourcepos=\"3:1-3:174\"><strong>Canaliza el esp\u00edritu de la \u00e9poca dorada de M\u00e1nchester con esta ic\u00f3nica camiseta de f\u00fatbol Classic Arch Cup.<\/strong> Inspirada en el rico patrimonio futbol\u00edstico de la ciudad, esta camiseta es m\u00e1s que una simple prenda; es una insignia de honor, una declaraci\u00f3n de tu apoyo inquebrantable al deporte rey.<\/p>\n<p data-sourcepos=\"7:1-7:2\"><strong>Dise\u00f1o atemporal, pasi\u00f3n perdurable:<\/strong><\/p>\n<ul data-sourcepos=\"9:1-9:62\">\n<li data-sourcepos=\"9:1-9:62\">\n<p data-sourcepos=\"9:3-9:210\"><strong>La pieza central es el llamativo emblema Arch Cup,<\/strong> orgullosamente estampado en el pecho. Este legendario trofeo, que una vez disputaron los mejores equipos de M\u00e1nchester, encarna la inquebrantable dedicaci\u00f3n de la ciudad al f\u00fatbol.<\/p>\n<\/li>\n<li data-sourcepos=\"11:1-11:118\">\n<p data-sourcepos=\"11:3-11:118\"><strong>Confeccionada con una mezcla de algod\u00f3n de primera calidad,<\/strong> esta camiseta ofrece el equilibrio perfecto entre comodidad y transpirabilidad, ideal para animar a tu equipo desde las gradas o mostrar tu pasi\u00f3n en la vida cotidiana.<\/p>\n<\/li>\n<li data-sourcepos=\"12:1-13:0\">\n<p data-sourcepos=\"12:3-12:105\"><strong>El cl\u00e1sico cuello redondo y el corte regular<\/strong> garantizan un aspecto atemporal y vers\u00e1til que favorece a cualquier tipo de cuerpo.<\/p>\n<\/li>\n<\/ul>\n<p data-sourcepos=\"14:1-14:41\"><strong>M\u00e1s que una simple camiseta, es una historia:<\/strong><\/p>\n<ul data-sourcepos=\"16:1-18:0\">\n<li data-sourcepos=\"16:1-16:213\"><strong>Poseer esta camiseta es como poseer un pedazo del tapiz futbol\u00edstico de M\u00e1nchester.<\/strong> Imagina el rugido de la multitud mientras jugadores legendarios como Best, Law y Charlton vest\u00edan colores similares, tejiendo magia en el campo.<\/li>\n<li data-sourcepos=\"17:1-18:0\"><strong>Es un tema de conversaci\u00f3n, una oportunidad para conectar con otros aficionados y compartir tu amor por el deporte rey.<\/strong> Revive momentos ic\u00f3nicos, debate futuras glorias y celebra el esp\u00edritu inquebrantable del f\u00fatbol de M\u00e1nchester.<\/li>\n<\/ul>\n<p data-sourcepos=\"19:1-19:32\"><strong>Muestra tus colores con orgullo:<\/strong><\/p>\n<ul data-sourcepos=\"21:1-22:69\">\n<li data-sourcepos=\"21:1-21:164\"><strong>Tanto si eres un aficionado de M\u00e1nchester de toda la vida como si simplemente aprecias el rico patrimonio futbol\u00edstico de la ciudad,<\/strong> esta camiseta es un complemento imprescindible para tu armario.<\/li>\n<li data-sourcepos=\"22:1-22:69\"><strong>Ll\u00e9vala al pub, al partido o simplemente por la calle,<\/strong> y haz saber a todo el mundo d\u00f3nde est\u00e1n tus lealtades.<\/li>\n<\/ul>\n<p data-sourcepos=\"24:1-24:161\"><strong>Esto no es solo una camiseta; es un s\u00edmbolo de pasi\u00f3n, historia y comunidad.<\/strong> \u00a1Consigue hoy mismo tu camiseta de f\u00fatbol Manchester Classic Arch Cup y forma parte del legado!<\/p>\n","protected":false},"excerpt":{"rendered":"<p>Adopta el legado de M\u00e1nchester, hazte con la cl\u00e1sica camiseta de f\u00fatbol Arch Cup Canaliza el esp\u00edritu de la \u00e9poca dorada de M\u00e1nchester con esta ic\u00f3nica camiseta de f\u00fatbol Classic Arch Cup. Inspirada en el rico patrimonio futbol\u00edstico de la ciudad, esta camiseta es m\u00e1s que una simple prenda; es una insignia de honor, una&#8230;<\/p>\n","protected":false},"featured_media":39394,"template":"","meta":{"_kad_post_transparent":"default","_kad_post_title":"","_kad_post_layout":"default","_kad_post_sidebar_id":"","_kad_post_content_style":"default","_kad_post_vertical_padding":"default","_kad_post_feature":"","_kad_post_feature_position":"","_kad_post_header":false,"_kad_post_footer":false},"product_brand":[],"product_cat":[383],"product_tag":[],"class_list":{"0":"post-39391","1":"product","2":"type-product","3":"status-publish","4":"has-post-thumbnail","6":"product_cat-manchester-fc","8":"first","9":"instock","10":"sale","11":"shipping-taxable","12":"purchasable","13":"product-type-variable","14":"entry","15":"content-bg","16":"loop-entry"},"jetpack_sharing_enabled":true,"_links":{"self":[{"href":"https:\/\/www.legendslocker.co\/es\/wp-json\/wp\/v2\/product\/39391","targetHints":{"allow":["GET"]}}],"collection":[{"href":"https:\/\/www.legendslocker.co\/es\/wp-json\/wp\/v2\/product"}],"about":[{"href":"https:\/\/www.legendslocker.co\/es\/wp-json\/wp\/v2\/types\/product"}],"wp:featuredmedia":[{"embeddable":true,"href":"https:\/\/www.legendslocker.co\/es\/wp-json\/wp\/v2\/media\/39394"}],"wp:attachment":[{"href":"https:\/\/www.legendslocker.co\/es\/wp-json\/wp\/v2\/media?parent=39391"}],"wp:term":[{"taxonomy":"product_brand","embeddable":true,"href":"https:\/\/www.legendslocker.co\/es\/wp-json\/wp\/v2\/product_brand?post=39391"},{"taxonomy":"product_cat","embeddable":true,"href":"https:\/\/www.legendslocker.co\/es\/wp-json\/wp\/v2\/product_cat?post=39391"},{"taxonomy":"product_tag","embeddable":true,"href":"https:\/\/www.legendslocker.co\/es\/wp-json\/wp\/v2\/product_tag?post=39391"}],"curies":[{"name":"wp","href":"https:\/\/api.w.org\/{rel}","templated":true}]}}