{"id":37232,"date":"2025-08-21T16:44:47","date_gmt":"2025-08-21T16:44:47","guid":{"rendered":"https:\/\/www.legendslocker.co\/product\/camiseta-de-local-adidas-manchester-united-fc-2025-26\/"},"modified":"2025-11-11T18:03:13","modified_gmt":"2025-11-11T18:03:13","slug":"camiseta-de-local-adidas-manchester-united-fc-2025-26","status":"publish","type":"product","link":"https:\/\/www.legendslocker.co\/es\/product\/camiseta-de-local-adidas-manchester-united-fc-2025-26\/","title":{"rendered":"Camiseta de local adidas Manchester United FC 2025\/26"},"content":{"rendered":"<p>Pocos escenarios deportivos pueden igualar el dramatismo que el ic\u00f3nico estadio del Manchester United ha generado a lo largo de los a\u00f1os. Por eso, esta camiseta de adidas rinde homenaje al estadio en el que ser\u00e1 protagonista en la temporada 25\/26 con un lema de \u00abTeatro de los Sue\u00f1os\u00bb y gr\u00e1ficos abstractos inspirados en Old Trafford en las mangas. Dise\u00f1ada para la comodidad de los aficionados al f\u00fatbol, tambi\u00e9n cuenta con la tecnolog\u00eda AEROREADY de control de la humedad y un escudo tejido del club.<\/p>\n<ul>\n<li><span class=\"font-semibold\">Ajuste<\/span>: slimfit<\/li>\n<li><span class=\"font-semibold\">Estilo de cuello<\/span>: cuello en V<\/li>\n<li><span class=\"font-semibold\">Estilo de manga<\/span>: corta<\/li>\n<li><span class=\"font-semibold\">Tejido<\/span>: 100% poli\u00e9ster (reciclado)<\/li>\n<\/ul>\n","protected":false},"excerpt":{"rendered":"<p>Pocos escenarios deportivos pueden igualar el dramatismo que el ic\u00f3nico estadio del Manchester United ha generado a lo largo de los a\u00f1os. Por eso, esta camiseta de adidas rinde homenaje al estadio en el que ser\u00e1 protagonista en la temporada 25\/26 con un lema de \u00abTeatro de los Sue\u00f1os\u00bb y gr\u00e1ficos abstractos inspirados en Old&#8230;<\/p>\n","protected":false},"featured_media":37233,"template":"","meta":{"_kad_post_transparent":"default","_kad_post_title":"","_kad_post_layout":"default","_kad_post_sidebar_id":"","_kad_post_content_style":"default","_kad_post_vertical_padding":"default","_kad_post_feature":"","_kad_post_feature_position":"","_kad_post_header":false,"_kad_post_footer":false},"product_brand":[],"product_cat":[377],"product_tag":[],"class_list":{"0":"post-37232","1":"product","2":"type-product","3":"status-publish","4":"has-post-thumbnail","6":"product_cat-manchester-united","8":"first","9":"instock","10":"sale","11":"shipping-taxable","12":"purchasable","13":"product-type-variable","14":"entry","15":"content-bg","16":"loop-entry"},"jetpack_sharing_enabled":true,"_links":{"self":[{"href":"https:\/\/www.legendslocker.co\/es\/wp-json\/wp\/v2\/product\/37232","targetHints":{"allow":["GET"]}}],"collection":[{"href":"https:\/\/www.legendslocker.co\/es\/wp-json\/wp\/v2\/product"}],"about":[{"href":"https:\/\/www.legendslocker.co\/es\/wp-json\/wp\/v2\/types\/product"}],"wp:featuredmedia":[{"embeddable":true,"href":"https:\/\/www.legendslocker.co\/es\/wp-json\/wp\/v2\/media\/37233"}],"wp:attachment":[{"href":"https:\/\/www.legendslocker.co\/es\/wp-json\/wp\/v2\/media?parent=37232"}],"wp:term":[{"taxonomy":"product_brand","embeddable":true,"href":"https:\/\/www.legendslocker.co\/es\/wp-json\/wp\/v2\/product_brand?post=37232"},{"taxonomy":"product_cat","embeddable":true,"href":"https:\/\/www.legendslocker.co\/es\/wp-json\/wp\/v2\/product_cat?post=37232"},{"taxonomy":"product_tag","embeddable":true,"href":"https:\/\/www.legendslocker.co\/es\/wp-json\/wp\/v2\/product_tag?post=37232"}],"curies":[{"name":"wp","href":"https:\/\/api.w.org\/{rel}","templated":true}]}}