{"id":36784,"date":"2025-08-21T14:58:55","date_gmt":"2025-08-21T14:58:55","guid":{"rendered":"https:\/\/www.legendslocker.co\/product\/tercera-camiseta-del-arsenal-adidas-25-26\/"},"modified":"2025-11-11T18:05:31","modified_gmt":"2025-11-11T18:05:31","slug":"tercera-camiseta-del-arsenal-adidas-25-26","status":"publish","type":"product","link":"https:\/\/www.legendslocker.co\/es\/product\/tercera-camiseta-del-arsenal-adidas-25-26\/","title":{"rendered":"Tercera camiseta del Arsenal adidas 25\/26"},"content":{"rendered":"<div>\n<p>La herencia del Arsenal, pero con un toque ic\u00f3nico. Celebrando veinte a\u00f1os desde la \u00faltima temporada del Arsenal en Highbury, la tercera camiseta del Arsenal adidas 25\/26 viene con un ca\u00f1\u00f3n bordado en el pecho, un cuello polo cl\u00e1sico y gr\u00e1ficos tonales de Highbury en toda la prenda, como un gui\u00f1o a la elegancia Art Deco de la tribuna este del estadio. Integrada en el tejido, la tecnolog\u00eda AEROREADY de adidas, que absorbe la humedad, garantiza que te sientas preparado para cualquier cosa, en cualquier lugar y en cualquier momento.<\/p>\n<p>Para mejorar tu juego y experimentar caracter\u00edsticas t\u00e9cnicas exclusivas como las que usan los jugadores en el campo.<\/p>\n<ul>\n<li>Ca\u00f1\u00f3n bordado<\/li>\n<li>Cuello polo<\/li>\n<li>Corte ajustado<\/li>\n<li>Gr\u00e1ficos tonales de Highbury en toda la prenda<\/li>\n<li>Tecnolog\u00eda AEROREADY que absorbe la humedad<\/li>\n<li>Si est\u00e1 impresa, no lavar durante 24 horas. Lavar del rev\u00e9s a 30 \u00b0C. Planchar del rev\u00e9s. No secar en secadora.<\/li>\n<\/ul>\n<p>Color: Blanco<\/p>\n<p>C\u00f3digo de producto: JI9556<\/p>\n<\/div>\n<p><span class=\"typography--body3-bold pr-1\">Material:<\/span><span class=\"[&amp;&gt;\">p]:inline-block\u00bb &gt;100% poli\u00e9ster reciclado<\/span><\/p>\n","protected":false},"excerpt":{"rendered":"<p>La herencia del Arsenal, pero con un toque ic\u00f3nico. Celebrando veinte a\u00f1os desde la \u00faltima temporada del Arsenal en Highbury, la tercera camiseta del Arsenal adidas 25\/26 viene con un ca\u00f1\u00f3n bordado en el pecho, un cuello polo cl\u00e1sico y gr\u00e1ficos tonales de Highbury en toda la prenda, como un gui\u00f1o a la elegancia Art&#8230;<\/p>\n","protected":false},"featured_media":48789,"template":"","meta":{"_kad_post_transparent":"default","_kad_post_title":"","_kad_post_layout":"default","_kad_post_sidebar_id":"","_kad_post_content_style":"default","_kad_post_vertical_padding":"default","_kad_post_feature":"","_kad_post_feature_position":"","_kad_post_header":false,"_kad_post_footer":false},"product_brand":[],"product_cat":[376],"product_tag":[],"class_list":{"0":"post-36784","1":"product","2":"type-product","3":"status-publish","4":"has-post-thumbnail","6":"product_cat-arsenal","8":"first","9":"instock","10":"sale","11":"shipping-taxable","12":"purchasable","13":"product-type-variable","14":"entry","15":"content-bg","16":"loop-entry"},"jetpack_sharing_enabled":true,"_links":{"self":[{"href":"https:\/\/www.legendslocker.co\/es\/wp-json\/wp\/v2\/product\/36784","targetHints":{"allow":["GET"]}}],"collection":[{"href":"https:\/\/www.legendslocker.co\/es\/wp-json\/wp\/v2\/product"}],"about":[{"href":"https:\/\/www.legendslocker.co\/es\/wp-json\/wp\/v2\/types\/product"}],"wp:featuredmedia":[{"embeddable":true,"href":"https:\/\/www.legendslocker.co\/es\/wp-json\/wp\/v2\/media\/48789"}],"wp:attachment":[{"href":"https:\/\/www.legendslocker.co\/es\/wp-json\/wp\/v2\/media?parent=36784"}],"wp:term":[{"taxonomy":"product_brand","embeddable":true,"href":"https:\/\/www.legendslocker.co\/es\/wp-json\/wp\/v2\/product_brand?post=36784"},{"taxonomy":"product_cat","embeddable":true,"href":"https:\/\/www.legendslocker.co\/es\/wp-json\/wp\/v2\/product_cat?post=36784"},{"taxonomy":"product_tag","embeddable":true,"href":"https:\/\/www.legendslocker.co\/es\/wp-json\/wp\/v2\/product_tag?post=36784"}],"curies":[{"name":"wp","href":"https:\/\/api.w.org\/{rel}","templated":true}]}}