{"id":36488,"date":"2025-08-28T15:07:10","date_gmt":"2025-08-28T15:07:10","guid":{"rendered":"https:\/\/www.legendslocker.co\/product\/camiseta-de-la-primera-equipacion-del-newcastle-united-fc-2025-26-de-adidas\/"},"modified":"2025-11-11T17:59:40","modified_gmt":"2025-11-11T17:59:40","slug":"camiseta-de-la-primera-equipacion-del-newcastle-united-fc-2025-26-de-adidas","status":"publish","type":"product","link":"https:\/\/www.legendslocker.co\/es\/product\/camiseta-de-la-primera-equipacion-del-newcastle-united-fc-2025-26-de-adidas\/","title":{"rendered":"Camiseta de la primera equipaci\u00f3n del Newcastle United FC 2025\/26 de adidas"},"content":{"rendered":"<p>Para los orgullosos Geordies, de nacimiento y adopci\u00f3n, la nueva camiseta de la primera equipaci\u00f3n del Newcastle United 25\/26 reinventa nuestras ic\u00f3nicas rayas blancas y negras con un nuevo y audaz aspecto arraigado en la tradici\u00f3n.<\/p>\n<p>Inspir\u00e1ndose en el rico patrimonio del noreste, cada raya est\u00e1 bordeada con un patr\u00f3n de cuadros de pastor, un sorprendente gui\u00f1o al hist\u00f3rico tart\u00e1n de Northumberland que influy\u00f3 en nuestra primera equipaci\u00f3n blanca y negra en 1894.<\/p>\n<p>Dise\u00f1ada pensando en nuestros aficionados, esta camiseta de cuello redondo cuenta con la tecnolog\u00eda AEROREADY que absorbe la humedad para mantenerte c\u00f3modo en los d\u00edas de partido y m\u00e1s all\u00e1. Un lema de \u00abHoway the Lads\u00bb se sit\u00faa con orgullo en la parte posterior del cuello, mientras que un escudo cosido del Newcastle United est\u00e1 enmarcado por un vibrante ribete azul, que recorre las costuras y el cuello para un acabado moderno de un dise\u00f1o atemporal.<\/p>\n<p><strong>Detalles del producto<\/strong>:<\/p>\n<ul>\n<li>Corte ajustado<\/li>\n<li>Cuello redondo acanalado<\/li>\n<li>Manga corta<\/li>\n<li>Malla en las axilas para mayor transpirabilidad<\/li>\n<li>Tecnolog\u00eda AEROREADY<\/li>\n<li>Escudo cosido del Newcastle United<\/li>\n<\/ul>\n<p><strong>Instrucciones de cuidado:<\/strong><\/p>\n<ul>\n<li>Si est\u00e1 personalizado\/impreso, <strong>no lavar durante al menos 24 horas<\/strong><\/li>\n<li>Lavar del rev\u00e9s a <strong>30 grados<\/strong><\/li>\n<li>Planchar del rev\u00e9s<\/li>\n<li><strong>No<\/strong> secar en secadora<\/li>\n<li><strong>Evita<\/strong> usar suavizante<\/li>\n<\/ul>\n<p><strong>Color<\/strong>: negro\/blanco<\/p>\n<p><strong>Material<\/strong>: 100% poli\u00e9ster reciclado<\/p>\n","protected":false},"excerpt":{"rendered":"<p>Para los orgullosos Geordies, de nacimiento y adopci\u00f3n, la nueva camiseta de la primera equipaci\u00f3n del Newcastle United 25\/26 reinventa nuestras ic\u00f3nicas rayas blancas y negras con un nuevo y audaz aspecto arraigado en la tradici\u00f3n. Inspir\u00e1ndose en el rico patrimonio del noreste, cada raya est\u00e1 bordeada con un patr\u00f3n de cuadros de pastor, un&#8230;<\/p>\n","protected":false},"featured_media":44765,"template":"","meta":{"_kad_post_transparent":"default","_kad_post_title":"","_kad_post_layout":"default","_kad_post_sidebar_id":"","_kad_post_content_style":"default","_kad_post_vertical_padding":"default","_kad_post_feature":"","_kad_post_feature_position":"","_kad_post_header":false,"_kad_post_footer":false},"product_brand":[],"product_cat":[355],"product_tag":[],"class_list":{"0":"post-36488","1":"product","2":"type-product","3":"status-publish","4":"has-post-thumbnail","6":"product_cat-newcastle-united","8":"first","9":"instock","10":"sale","11":"shipping-taxable","12":"purchasable","13":"product-type-variable","14":"entry","15":"content-bg","16":"loop-entry"},"jetpack_sharing_enabled":true,"_links":{"self":[{"href":"https:\/\/www.legendslocker.co\/es\/wp-json\/wp\/v2\/product\/36488","targetHints":{"allow":["GET"]}}],"collection":[{"href":"https:\/\/www.legendslocker.co\/es\/wp-json\/wp\/v2\/product"}],"about":[{"href":"https:\/\/www.legendslocker.co\/es\/wp-json\/wp\/v2\/types\/product"}],"wp:featuredmedia":[{"embeddable":true,"href":"https:\/\/www.legendslocker.co\/es\/wp-json\/wp\/v2\/media\/44765"}],"wp:attachment":[{"href":"https:\/\/www.legendslocker.co\/es\/wp-json\/wp\/v2\/media?parent=36488"}],"wp:term":[{"taxonomy":"product_brand","embeddable":true,"href":"https:\/\/www.legendslocker.co\/es\/wp-json\/wp\/v2\/product_brand?post=36488"},{"taxonomy":"product_cat","embeddable":true,"href":"https:\/\/www.legendslocker.co\/es\/wp-json\/wp\/v2\/product_cat?post=36488"},{"taxonomy":"product_tag","embeddable":true,"href":"https:\/\/www.legendslocker.co\/es\/wp-json\/wp\/v2\/product_tag?post=36488"}],"curies":[{"name":"wp","href":"https:\/\/api.w.org\/{rel}","templated":true}]}}