{"id":34008,"date":"2025-11-03T07:48:48","date_gmt":"2025-11-03T07:48:48","guid":{"rendered":"https:\/\/www.legendslocker.co\/product\/camiseta-de-estadio-para-hombre-tottenham-hotspur-primera-equipacion-2025-26\/"},"modified":"2025-11-11T17:54:17","modified_gmt":"2025-11-11T17:54:17","slug":"camiseta-de-estadio-para-hombre-tottenham-hotspur-primera-equipacion-2025-26","status":"publish","type":"product","link":"https:\/\/www.legendslocker.co\/es\/product\/camiseta-de-estadio-para-hombre-tottenham-hotspur-primera-equipacion-2025-26\/","title":{"rendered":"Camiseta de estadio para hombre Tottenham Hotspur, primera equipaci\u00f3n 2025\/26"},"content":{"rendered":"<p>Si\u00e9ntete como un profesional esta temporada cuando salgas al campo o subas a las gradas con la camiseta de estadio para hombre Tottenham Hotspur, primera equipaci\u00f3n 2025\/26. Una r\u00e9plica de la camiseta de los Spurs que usan los jugadores en el Tottenham Hotspur Stadium. Tiene un corte r<span data-teams=\"true\">egular<\/span> y es la forma perfecta de sentirte como uno de los jugadores.<\/p>\n<p>Esta camiseta incorpora la revolucionaria tecnolog\u00eda de tejido DriFIT de Nike, que absorbe el sudor y la humedad de la piel para una evaporaci\u00f3n m\u00e1s r\u00e1pida. Este tejido transpirable y ventilado permite que el aire fresco circule cerca de la piel, manteni\u00e9ndote m\u00e1s fresco y rindiendo mejor, sin importar el clima o incluso si el partido se alarga.<\/p>\n<p>La primera equipaci\u00f3n 2025\/26 captura esa intensidad en blanco roto y azul marino, con tonos azulados polvorientos extra\u00eddos de la tecnolog\u00eda de rendimiento. Creada para los que se atreven. Hecha para los que aparecen y llaman la atenci\u00f3n.<\/p>\n<p>Hecha de 100% poli\u00e9ster, esta camiseta de los Spurs es ligera y resistente, adem\u00e1s de lavable a m\u00e1quina, por lo que es muy f\u00e1cil de cuidar.<\/p>\n<p>100% poli\u00e9ster reciclado, lavar a m\u00e1quina a 30 grados. No usar suavizantes. No lavar en seco. No planchar. No usar lej\u00eda. Secar en horizontal.<\/p>\n","protected":false},"excerpt":{"rendered":"<p>Si\u00e9ntete como un profesional esta temporada cuando salgas al campo o subas a las gradas con la camiseta de estadio para hombre Tottenham Hotspur, primera equipaci\u00f3n 2025\/26. Una r\u00e9plica de la camiseta de los Spurs que usan los jugadores en el Tottenham Hotspur Stadium. Tiene un corte regular y es la forma perfecta de sentirte&#8230;<\/p>\n","protected":false},"featured_media":34009,"template":"","meta":{"_kad_post_transparent":"default","_kad_post_title":"","_kad_post_layout":"default","_kad_post_sidebar_id":"","_kad_post_content_style":"default","_kad_post_vertical_padding":"default","_kad_post_feature":"","_kad_post_feature_position":"","_kad_post_header":false,"_kad_post_footer":false},"product_brand":[],"product_cat":[369],"product_tag":[],"class_list":{"0":"post-34008","1":"product","2":"type-product","3":"status-publish","4":"has-post-thumbnail","6":"product_cat-tottenham-hotspur","8":"first","9":"instock","10":"sale","11":"shipping-taxable","12":"purchasable","13":"product-type-variable","14":"entry","15":"content-bg","16":"loop-entry"},"jetpack_sharing_enabled":true,"_links":{"self":[{"href":"https:\/\/www.legendslocker.co\/es\/wp-json\/wp\/v2\/product\/34008","targetHints":{"allow":["GET"]}}],"collection":[{"href":"https:\/\/www.legendslocker.co\/es\/wp-json\/wp\/v2\/product"}],"about":[{"href":"https:\/\/www.legendslocker.co\/es\/wp-json\/wp\/v2\/types\/product"}],"wp:featuredmedia":[{"embeddable":true,"href":"https:\/\/www.legendslocker.co\/es\/wp-json\/wp\/v2\/media\/34009"}],"wp:attachment":[{"href":"https:\/\/www.legendslocker.co\/es\/wp-json\/wp\/v2\/media?parent=34008"}],"wp:term":[{"taxonomy":"product_brand","embeddable":true,"href":"https:\/\/www.legendslocker.co\/es\/wp-json\/wp\/v2\/product_brand?post=34008"},{"taxonomy":"product_cat","embeddable":true,"href":"https:\/\/www.legendslocker.co\/es\/wp-json\/wp\/v2\/product_cat?post=34008"},{"taxonomy":"product_tag","embeddable":true,"href":"https:\/\/www.legendslocker.co\/es\/wp-json\/wp\/v2\/product_tag?post=34008"}],"curies":[{"name":"wp","href":"https:\/\/api.w.org\/{rel}","templated":true}]}}