{"id":32703,"date":"2025-11-03T06:48:04","date_gmt":"2025-11-03T06:48:04","guid":{"rendered":"https:\/\/www.legendslocker.co\/product\/camiseta-de-local-del-manchester-city-2025-26\/"},"modified":"2025-11-11T17:55:51","modified_gmt":"2025-11-11T17:55:51","slug":"camiseta-de-local-del-manchester-city-2025-26","status":"publish","type":"product","link":"https:\/\/www.legendslocker.co\/es\/product\/camiseta-de-local-del-manchester-city-2025-26\/","title":{"rendered":"Camiseta de local del Manchester City 2025\/26"},"content":{"rendered":"<p>Muestra tu apoyo incondicional con la camiseta de local del Manchester City 2025\/26, una combinaci\u00f3n perfecta de herencia y rendimiento. Con tecnolog\u00eda dryCELL de PUMA para mantenerte fresco y c\u00f3modo durante cualquier actividad. Por primera vez en la historia del club, la equipaci\u00f3n de local presenta la ic\u00f3nica banda, que antes se reservaba para las equipaciones de visitante, ahora reinventada en el cl\u00e1sico Sky Blue. Es una fuerte conexi\u00f3n con nuestro pasado y una declaraci\u00f3n audaz para el futuro, que representa el esp\u00edritu del City: hacer las cosas a nuestra manera, dentro y fuera del campo. Otros detalles caracter\u00edsticos incluyen un escudo bordado del Manchester City, el logotipo de PUMA Cat y la palabra \u00abCITY\u00bb impresa en la parte posterior del cuello. Los paneles de malla en los hombros y las inserciones laterales curvas ofrecen transpirabilidad y un ajuste din\u00e1mico, lo que la hace ideal tanto para el d\u00eda del partido como para el uso diario.<\/p>\n<ul>\n<li>COMODIDAD: tecnolog\u00eda dryCELL que absorbe el sudor, dise\u00f1ada para mantenerte seco y c\u00f3modo<\/li>\n<li>100% poli\u00e9ster<\/li>\n<li>Corte est\u00e1ndar<\/li>\n<li>Escudo bordado del Manchester City en la parte izquierda del pecho<\/li>\n<li>Logotipo de PUMA Cat bordado en la parte derecha del pecho y en las mangas<\/li>\n<li>CITY impreso en la parte posterior del cuello<\/li>\n<li>El MCFC trae con orgullo la ic\u00f3nica banda a casa esta temporada, tomando el centro del escenario en el Etihad Stadium<\/li>\n<li>Panel de malla en los hombros<\/li>\n<li>Paneles laterales y en las axilas curvos<\/li>\n<li>Manga corta<\/li>\n<li>Hecho en Vietnam<\/li>\n<li>RE:FIBRE: Contiene al menos un 95% de residuos textiles reciclados y otros materiales usados hechos de poli\u00e9ster<\/li>\n<\/ul>\n","protected":false},"excerpt":{"rendered":"<p>Muestra tu apoyo incondicional con la camiseta de local del Manchester City 2025\/26, una combinaci\u00f3n perfecta de herencia y rendimiento. Con tecnolog\u00eda dryCELL de PUMA para mantenerte fresco y c\u00f3modo durante cualquier actividad. Por primera vez en la historia del club, la equipaci\u00f3n de local presenta la ic\u00f3nica banda, que antes se reservaba para las&#8230;<\/p>\n","protected":false},"featured_media":32704,"template":"","meta":{"_kad_post_transparent":"default","_kad_post_title":"","_kad_post_layout":"default","_kad_post_sidebar_id":"","_kad_post_content_style":"default","_kad_post_vertical_padding":"default","_kad_post_feature":"","_kad_post_feature_position":"","_kad_post_header":false,"_kad_post_footer":false},"product_brand":[],"product_cat":[366],"product_tag":[],"class_list":{"0":"post-32703","1":"product","2":"type-product","3":"status-publish","4":"has-post-thumbnail","6":"product_cat-manchester-city","8":"first","9":"instock","10":"sale","11":"shipping-taxable","12":"purchasable","13":"product-type-variable","14":"entry","15":"content-bg","16":"loop-entry"},"jetpack_sharing_enabled":true,"_links":{"self":[{"href":"https:\/\/www.legendslocker.co\/es\/wp-json\/wp\/v2\/product\/32703","targetHints":{"allow":["GET"]}}],"collection":[{"href":"https:\/\/www.legendslocker.co\/es\/wp-json\/wp\/v2\/product"}],"about":[{"href":"https:\/\/www.legendslocker.co\/es\/wp-json\/wp\/v2\/types\/product"}],"wp:featuredmedia":[{"embeddable":true,"href":"https:\/\/www.legendslocker.co\/es\/wp-json\/wp\/v2\/media\/32704"}],"wp:attachment":[{"href":"https:\/\/www.legendslocker.co\/es\/wp-json\/wp\/v2\/media?parent=32703"}],"wp:term":[{"taxonomy":"product_brand","embeddable":true,"href":"https:\/\/www.legendslocker.co\/es\/wp-json\/wp\/v2\/product_brand?post=32703"},{"taxonomy":"product_cat","embeddable":true,"href":"https:\/\/www.legendslocker.co\/es\/wp-json\/wp\/v2\/product_cat?post=32703"},{"taxonomy":"product_tag","embeddable":true,"href":"https:\/\/www.legendslocker.co\/es\/wp-json\/wp\/v2\/product_tag?post=32703"}],"curies":[{"name":"wp","href":"https:\/\/api.w.org\/{rel}","templated":true}]}}