{"id":31120,"date":"2025-11-02T17:53:43","date_gmt":"2025-11-02T17:53:43","guid":{"rendered":"https:\/\/www.legendslocker.co\/product\/tercera-equipacion-chelsea-nike-stadium-2025-26\/"},"modified":"2025-11-11T17:56:44","modified_gmt":"2025-11-11T17:56:44","slug":"tercera-equipacion-chelsea-nike-stadium-2025-26","status":"publish","type":"product","link":"https:\/\/www.legendslocker.co\/es\/product\/tercera-equipacion-chelsea-nike-stadium-2025-26\/","title":{"rendered":"Tercera equipaci\u00f3n Chelsea Nike Stadium 2025-26"},"content":{"rendered":"<p>21 a\u00f1os despu\u00e9s de su debut, Nike Total 90 regresa a los escenarios mundiales. Canalizando la energ\u00eda de principios de la d\u00e9cada de 2000, esta camiseta utiliza los colores de la segunda equipaci\u00f3n del Chelsea 2004\/05 y l\u00edneas de dise\u00f1o curvas para llevar la ic\u00f3nica colecci\u00f3n a una nueva era de estrellas. Dise\u00f1ada para rendir durante los 90 minutos de un partido, la colecci\u00f3n Total 90 se convirti\u00f3 en una de las equipaciones ic\u00f3nicas de la d\u00e9cada de 2000 gracias a sus l\u00edneas curvas, dise\u00f1os asim\u00e9tricos y materiales mixtos. Esta reedici\u00f3n trae esa misma energ\u00eda para una nueva generaci\u00f3n de jugadores y aficionados.<\/p>\n<ul>\n<li>La colecci\u00f3n Stadium combina detalles de dise\u00f1o de r\u00e9plica con tecnolog\u00eda que capilariza el sudor para ofrecerte un look listo para el partido inspirado en tu equipo favorito<\/li>\n<li>La tecnolog\u00eda Nike Dri-FIT capilariza el sudor de la piel para acelerar la evaporaci\u00f3n, ayud\u00e1ndote a mantenerte seco y c\u00f3modo<\/li>\n<li>Dise\u00f1o de r\u00e9plica<\/li>\n<li>Escudo vintage del club<\/li>\n<li>Escudo tejido<\/li>\n<li>Manga corta<\/li>\n<li>Tecnolog\u00eda Dri-FIT\u00ae que capilariza la humedad<\/li>\n<li>Con licencia oficial<\/li>\n<li>Los art\u00edculos personalizados son venta final y no se pueden cancelar, cambiar, devolver ni reembolsar una vez realizado el pedido<\/li>\n<\/ul>\n<p>&nbsp;<\/p>\n","protected":false},"excerpt":{"rendered":"<p>21 a\u00f1os despu\u00e9s de su debut, Nike Total 90 regresa a los escenarios mundiales. Canalizando la energ\u00eda de principios de la d\u00e9cada de 2000, esta camiseta utiliza los colores de la segunda equipaci\u00f3n del Chelsea 2004\/05 y l\u00edneas de dise\u00f1o curvas para llevar la ic\u00f3nica colecci\u00f3n a una nueva era de estrellas. Dise\u00f1ada para rendir&#8230;<\/p>\n","protected":false},"featured_media":31121,"template":"","meta":{"_kad_post_transparent":"default","_kad_post_title":"","_kad_post_layout":"default","_kad_post_sidebar_id":"","_kad_post_content_style":"default","_kad_post_vertical_padding":"default","_kad_post_feature":"","_kad_post_feature_position":"","_kad_post_header":false,"_kad_post_footer":false},"product_brand":[],"product_cat":[351],"product_tag":[],"class_list":{"0":"post-31120","1":"product","2":"type-product","3":"status-publish","4":"has-post-thumbnail","6":"product_cat-chelsea-fc","8":"first","9":"instock","10":"sale","11":"shipping-taxable","12":"purchasable","13":"product-type-variable","14":"entry","15":"content-bg","16":"loop-entry"},"jetpack_sharing_enabled":true,"_links":{"self":[{"href":"https:\/\/www.legendslocker.co\/es\/wp-json\/wp\/v2\/product\/31120","targetHints":{"allow":["GET"]}}],"collection":[{"href":"https:\/\/www.legendslocker.co\/es\/wp-json\/wp\/v2\/product"}],"about":[{"href":"https:\/\/www.legendslocker.co\/es\/wp-json\/wp\/v2\/types\/product"}],"wp:featuredmedia":[{"embeddable":true,"href":"https:\/\/www.legendslocker.co\/es\/wp-json\/wp\/v2\/media\/31121"}],"wp:attachment":[{"href":"https:\/\/www.legendslocker.co\/es\/wp-json\/wp\/v2\/media?parent=31120"}],"wp:term":[{"taxonomy":"product_brand","embeddable":true,"href":"https:\/\/www.legendslocker.co\/es\/wp-json\/wp\/v2\/product_brand?post=31120"},{"taxonomy":"product_cat","embeddable":true,"href":"https:\/\/www.legendslocker.co\/es\/wp-json\/wp\/v2\/product_cat?post=31120"},{"taxonomy":"product_tag","embeddable":true,"href":"https:\/\/www.legendslocker.co\/es\/wp-json\/wp\/v2\/product_tag?post=31120"}],"curies":[{"name":"wp","href":"https:\/\/api.w.org\/{rel}","templated":true}]}}