{"id":30081,"date":"2025-11-02T17:48:56","date_gmt":"2025-11-02T17:48:56","guid":{"rendered":"https:\/\/www.legendslocker.co\/product\/camiseta-de-local-del-chelsea-nike-stadium-2025-26\/"},"modified":"2025-11-11T17:56:44","modified_gmt":"2025-11-11T17:56:44","slug":"camiseta-de-local-del-chelsea-nike-stadium-2025-26","status":"publish","type":"product","link":"https:\/\/www.legendslocker.co\/es\/product\/camiseta-de-local-del-chelsea-nike-stadium-2025-26\/","title":{"rendered":"Camiseta de local del Chelsea Nike Stadium 2025-26"},"content":{"rendered":"<p>Celebra la hist\u00f3rica trayectoria del club y el esp\u00edritu vibrante y en constante evoluci\u00f3n de Londres con la equipaci\u00f3n de local 2025-26 del Chelsea FC. Esta r\u00e9plica de camiseta presenta el cl\u00e1sico azul Chelsea y un sutil estampado inspirado en la arquitectura de la ciudad. Nuestra colecci\u00f3n Stadium combina detalles de dise\u00f1o de r\u00e9plica con tecnolog\u00eda de capilarizaci\u00f3n del sudor para ofrecerte un look listo para el partido e inspirado en tu equipo favorito. La tecnolog\u00eda Nike Dri-FIT capilariza el sudor de la piel para acelerar la evaporaci\u00f3n, ayud\u00e1ndote a mantenerte seco y c\u00f3modo.<\/p>\n<ul>\n<li>La colecci\u00f3n Stadium combina detalles de dise\u00f1o de r\u00e9plica con tecnolog\u00eda de capilarizaci\u00f3n del sudor para ofrecerte un look listo para el partido e inspirado en tu amor por el Chelsea<\/li>\n<li>La tecnolog\u00eda Nike Dri-FIT capilariza el sudor de la piel para acelerar la evaporaci\u00f3n, ayud\u00e1ndote a mantenerte seco y c\u00f3modo<\/li>\n<li>Dise\u00f1o de r\u00e9plica<\/li>\n<li>Escudo tejido<\/li>\n<li>Lamentamos informarle de que las camisetas personalizadas con el nombre de una persona no se pueden cambiar ni reembolsar, a menos que la camiseta o el estampado se consideren defectuosos o de calidad no aceptable. No podemos cambiar ni reembolsar una camiseta personalizada ni aceptar responsabilidades en caso de que un jugador deje el club o cambie el n\u00famero\/nombre de su camiseta. No podemos cambiar ni reembolsar en caso de cambio de escudo\/patrocinador de la competici\u00f3n o de cambio de fuente de letras y n\u00fameros. Adem\u00e1s, debe tenerse en cuenta que los nombres y\/o n\u00fameros de los jugadores que se utilicen entre la pretemporada y el inicio de la temporada oficial de la liga pueden diferir y no se tramitar\u00e1n cambios ni reembolsos.<\/li>\n<li>Manga corta<\/li>\n<li>Licencia oficial<\/li>\n<li>Los art\u00edculos personalizados son venta final y no se pueden cancelar, cambiar, devolver ni reembolsar una vez realizado el pedido<\/li>\n<\/ul>\n","protected":false},"excerpt":{"rendered":"<p>Celebra la hist\u00f3rica trayectoria del club y el esp\u00edritu vibrante y en constante evoluci\u00f3n de Londres con la equipaci\u00f3n de local 2025-26 del Chelsea FC. Esta r\u00e9plica de camiseta presenta el cl\u00e1sico azul Chelsea y un sutil estampado inspirado en la arquitectura de la ciudad. Nuestra colecci\u00f3n Stadium combina detalles de dise\u00f1o de r\u00e9plica con&#8230;<\/p>\n","protected":false},"featured_media":30083,"template":"","meta":{"_kad_post_transparent":"default","_kad_post_title":"","_kad_post_layout":"default","_kad_post_sidebar_id":"","_kad_post_content_style":"default","_kad_post_vertical_padding":"default","_kad_post_feature":"","_kad_post_feature_position":"","_kad_post_header":false,"_kad_post_footer":false},"product_brand":[],"product_cat":[351],"product_tag":[],"class_list":{"0":"post-30081","1":"product","2":"type-product","3":"status-publish","4":"has-post-thumbnail","6":"product_cat-chelsea-fc","8":"first","9":"instock","10":"sale","11":"shipping-taxable","12":"purchasable","13":"product-type-variable","14":"entry","15":"content-bg","16":"loop-entry"},"jetpack_sharing_enabled":true,"_links":{"self":[{"href":"https:\/\/www.legendslocker.co\/es\/wp-json\/wp\/v2\/product\/30081","targetHints":{"allow":["GET"]}}],"collection":[{"href":"https:\/\/www.legendslocker.co\/es\/wp-json\/wp\/v2\/product"}],"about":[{"href":"https:\/\/www.legendslocker.co\/es\/wp-json\/wp\/v2\/types\/product"}],"wp:featuredmedia":[{"embeddable":true,"href":"https:\/\/www.legendslocker.co\/es\/wp-json\/wp\/v2\/media\/30083"}],"wp:attachment":[{"href":"https:\/\/www.legendslocker.co\/es\/wp-json\/wp\/v2\/media?parent=30081"}],"wp:term":[{"taxonomy":"product_brand","embeddable":true,"href":"https:\/\/www.legendslocker.co\/es\/wp-json\/wp\/v2\/product_brand?post=30081"},{"taxonomy":"product_cat","embeddable":true,"href":"https:\/\/www.legendslocker.co\/es\/wp-json\/wp\/v2\/product_cat?post=30081"},{"taxonomy":"product_tag","embeddable":true,"href":"https:\/\/www.legendslocker.co\/es\/wp-json\/wp\/v2\/product_tag?post=30081"}],"curies":[{"name":"wp","href":"https:\/\/api.w.org\/{rel}","templated":true}]}}