{"id":29927,"date":"2022-08-31T06:08:12","date_gmt":"2022-08-31T06:08:12","guid":{"rendered":"https:\/\/www.legendslocker.co\/politica-de-privacidad\/"},"modified":"2022-08-31T06:08:12","modified_gmt":"2022-08-31T06:08:12","slug":"politica-de-privacidad","status":"publish","type":"page","link":"https:\/\/www.legendslocker.co\/es\/politica-de-privacidad\/","title":{"rendered":"Pol\u00edtica de privacidad"},"content":{"rendered":"\n<p>Esta Pol\u00edtica de privacidad describe c\u00f3mo The Sports Creed (el \u201cSitio\u201d o \u201cnosotros\u201d) recopila, utiliza y divulga tu Informaci\u00f3n personal cuando visitas o realizas una compra en el Sitio.<\/p>\n\n\n\n<h4 class=\"wp-block-heading\">Recopilaci\u00f3n de informaci\u00f3n personal<\/h4>\n\n\n\n<p>Cuando visitas el Sitio, recopilamos cierta informaci\u00f3n sobre tu dispositivo, tu interacci\u00f3n con el Sitio e informaci\u00f3n necesaria para procesar tus compras. Tambi\u00e9n podemos recopilar informaci\u00f3n adicional si te pones en contacto con nosotros para obtener asistencia al cliente. En esta Pol\u00edtica de privacidad, nos referimos a cualquier informaci\u00f3n que pueda identificar de forma \u00fanica a una persona (incluida la informaci\u00f3n que se indica a continuaci\u00f3n) como \u201cInformaci\u00f3n personal\u201d. Consulta la siguiente lista para obtener m\u00e1s informaci\u00f3n sobre qu\u00e9 Informaci\u00f3n personal recopilamos y por qu\u00e9.   <\/p>\n\n\n\n<p><strong><u>Informaci\u00f3n del dispositivo<\/u><\/strong><\/p>\n\n\n\n<ul class=\"wp-block-list\">\n<li><strong>Ejemplos de informaci\u00f3n personal recopilada:<\/strong> versi\u00f3n del navegador web, direcci\u00f3n IP, zona horaria, informaci\u00f3n de cookies, qu\u00e9 sitios o productos ves, t\u00e9rminos de b\u00fasqueda y c\u00f3mo interact\u00faas con el Sitio.<\/li>\n\n\n\n<li><strong>Finalidad de la recopilaci\u00f3n:<\/strong> cargar el Sitio con precisi\u00f3n para ti y realizar an\u00e1lisis sobre el uso del Sitio para optimizarlo.<\/li>\n\n\n\n<li><strong>Fuente de recopilaci\u00f3n:<\/strong> se recopila autom\u00e1ticamente cuando accedes a nuestro Sitio mediante cookies, archivos de registro, balizas web, etiquetas<\/li>\n\n\n\n<li><strong>Divulgaci\u00f3n con fines comerciales:<\/strong> se comparte con nuestro procesador Google, Facebook, Bing, Woocommerce.<\/li>\n<\/ul>\n\n\n\n<p><strong><u>Informaci\u00f3n del pedido<\/u><\/strong><\/p>\n\n\n\n<ul class=\"wp-block-list\">\n<li><strong>Ejemplos de informaci\u00f3n personal recopilada:<\/strong> nombre, direcci\u00f3n de facturaci\u00f3n, direcci\u00f3n de env\u00edo, informaci\u00f3n de pago (incluidos los n\u00fameros de tarjeta de cr\u00e9dito), direcci\u00f3n de correo electr\u00f3nico y n\u00famero de tel\u00e9fono.<\/li>\n\n\n\n<li><strong>Finalidad de la recopilaci\u00f3n:<\/strong> proporcionarte productos o servicios para cumplir nuestro contrato, procesar tu informaci\u00f3n de pago, organizar el env\u00edo y proporcionarte facturas y\/o confirmaciones de pedido, comunicarnos contigo, examinar nuestros pedidos en busca de posibles riesgos o fraudes y, cuando est\u00e9 en consonancia con las preferencias que has compartido con nosotros, proporcionarte informaci\u00f3n o publicidad relacionada con nuestros productos o servicios.<\/li>\n\n\n\n<li><strong>Fuente de recopilaci\u00f3n:<\/strong> recopilada de ti.<\/li>\n\n\n\n<li><strong>Divulgaci\u00f3n con fines comerciales:<\/strong> se comparte con nuestro procesador Stripe.<\/li>\n<\/ul>\n\n\n\n<p><strong><u>Informaci\u00f3n de atenci\u00f3n al cliente<\/u><\/strong><\/p>\n\n\n\n<ul class=\"wp-block-list\">\n<li><strong>Ejemplos de informaci\u00f3n personal recopilada:<\/strong> <em>Nombre, correo electr\u00f3nico e ID de pedido.<\/em><\/li>\n\n\n\n<li><strong>Finalidad de la recopilaci\u00f3n:<\/strong> proporcionar atenci\u00f3n al cliente.<\/li>\n\n\n\n<li><strong>Fuente de recopilaci\u00f3n:<\/strong> recopilada de ti.<\/li>\n\n\n\n<li><strong>Divulgaci\u00f3n con fines comerciales:<\/strong> <em>Equipo de soporte interno<\/em><\/li>\n<\/ul>\n\n\n\n<h4 class=\"wp-block-heading\">Menores de edad<\/h4>\n\n\n\n<p>El Sitio no est\u00e1 destinado a personas menores de <em>18<\/em> a\u00f1os. No recopilamos intencionadamente Informaci\u00f3n personal de ni\u00f1os. Si eres el padre, madre o tutor y crees que tu hijo nos ha proporcionado Informaci\u00f3n personal, ponte en contacto con nosotros en la direcci\u00f3n que se indica a continuaci\u00f3n para solicitar su eliminaci\u00f3n.  <\/p>\n\n\n\n<h4 class=\"wp-block-heading\">Compartir informaci\u00f3n personal<\/h4>\n\n\n\n<p>Compartimos tu Informaci\u00f3n personal con proveedores de servicios para que nos ayuden a prestar nuestros servicios y cumplir nuestros contratos contigo, tal y como se ha descrito anteriormente. Por ejemplo: <\/p>\n\n\n\n<ul class=\"wp-block-list\">\n<li>Podemos compartir tu Informaci\u00f3n personal para cumplir con las leyes y normativas aplicables, para responder a una citaci\u00f3n, orden de registro u otra solicitud legal de informaci\u00f3n que recibamos, o para proteger de otro modo nuestros derechos.<\/li>\n<\/ul>\n\n\n\n<h4 class=\"wp-block-heading\">Publicidad conductual<\/h4>\n\n\n\n<p>Como se ha descrito anteriormente, utilizamos tu Informaci\u00f3n personal para proporcionarte anuncios espec\u00edficos o comunicaciones de marketing que creemos que pueden ser de tu inter\u00e9s. Por ejemplo: <\/p>\n\n\n\n<ul class=\"wp-block-list\">\n<li>Utilizamos Google Analytics para comprender c\u00f3mo utilizan nuestros clientes el Sitio. Puedes obtener m\u00e1s informaci\u00f3n sobre c\u00f3mo utiliza Google tu Informaci\u00f3n personal aqu\u00ed: &nbsp;<a href=\"https:\/\/policies.google.com\/privacy?hl=en\">https:\/\/policies.google.com\/privacy?hl=en<\/a>. Tambi\u00e9n puedes darte de baja de Google Analytics aqu\u00ed:&nbsp;<a href=\"https:\/\/tools.google.com\/dlpage\/gaoptout\">https:\/\/tools.google.com\/dlpage\/gaoptout<\/a>.<\/li>\n<\/ul>\n\n\n\n<p>Para obtener m\u00e1s informaci\u00f3n sobre c\u00f3mo funciona la publicidad dirigida, puedes visitar la p\u00e1gina educativa de la Network Advertising Initiative (\u201cNAI\u201d) en <a href=\"http:\/\/www.networkadvertising.org\/understanding-online-advertising\/how-does-it-work\">http:\/\/www.networkadvertising.org\/understanding-online-advertising\/how-does-it-work<\/a>.<\/p>\n\n\n\n<p>Puedes darte de baja de la publicidad dirigida mediante:<\/p>\n\n\n\n<ul class=\"wp-block-list\">\n<li><em>FACEBOOK \u2013 <\/em><a href=\"https:\/\/www.facebook.com\/settings\/?tab=ads\">https:\/\/www.facebook.com\/settings\/?tab=ads<\/a><\/li>\n\n\n\n<li><em>GOOGLE \u2013 <\/em><a href=\"https:\/\/www.google.com\/settings\/ads\/anonymous\">https:\/\/www.google.com\/settings\/ads\/anonymous<\/a><\/li>\n\n\n\n<li><em>BING \u2013 <\/em><a href=\"https:\/\/advertise.bingads.microsoft.com\/en-us\/resources\/policies\/personalized-ads\">https:\/\/advertise.bingads.microsoft.com\/en-us\/resources\/policies\/personalized-ads<\/a><em>]<\/em><\/li>\n<\/ul>\n\n\n\n<p>Adem\u00e1s, puedes darte de baja de algunos de estos servicios visitando el portal de exclusi\u00f3n de la Digital Advertising Alliance en: <a href=\"http:\/\/optout.aboutads.info\/\">http:\/\/optout.aboutads.info\/<\/a>.<\/p>\n\n\n\n<h4 class=\"wp-block-heading\">Uso de la informaci\u00f3n personal<\/h4>\n\n\n\n<p>Utilizamos tu Informaci\u00f3n personal para proporcionarte nuestros servicios, lo que incluye: ofrecer productos a la venta, procesar pagos, enviar y tramitar tu pedido, y mantenerte al d\u00eda sobre nuevos productos, servicios y ofertas.<\/p>\n\n\n\n<h4 class=\"wp-block-heading\">Base legal<\/h4>\n\n\n\n<p>De conformidad con el Reglamento General de Protecci\u00f3n de Datos (\u201cRGPD\u201d), si eres residente del Espacio Econ\u00f3mico Europeo (\u201cEEE\u201d), procesamos tu informaci\u00f3n personal en virtud de las siguientes bases legales:<\/p>\n\n\n\n<ul class=\"wp-block-list\">\n<li>Tu consentimiento;<\/li>\n\n\n\n<li>La ejecuci\u00f3n del contrato entre t\u00fa y el Sitio;<\/li>\n\n\n\n<li>El cumplimiento de nuestras obligaciones legales;<\/li>\n\n\n\n<li>Para proteger tus intereses vitales;<\/li>\n\n\n\n<li>Para realizar una tarea llevada a cabo en el inter\u00e9s p\u00fablico;<\/li>\n\n\n\n<li>Para nuestros intereses leg\u00edtimos, que no invalidan tus derechos y libertades fundamentales.<\/li>\n<\/ul>\n\n\n\n<h4 class=\"wp-block-heading\">Retenci\u00f3n<\/h4>\n\n\n\n<p>Cuando realizas un pedido a trav\u00e9s del Sitio, conservaremos tu Informaci\u00f3n personal en nuestros registros a menos y hasta que nos pidas que borremos esta informaci\u00f3n. Para obtener m\u00e1s informaci\u00f3n sobre tu derecho de supresi\u00f3n, consulta la secci\u00f3n \u201cTus derechos\u201d que se indica a continuaci\u00f3n. <\/p>\n\n\n\n<h4 class=\"wp-block-heading\">Toma de decisiones automatizada<\/h4>\n\n\n\n<p>Si eres residente del EEE, tienes derecho a oponerte al procesamiento basado \u00fanicamente en la toma de decisiones automatizada (que incluye la elaboraci\u00f3n de perfiles), cuando dicha toma de decisiones tenga un efecto legal sobre ti o te afecte significativamente de otro modo.<\/p>\n\n\n\n<p>Nosotros <em>NO<\/em> participamos en la toma de decisiones totalmente automatizada que tenga un efecto legal o significativo de otro modo utilizando los datos del cliente.<\/p>\n\n\n\n<p>Nuestro procesador Stripe utiliza la toma de decisiones automatizada limitada para evitar el fraude que no tenga un efecto legal o significativo de otro modo en ti.<\/p>\n\n\n\n<p>Los servicios que incluyen elementos de toma de decisiones automatizada incluyen:<\/p>\n\n\n\n<ul class=\"wp-block-list\">\n<li>Lista de denegaci\u00f3n temporal de direcciones IP asociadas con transacciones fallidas repetidas. Esta lista de denegaci\u00f3n persiste durante un peque\u00f1o n\u00famero de horas. <\/li>\n\n\n\n<li>Lista de denegaci\u00f3n temporal de tarjetas de cr\u00e9dito asociadas con direcciones IP denegadas. Esta lista de denegaci\u00f3n persiste durante un peque\u00f1o n\u00famero de d\u00edas. <\/li>\n<\/ul>\n\n\n\n<h4 class=\"wp-block-heading\">Cookies<\/h4>\n\n\n\n<p>Una cookie es una peque\u00f1a cantidad de informaci\u00f3n que se descarga en tu ordenador o dispositivo cuando visitas nuestro Sitio. Utilizamos una serie de cookies diferentes, incluidas las cookies funcionales, de rendimiento, publicitarias y de redes sociales o de contenido. Las cookies mejoran tu experiencia de navegaci\u00f3n al permitir que el sitio web recuerde tus acciones y preferencias (como el inicio de sesi\u00f3n y la selecci\u00f3n de regi\u00f3n). Esto significa que no tienes que volver a introducir esta informaci\u00f3n cada vez que vuelves al sitio o navegas de una p\u00e1gina a otra. Las cookies tambi\u00e9n proporcionan informaci\u00f3n sobre c\u00f3mo utiliza la gente el sitio web, por ejemplo, si es la primera vez que lo visita o si es un visitante frecuente.    <\/p>\n\n\n\n<p>Utilizamos las siguientes cookies para optimizar tu experiencia en nuestro Sitio y para prestar nuestros servicios.<\/p>\n\n\n\n<h4 class=\"wp-block-heading\">Cookies necesarias para el funcionamiento de la tienda<\/h4>\n\n\n\n<figure class=\"wp-block-table\"><table><thead><tr><td><strong>Nombre<\/strong><\/td><td><strong>Funci\u00f3n<\/strong><\/td><\/tr><\/thead><tbody><tr><td><em>_ab<\/em><\/td><td>Se utiliza en relaci\u00f3n con el acceso al administrador.<\/td><\/tr><tr><td><em>_secure_session_id<\/em><\/td><td>Se utiliza en relaci\u00f3n con la navegaci\u00f3n por una tienda.<\/td><\/tr><tr><td><em>cart<\/em><\/td><td>Se utiliza en relaci\u00f3n con el carrito de la compra.<\/td><\/tr><tr><td><em>cart_sig<\/em><\/td><td>Se utiliza en relaci\u00f3n con el pago.<\/td><\/tr><tr><td><em>cart_ts<\/em><\/td><td>Se utiliza en relaci\u00f3n con el pago.<\/td><\/tr><tr><td><em>checkout_token<\/em><\/td><td>Se utiliza en relaci\u00f3n con el pago.<\/td><\/tr><tr><td><em>secret<\/em><\/td><td>Se utiliza en relaci\u00f3n con el pago.<\/td><\/tr><tr><td><em>secure_customer_sig<\/em><\/td><td>Se utiliza en relaci\u00f3n con el inicio de sesi\u00f3n del cliente.<\/td><\/tr><tr><td><em>storefront_digest<\/em><\/td><td>Se utiliza en relaci\u00f3n con el inicio de sesi\u00f3n del cliente.<\/td><\/tr><\/tbody><\/table><\/figure>\n\n\n\n<h4 class=\"wp-block-heading\">Informes y an\u00e1lisis<\/h4>\n\n\n\n<figure class=\"wp-block-table\"><table><tbody><tr><td><strong>Nombre<\/strong><\/td><td><strong>Funci\u00f3n<\/strong><\/td><\/tr><tr><td><em>_tracking_consent<\/em><\/td><td>Preferencias de seguimiento.<\/td><\/tr><tr><td><em>_landing_page<\/em><\/td><td>Seguimiento de las p\u00e1ginas de destino<\/td><\/tr><tr><td><em>_orig_referrer<\/em><\/td><td>Seguimiento de las p\u00e1ginas de destino<\/td><\/tr><\/tbody><\/table><\/figure>\n\n\n\n<p>El tiempo que una cookie permanece en tu ordenador o dispositivo m\u00f3vil depende de si es una cookie \u201cpersistente\u201d o de \u201csesi\u00f3n\u201d. Las cookies de sesi\u00f3n duran hasta que dejas de navegar y las cookies persistentes duran hasta que caducan o se eliminan. La mayor\u00eda de las cookies que utilizamos son persistentes y caducar\u00e1n entre 30 minutos y dos a\u00f1os a partir de la fecha en que se descargan en tu dispositivo.  <\/p>\n\n\n\n<p>Puedes controlar y gestionar las cookies de varias maneras. Ten en cuenta que eliminar o bloquear las cookies puede afectar negativamente a tu experiencia de usuario y es posible que ya no se pueda acceder por completo a algunas partes de nuestro sitio web. <\/p>\n\n\n\n<p>La mayor\u00eda de los navegadores aceptan autom\u00e1ticamente las cookies, pero puedes elegir si quieres aceptarlas o no a trav\u00e9s de los controles de tu navegador, que suelen encontrarse en el men\u00fa \u201cHerramientas\u201d o \u201cPreferencias\u201d de tu navegador. Puedes encontrar m\u00e1s informaci\u00f3n sobre c\u00f3mo modificar la configuraci\u00f3n de tu navegador o c\u00f3mo bloquear, gestionar o filtrar las cookies en el archivo de ayuda de tu navegador o a trav\u00e9s de sitios como&nbsp;<a href=\"https:\/\/arain26-833.myshopify.com\/admin\/settings\/www.allaboutcookies.org\">www.allaboutcookies.org<\/a>.<\/p>\n\n\n\n<p>Adem\u00e1s, ten en cuenta que el bloqueo de cookies puede no impedir por completo la forma en que compartimos informaci\u00f3n con terceros, como nuestros socios publicitarios. Para ejercer tus derechos o darte de baja de ciertos usos de tu informaci\u00f3n por parte de estos terceros, sigue las instrucciones de la secci\u00f3n \u201cPublicidad conductual\u201d que se indica m\u00e1s arriba.<\/p>\n\n\n\n<h4 class=\"wp-block-heading\">No realizar seguimiento<\/h4>\n\n\n\n<p>Ten en cuenta que, debido a que no existe una comprensi\u00f3n coherente en el sector sobre c\u00f3mo responder a las se\u00f1ales de \u201cNo realizar seguimiento\u201d, no modificamos nuestras pr\u00e1cticas de recopilaci\u00f3n y uso de datos cuando detectamos dicha se\u00f1al de tu navegador.<\/p>\n\n\n\n<h4 class=\"wp-block-heading\">Cambios<\/h4>\n\n\n\n<p>Es posible que actualicemos esta Pol\u00edtica de privacidad de vez en cuando para reflejar, por ejemplo, cambios en nuestras pr\u00e1cticas o por otros motivos operativos, legales o reglamentarios.<\/p>\n\n\n\n<h4 class=\"wp-block-heading\">Contacto<\/h4>\n\n\n\n<p>Para obtener m\u00e1s informaci\u00f3n sobre nuestras pr\u00e1cticas de privacidad, si tienes preguntas o si deseas presentar una queja, ponte en contacto con nosotros por correo electr\u00f3nico a legal@kickoffgear.co o por correo postal utilizando los datos que se indican a continuaci\u00f3n:<\/p>\n\n\n\n<p>Direcci\u00f3n<\/p>\n\n\n\n<p>Si no est\u00e1s satisfecho con nuestra respuesta a tu queja, tienes derecho a presentar tu queja ante la autoridad de protecci\u00f3n de datos pertinente. Puedes ponerte en contacto con tu autoridad local de protecci\u00f3n de datos, o con nuestra autoridad de supervisi\u00f3n aqu\u00ed:&nbsp;<a href=\"https:\/\/ico.org.uk\/make-a-complaint\/\">https:\/\/ico.org.uk\/make-a-complaint\/<\/a><\/p>\n","protected":false},"excerpt":{"rendered":"<p>Esta Pol\u00edtica de privacidad describe c\u00f3mo The Sports Creed (el \u201cSitio\u201d o \u201cnosotros\u201d) recopila, utiliza y divulga tu Informaci\u00f3n personal cuando visitas o realizas una compra en el Sitio. Recopilaci\u00f3n de informaci\u00f3n personal Cuando visitas el Sitio, recopilamos cierta informaci\u00f3n sobre tu dispositivo, tu interacci\u00f3n con el Sitio e informaci\u00f3n necesaria para procesar tus compras&#8230;.<\/p>\n","protected":false},"author":1,"featured_media":0,"parent":0,"menu_order":0,"comment_status":"closed","ping_status":"closed","template":"","meta":{"_kad_post_transparent":"","_kad_post_title":"","_kad_post_layout":"","_kad_post_sidebar_id":"","_kad_post_content_style":"","_kad_post_vertical_padding":"","_kad_post_feature":"","_kad_post_feature_position":"","_kad_post_header":false,"_kad_post_footer":false,"footnotes":""},"class_list":["post-29927","page","type-page","status-publish","hentry"],"jetpack_sharing_enabled":true,"_links":{"self":[{"href":"https:\/\/www.legendslocker.co\/es\/wp-json\/wp\/v2\/pages\/29927","targetHints":{"allow":["GET"]}}],"collection":[{"href":"https:\/\/www.legendslocker.co\/es\/wp-json\/wp\/v2\/pages"}],"about":[{"href":"https:\/\/www.legendslocker.co\/es\/wp-json\/wp\/v2\/types\/page"}],"author":[{"embeddable":true,"href":"https:\/\/www.legendslocker.co\/es\/wp-json\/wp\/v2\/users\/1"}],"replies":[{"embeddable":true,"href":"https:\/\/www.legendslocker.co\/es\/wp-json\/wp\/v2\/comments?post=29927"}],"version-history":[{"count":0,"href":"https:\/\/www.legendslocker.co\/es\/wp-json\/wp\/v2\/pages\/29927\/revisions"}],"wp:attachment":[{"href":"https:\/\/www.legendslocker.co\/es\/wp-json\/wp\/v2\/media?parent=29927"}],"curies":[{"name":"wp","href":"https:\/\/api.w.org\/{rel}","templated":true}]}}