{"id":29925,"date":"2017-12-15T10:26:09","date_gmt":"2017-12-15T10:26:09","guid":{"rendered":"https:\/\/www.legendslocker.co\/terminos-y-condiciones\/"},"modified":"2017-12-15T10:26:09","modified_gmt":"2017-12-15T10:26:09","slug":"terminos-y-condiciones","status":"publish","type":"page","link":"https:\/\/www.legendslocker.co\/es\/terminos-y-condiciones\/","title":{"rendered":"T\u00e9rminos y condiciones"},"content":{"rendered":"\n<h2 class=\"wp-block-heading\">T\u00e9rminos y condiciones<\/h2>\n\n\n\n<p>\u00a1Bienvenido a kickoffgear.co!<\/p>\n\n\n\n<p>Estos t\u00e9rminos y condiciones establecen las reglas y regulaciones para el uso del sitio web kickoffgear.co, ubicado en kickoffgear.co<\/p>\n\n\n\n<p>Al acceder a este sitio web, asumimos que aceptas estos t\u00e9rminos y condiciones. No contin\u00faes usando kickoffgear.co si no est\u00e1s de acuerdo con todos los t\u00e9rminos y condiciones establecidos en esta p\u00e1gina. <\/p>\n\n\n\n<p>La siguiente terminolog\u00eda se aplica a estos T\u00e9rminos y condiciones, la Declaraci\u00f3n de privacidad y el Aviso de exenci\u00f3n de responsabilidad, as\u00ed como a todos los acuerdos: \u201cCliente\u201d, \u201cT\u00fa\u201d y \u201cTu\u201d se refieren a ti, la persona que inicia sesi\u00f3n en este sitio web y que cumple con los t\u00e9rminos y condiciones de la Compa\u00f1\u00eda. \u201cLa Compa\u00f1\u00eda\u201d, \u201cNosotros mismos\u201d, \u201cNosotros\u201d, \u201cNuestro\u201d y \u201cNos\u201d, se refieren a nuestra Compa\u00f1\u00eda. \u201cParte\u201d, \u201cPartes\u201d o \u201cNosotros\u201d, se refieren tanto al Cliente como a nosotros mismos. Todos los t\u00e9rminos se refieren a la oferta, aceptaci\u00f3n y consideraci\u00f3n del pago necesario para emprender el proceso de nuestra asistencia al Cliente de la manera m\u00e1s adecuada para el prop\u00f3sito expreso de satisfacer las necesidades del Cliente con respecto a la prestaci\u00f3n de los servicios declarados de la Compa\u00f1\u00eda, de acuerdo con y sujeto a la ley vigente de los Pa\u00edses Bajos. Cualquier uso de la terminolog\u00eda anterior u otras palabras en singular, plural, may\u00fasculas y\/o \u00e9l\/ella o ellos, se toman como intercambiables y, por lo tanto, como referencia a lo mismo.    <\/p>\n\n\n\n<h3 class=\"wp-block-heading\"><strong>Cookies<\/strong><\/h3>\n\n\n\n<p>Empleamos el uso de cookies. Al acceder a kickoffgear.co, aceptas usar cookies de acuerdo con la Pol\u00edtica de privacidad de kickoffgear.co. <\/p>\n\n\n\n<p>La mayor\u00eda de los sitios web interactivos utilizan cookies para permitirnos recuperar los detalles del usuario para cada visita. Nuestro sitio web utiliza cookies para habilitar la funcionalidad de ciertas \u00e1reas para que sea m\u00e1s f\u00e1cil para las personas que visitan nuestro sitio web. Algunos de nuestros socios afiliados\/publicitarios tambi\u00e9n pueden usar cookies.  <\/p>\n\n\n\n<h3 class=\"wp-block-heading\"><strong>Licencia<\/strong><\/h3>\n\n\n\n<p>A menos que se indique lo contrario, kickoffgear.co y\/o sus licenciantes poseen los derechos de propiedad intelectual de todo el material en kickoffgear.co. Todos los derechos de propiedad intelectual est\u00e1n reservados. Puedes acceder a esto desde kickoffgear.co para tu uso personal sujeto a las restricciones establecidas en estos t\u00e9rminos y condiciones.  <\/p>\n\n\n\n<p>No debes:<\/p>\n\n\n\n<ul class=\"wp-block-list\"><li>Volver a publicar material de kickoffgear.co<\/li><li>Vender, alquilar o sublicenciar material de kickoffgear.co<\/li><li>Reproducir, duplicar o copiar material de kickoffgear.co<\/li><li>Redistribuir contenido de kickoffgear.co<\/li><\/ul>\n\n\n\n<p>Este acuerdo comenzar\u00e1 en la fecha del presente. Nuestros T\u00e9rminos y condiciones fueron creados con la ayuda del &nbsp;<a href=\"https:\/\/www.termsfeed.com\/terms-conditions-generator\/\">Generador de t\u00e9rminos y condiciones<\/a>.<\/p>\n\n\n\n<p>Algunas partes de este sitio web ofrecen una oportunidad para que los usuarios publiquen e intercambien opiniones e informaci\u00f3n en ciertas \u00e1reas del sitio web. kickoffgear.co no filtra, edita, publica ni revisa los Comentarios antes de su presencia en el sitio web. Los comentarios no reflejan los puntos de vista y opiniones de kickoffgear.co, sus agentes y\/o afiliados. Los comentarios reflejan los puntos de vista y opiniones de la persona que publica sus puntos de vista y opiniones. En la medida en que lo permitan las leyes aplicables, kickoffgear.co no ser\u00e1 responsable de los Comentarios ni de ninguna responsabilidad, da\u00f1os o gastos causados y\/o sufridos como resultado de cualquier uso y\/o publicaci\u00f3n y\/o aparici\u00f3n de los Comentarios en este sitio web.    <\/p>\n\n\n\n<p>kickoffgear.co se reserva el derecho de supervisar todos los Comentarios y de eliminar cualquier Comentario que pueda considerarse inapropiado, ofensivo o que cause el incumplimiento de estos T\u00e9rminos y condiciones.<\/p>\n\n\n\n<p>Garantizas y representas que:<\/p>\n\n\n\n<ul class=\"wp-block-list\"><li>Tienes derecho a publicar los Comentarios en nuestro sitio web y tienes todas las licencias y consentimientos necesarios para hacerlo;<\/li><li>Los Comentarios no invaden ning\u00fan derecho de propiedad intelectual, incluyendo, entre otros, los derechos de autor, patentes o marcas comerciales de terceros;<\/li><li>Los Comentarios no contienen ning\u00fan material difamatorio, calumnioso, ofensivo, indecente o de otro modo ilegal que sea una invasi\u00f3n de la privacidad<\/li><li>Los Comentarios no se utilizar\u00e1n para solicitar o promover negocios o costumbres ni para presentar actividades comerciales o actividades ilegales.<\/li><\/ul>\n\n\n\n<p>Por la presente, concedes a kickoffgear.co una licencia no exclusiva para usar, reproducir, editar y autorizar a otros a usar, reproducir y editar cualquiera de tus Comentarios en cualquier forma, formato o medio.<\/p>\n\n\n\n<h3 class=\"wp-block-heading\"><strong>Hiperenlaces a nuestro contenido<\/strong><\/h3>\n\n\n\n<p>Las siguientes organizaciones pueden enlazar a nuestro sitio web sin aprobaci\u00f3n previa por escrito:<\/p>\n\n\n\n<ul class=\"wp-block-list\"><li>Agencias gubernamentales;<\/li><li>Motores de b\u00fasqueda;<\/li><li>Organizaciones de noticias;<\/li><li>Los distribuidores de directorios en l\u00ednea pueden enlazar a nuestro sitio web de la misma manera que hacen hiperenlaces a los sitios web de otras empresas listadas; y<\/li><li>Empresas acreditadas en todo el sistema, excepto las organizaciones sin fines de lucro que solicitan, los centros comerciales ben\u00e9ficos y los grupos de recaudaci\u00f3n de fondos ben\u00e9ficos que no pueden enlazar a nuestro sitio web.<\/li><\/ul>\n\n\n\n<p>Estas organizaciones pueden enlazar a nuestra p\u00e1gina de inicio, a publicaciones o a otra informaci\u00f3n del sitio web siempre que el enlace: (a) no sea de ninguna manera enga\u00f1oso; (b) no implique falsamente el patrocinio, el respaldo o la aprobaci\u00f3n de la parte que enlaza y sus productos y\/o servicios; y (c) encaje dentro del contexto del sitio de la parte que enlaza.   <\/p>\n\n\n\n<p>Podemos considerar y aprobar otras solicitudes de enlace de los siguientes tipos de organizaciones:<\/p>\n\n\n\n<ul class=\"wp-block-list\"><li>fuentes de informaci\u00f3n empresarial y\/o del consumidor com\u00fanmente conocidas;<\/li><li>sitios de la comunidad dot.com;<\/li><li>asociaciones u otros grupos que representan a organizaciones ben\u00e9ficas;<\/li><li>distribuidores de directorios en l\u00ednea;<\/li><li>portales de internet;<\/li><li>firmas de contabilidad, derecho y consultor\u00eda; y<\/li><li>instituciones educativas y asociaciones comerciales.<\/li><\/ul>\n\n\n\n<p>Aprobaremos las solicitudes de enlace de estas organizaciones si decidimos que: (a) el enlace no nos har\u00eda parecer desfavorablemente a nosotros mismos ni a nuestras empresas acreditadas; (b) la organizaci\u00f3n no tiene ning\u00fan registro negativo con nosotros; (c) el beneficio para nosotros de la visibilidad del hiperenlace compensa la ausencia de kickoffgear.co; y (d) el enlace est\u00e1 en el contexto de la informaci\u00f3n general de recursos.    <\/p>\n\n\n\n<p>Estas organizaciones pueden enlazar a nuestra p\u00e1gina de inicio siempre que el enlace: (a) no sea de ninguna manera enga\u00f1oso; (b) no implique falsamente el patrocinio, el respaldo o la aprobaci\u00f3n de la parte que enlaza y sus productos o servicios; y (c) encaje dentro del contexto del sitio de la parte que enlaza.   <\/p>\n\n\n\n<p>Si eres una de las organizaciones enumeradas en el p\u00e1rrafo 2 anterior y est\u00e1s interesado en enlazar a nuestro sitio web, debes informarnos enviando un correo electr\u00f3nico a kickoffgear.co. Incluye tu nombre, el nombre de tu organizaci\u00f3n, informaci\u00f3n de contacto, as\u00ed como la URL de tu sitio, una lista de las URL desde las que pretendes enlazar a nuestro sitio web y una lista de las URL de nuestro sitio a las que te gustar\u00eda enlazar. Espera 2-3 semanas para obtener una respuesta.  <\/p>\n\n\n\n<p>Las organizaciones aprobadas pueden enlazar a nuestro sitio web de la siguiente manera:<\/p>\n\n\n\n<ul class=\"wp-block-list\"><li>Mediante el uso de nuestro nombre corporativo; o<\/li><li>Mediante el uso del localizador uniforme de recursos al que se enlaza; o<\/li><li>Mediante el uso de cualquier otra descripci\u00f3n de nuestro sitio web al que se enlaza que tenga sentido dentro del contexto y el formato del contenido en el sitio de la parte que enlaza.<\/li><\/ul>\n\n\n\n<p>No se permitir\u00e1 el uso del logotipo de kickoffgear.co u otras ilustraciones para enlazar sin un acuerdo de licencia de marca comercial.<\/p>\n\n\n\n<h3 class=\"wp-block-heading\"><strong>iFrames<\/strong><\/h3>\n\n\n\n<p>Sin aprobaci\u00f3n previa y permiso por escrito, no puedes crear marcos alrededor de nuestras p\u00e1ginas web que alteren de alguna manera la presentaci\u00f3n visual o la apariencia de nuestro sitio web.<\/p>\n\n\n\n<h3 class=\"wp-block-heading\"><strong>Responsabilidad del contenido<\/strong><\/h3>\n\n\n\n<p>No seremos responsables de ning\u00fan contenido que aparezca en tu sitio web. Aceptas protegernos y defendernos contra todas las reclamaciones que surjan en tu sitio web. No debe aparecer ning\u00fan enlace en ning\u00fan sitio web que pueda interpretarse como difamatorio, obsceno o criminal, o que infrinja, viole de otro modo o defienda la infracci\u00f3n u otra violaci\u00f3n de los derechos de terceros.  <\/p>\n\n\n\n<h3 class=\"wp-block-heading\"><strong>Tu privacidad<\/strong><\/h3>\n\n\n\n<p>Por favor, lee la <a href=\"https:\/\/www.legendslocker.co\/privacy-policy\/\">Pol\u00edtica de privacidad<\/a><\/p>\n\n\n\n<h3 class=\"wp-block-heading\"><strong>Reserva de derechos<\/strong><\/h3>\n\n\n\n<p>Nos reservamos el derecho de solicitar que elimines todos los enlaces o cualquier enlace en particular a nuestro sitio web. Apruebas eliminar inmediatamente todos los enlaces a nuestro sitio web previa solicitud. Tambi\u00e9n nos reservamos el derecho de modificar estos t\u00e9rminos y condiciones y su pol\u00edtica de enlaces en cualquier momento. Al enlazar continuamente a nuestro sitio web, aceptas estar sujeto a estos t\u00e9rminos y condiciones de enlace y seguirlos.   <\/p>\n\n\n\n<h3 class=\"wp-block-heading\"><strong>Eliminaci\u00f3n de enlaces de nuestro sitio web<\/strong><\/h3>\n\n\n\n<p>Si encuentras alg\u00fan enlace en nuestro sitio web que sea ofensivo por cualquier motivo, puedes contactarnos e informarnos en cualquier momento. Consideraremos las solicitudes de eliminaci\u00f3n de enlaces, pero no estamos obligados a hacerlo ni a responderte directamente. <\/p>\n\n\n\n<p>No aseguramos que la informaci\u00f3n en este sitio web sea correcta, no garantizamos su integridad o precisi\u00f3n; ni prometemos asegurar que el sitio web permanezca disponible o que el material en el sitio web se mantenga actualizado.<\/p>\n\n\n\n<h3 class=\"wp-block-heading\"><strong>Exenci\u00f3n de responsabilidad<\/strong><\/h3>\n\n\n\n<p>En la medida m\u00e1xima permitida por la ley aplicable, excluimos todas las representaciones, garant\u00edas y condiciones relacionadas con nuestro sitio web y el uso de este sitio web. Nada en esta exenci\u00f3n de responsabilidad: <\/p>\n\n\n\n<ul class=\"wp-block-list\"><li>limitar\u00e1 o excluir\u00e1 nuestra o tu responsabilidad por muerte o lesiones personales;<\/li><li>limitar\u00e1 o excluir\u00e1 nuestra o tu responsabilidad por fraude o tergiversaci\u00f3n fraudulenta;<\/li><li>limitar\u00e1 cualquiera de nuestras o tus responsabilidades de cualquier manera que no est\u00e9 permitida por la ley aplicable; o<\/li><li>excluir\u00e1 cualquiera de nuestras o tus responsabilidades que no puedan ser excluidas seg\u00fan la ley aplicable.<\/li><\/ul>\n\n\n\n<p>Las limitaciones y prohibiciones de responsabilidad establecidas en esta Secci\u00f3n y en otras partes de esta exenci\u00f3n de responsabilidad: (a) est\u00e1n sujetas al p\u00e1rrafo anterior; y (b) rigen todas las responsabilidades que surjan bajo la exenci\u00f3n de responsabilidad, incluidas las responsabilidades que surjan en el contrato, en agravio y por incumplimiento del deber legal.<\/p>\n\n\n\n<p>Siempre que el sitio web y la informaci\u00f3n y los servicios en el sitio web se proporcionen de forma gratuita, no seremos responsables de ninguna p\u00e9rdida o da\u00f1o de ninguna naturaleza.<\/p>\n","protected":false},"excerpt":{"rendered":"<p>T\u00e9rminos y condiciones \u00a1Bienvenido a kickoffgear.co! Estos t\u00e9rminos y condiciones establecen las reglas y regulaciones para el uso del sitio web kickoffgear.co, ubicado en kickoffgear.co Al acceder a este sitio web, asumimos que aceptas estos t\u00e9rminos y condiciones. No contin\u00faes usando kickoffgear.co si no est\u00e1s de acuerdo con todos los t\u00e9rminos y condiciones establecidos en&#8230;<\/p>\n","protected":false},"author":1,"featured_media":0,"parent":0,"menu_order":0,"comment_status":"closed","ping_status":"closed","template":"","meta":{"_kad_post_transparent":"","_kad_post_title":"","_kad_post_layout":"","_kad_post_sidebar_id":"","_kad_post_content_style":"","_kad_post_vertical_padding":"","_kad_post_feature":"","_kad_post_feature_position":"","_kad_post_header":false,"_kad_post_footer":false,"footnotes":""},"class_list":["post-29925","page","type-page","status-publish","hentry"],"jetpack_sharing_enabled":true,"_links":{"self":[{"href":"https:\/\/www.legendslocker.co\/es\/wp-json\/wp\/v2\/pages\/29925","targetHints":{"allow":["GET"]}}],"collection":[{"href":"https:\/\/www.legendslocker.co\/es\/wp-json\/wp\/v2\/pages"}],"about":[{"href":"https:\/\/www.legendslocker.co\/es\/wp-json\/wp\/v2\/types\/page"}],"author":[{"embeddable":true,"href":"https:\/\/www.legendslocker.co\/es\/wp-json\/wp\/v2\/users\/1"}],"replies":[{"embeddable":true,"href":"https:\/\/www.legendslocker.co\/es\/wp-json\/wp\/v2\/comments?post=29925"}],"version-history":[{"count":0,"href":"https:\/\/www.legendslocker.co\/es\/wp-json\/wp\/v2\/pages\/29925\/revisions"}],"wp:attachment":[{"href":"https:\/\/www.legendslocker.co\/es\/wp-json\/wp\/v2\/media?parent=29925"}],"curies":[{"name":"wp","href":"https:\/\/api.w.org\/{rel}","templated":true}]}}