{"id":29924,"date":"2022-09-10T09:14:59","date_gmt":"2022-09-10T09:14:59","guid":{"rendered":"https:\/\/www.legendslocker.co\/politica-de-envios\/"},"modified":"2022-09-10T09:14:59","modified_gmt":"2022-09-10T09:14:59","slug":"politica-de-envios","status":"publish","type":"page","link":"https:\/\/www.legendslocker.co\/es\/politica-de-envios\/","title":{"rendered":"Pol\u00edtica de env\u00edos"},"content":{"rendered":"\n<h2 class=\"wp-block-heading\">Pol\u00edtica de env\u00edos<\/h2>\n\n\n\n<p><\/p>\n\n\n\n<p>Todos los productos de nuestra p\u00e1gina web tienen env\u00edo gratuito dentro del Reino Unido. El plazo de entrega es de 7 a 10 d\u00edas h\u00e1biles.<\/p>\n\n\n\n<p>Todos los pedidos se procesan en un plazo de 7 d\u00edas h\u00e1biles (excepto los pedidos realizados los fines de semana o d\u00edas festivos). Una vez que el pedido se haya enviado, recibir\u00e1 un correo electr\u00f3nico con la informaci\u00f3n de seguimiento y la fecha de entrega estimada.<\/p>\n\n\n\n<p>La hora l\u00edmite para realizar pedidos son las 15:00. GMT<\/p>\n\n\n\n<h3 class=\"wp-block-heading\"><strong>M\u00c9TODO DE ENV\u00cdO:<\/strong><\/h3>\n\n\n\n<p><strong>Env\u00edo est\u00e1ndar<\/strong>: env\u00edo gratuito<\/p>\n\n\n\n<p>Los pedidos se suelen enviar en un plazo de 5 a 7 d\u00edas laborables. (De lunes a viernes) a trav\u00e9s de Royal Mail para el Reino Unido. El tiempo de tr\u00e1nsito de la entrega es de 4 a 6 d\u00edas laborables.<\/p>\n\n\n\n<p><strong>Cambios en el pedido:<\/strong><\/p>\n\n\n\n<p>Todos los pedidos se procesan en un plazo de 1 a 2 d\u00edas laborables. Una vez que su pedido ha sido procesado, no se puede modificar ni cancelar.<\/p>\n\n\n\n<p><strong>NOTA:<\/strong> Por favor, consulte las instrucciones especiales a nivel de producto con respecto a los plazos de entrega. Los plazos de entrega a nivel de producto pueden cambiar debido a la demanda y a las ventas de fin de a\u00f1o.<\/p>\n\n\n\n<p><strong>PD:<\/strong> Los pedidos con impresi\u00f3n personalizada est\u00e1n sujetos a un retraso adicional de 2 a 3 d\u00edas.<\/p>\n\n\n\n<p><strong>Art\u00edculo no recibido:<\/strong><\/p>\n\n\n\n<p>Si ha realizado un pedido correctamente y a\u00fan no lo ha recibido, aunque el estado de seguimiento indique que se ha entregado. P\u00f3ngase en contacto con nuestro servicio de asistencia en support@kickoffgear.co y le ayudaremos a encontrarlo.<\/p>\n\n\n\n<h3 class=\"wp-block-heading\">Ayuda<\/h3>\n\n\n\n<p>No dude en ponerse en contacto con nuestro servicio de asistencia rellenando el formulario en la <a href=\"https:\/\/www.legendslocker.co\/contact\/\" data-type=\"URL\" data-id=\"https:\/\/www.legendslocker.co\/contact\/\">p\u00e1gina de contacto<\/a><\/p>\n","protected":false},"excerpt":{"rendered":"<p>Pol\u00edtica de env\u00edos Todos los productos de nuestra p\u00e1gina web tienen env\u00edo gratuito dentro del Reino Unido. El plazo de entrega es de 7 a 10 d\u00edas h\u00e1biles. Todos los pedidos se procesan en un plazo de 7 d\u00edas h\u00e1biles (excepto los pedidos realizados los fines de semana o d\u00edas festivos). Una vez que el&#8230;<\/p>\n","protected":false},"author":1,"featured_media":0,"parent":0,"menu_order":0,"comment_status":"closed","ping_status":"closed","template":"","meta":{"_kad_post_transparent":"","_kad_post_title":"","_kad_post_layout":"","_kad_post_sidebar_id":"","_kad_post_content_style":"","_kad_post_vertical_padding":"","_kad_post_feature":"","_kad_post_feature_position":"","_kad_post_header":false,"_kad_post_footer":false,"footnotes":""},"class_list":["post-29924","page","type-page","status-publish","hentry"],"jetpack_sharing_enabled":true,"_links":{"self":[{"href":"https:\/\/www.legendslocker.co\/es\/wp-json\/wp\/v2\/pages\/29924","targetHints":{"allow":["GET"]}}],"collection":[{"href":"https:\/\/www.legendslocker.co\/es\/wp-json\/wp\/v2\/pages"}],"about":[{"href":"https:\/\/www.legendslocker.co\/es\/wp-json\/wp\/v2\/types\/page"}],"author":[{"embeddable":true,"href":"https:\/\/www.legendslocker.co\/es\/wp-json\/wp\/v2\/users\/1"}],"replies":[{"embeddable":true,"href":"https:\/\/www.legendslocker.co\/es\/wp-json\/wp\/v2\/comments?post=29924"}],"version-history":[{"count":0,"href":"https:\/\/www.legendslocker.co\/es\/wp-json\/wp\/v2\/pages\/29924\/revisions"}],"wp:attachment":[{"href":"https:\/\/www.legendslocker.co\/es\/wp-json\/wp\/v2\/media?parent=29924"}],"curies":[{"name":"wp","href":"https:\/\/api.w.org\/{rel}","templated":true}]}}