{"id":29921,"date":"2022-09-10T09:14:43","date_gmt":"2022-09-10T09:14:43","guid":{"rendered":"https:\/\/www.legendslocker.co\/politica-de-pago\/"},"modified":"2022-09-10T09:14:43","modified_gmt":"2022-09-10T09:14:43","slug":"politica-de-pago","status":"publish","type":"page","link":"https:\/\/www.legendslocker.co\/es\/politica-de-pago\/","title":{"rendered":"Pol\u00edtica de pago"},"content":{"rendered":"\n<h2 class=\"wp-block-heading\">Pol\u00edtica de pago<\/h2>\n\n\n\n<p><\/p>\n\n\n\n<h4 class=\"wp-block-heading\">Condiciones de pago<\/h4>\n\n\n\n<p>Todos los pagos deben realizarse al completar el pedido. Si no se recibe un pago o el m\u00e9todo de pago es rechazado, el pedido no se realizar\u00e1 y no se enviar\u00e1n los art\u00edculos. El comprador pierde la propiedad de cualquier art\u00edculo debido a la falta de pago.<\/p>\n\n\n\n<figure class=\"wp-block-image\"><img decoding=\"async\" src=\"http:\/\/reputely.co.uk\/wp-content\/uploads\/2022\/03\/payment-icons-new-1.png\" alt=\"\"><\/figure>\n\n\n\n<p>Aceptamos la mayor\u00eda de las principales tarjetas de cr\u00e9dito, incluyendo Visa, Mastercard, Discover, American Express, Diner\u2019s Network, JCP y Union Pay.<\/p>\n\n\n\n<p>Para tu comodidad, ofrecemos la opci\u00f3n de pago en GBP \u00a3 en el sitio web.<br>Si la moneda seleccionada difiere de la de tu tarjeta de cr\u00e9dito\/d\u00e9bito, es posible que el emisor de tu tarjeta o banco te cobren cargos adicionales por el cambio de divisa. Todos estos cargos correr\u00e1n por tu cuenta.<\/p>\n\n\n\n<p>Para los clientes que elijan pagar con Visa o MasterCard, aseg\u00farate de proporcionar el CVC\/CCV correcto durante el proceso de compra.<\/p>\n\n\n\n<p>Para los nuevos clientes que elijan pagar con Visa o MasterCard y deseen que sus pedidos se env\u00eden a una direcci\u00f3n no confirmada, es posible que solicitemos una prueba de domicilio\/identidad antes de poder procesar tu pedido.<\/p>\n\n\n\n<p>Con el fin de proteger contra cualquier delito cibern\u00e9tico, de vez en cuando podemos pedirte que confirmes o solicites cierta prueba cuando:<\/p>\n\n\n\n<p>\u2013 La direcci\u00f3n de entrega difiere de tu direcci\u00f3n de facturaci\u00f3n<br>\u2013 Se realiza una solicitud para cambiar la direcci\u00f3n despu\u00e9s de realizar un pedido<br>\u2013 Pedido de alto valor y\/o volumen<br>\u2013 Otros problemas que puedan levantar sospechas<\/p>\n\n\n\n<h3 class=\"wp-block-heading\">Ayuda<\/h3>\n\n\n\n<p>No dudes en ponerte en contacto con nuestro servicio de asistencia. Env\u00edanos un correo electr\u00f3nico a: support@kickoffgear.co<\/p>\n","protected":false},"excerpt":{"rendered":"<p>Pol\u00edtica de pago Condiciones de pago Todos los pagos deben realizarse al completar el pedido. Si no se recibe un pago o el m\u00e9todo de pago es rechazado, el pedido no se realizar\u00e1 y no se enviar\u00e1n los art\u00edculos. El comprador pierde la propiedad de cualquier art\u00edculo debido a la falta de pago. Aceptamos la&#8230;<\/p>\n","protected":false},"author":1,"featured_media":0,"parent":0,"menu_order":0,"comment_status":"closed","ping_status":"closed","template":"","meta":{"_kad_post_transparent":"","_kad_post_title":"","_kad_post_layout":"","_kad_post_sidebar_id":"","_kad_post_content_style":"","_kad_post_vertical_padding":"","_kad_post_feature":"","_kad_post_feature_position":"","_kad_post_header":false,"_kad_post_footer":false,"footnotes":""},"class_list":["post-29921","page","type-page","status-publish","hentry"],"jetpack_sharing_enabled":true,"_links":{"self":[{"href":"https:\/\/www.legendslocker.co\/es\/wp-json\/wp\/v2\/pages\/29921","targetHints":{"allow":["GET"]}}],"collection":[{"href":"https:\/\/www.legendslocker.co\/es\/wp-json\/wp\/v2\/pages"}],"about":[{"href":"https:\/\/www.legendslocker.co\/es\/wp-json\/wp\/v2\/types\/page"}],"author":[{"embeddable":true,"href":"https:\/\/www.legendslocker.co\/es\/wp-json\/wp\/v2\/users\/1"}],"replies":[{"embeddable":true,"href":"https:\/\/www.legendslocker.co\/es\/wp-json\/wp\/v2\/comments?post=29921"}],"version-history":[{"count":0,"href":"https:\/\/www.legendslocker.co\/es\/wp-json\/wp\/v2\/pages\/29921\/revisions"}],"wp:attachment":[{"href":"https:\/\/www.legendslocker.co\/es\/wp-json\/wp\/v2\/media?parent=29921"}],"curies":[{"name":"wp","href":"https:\/\/api.w.org\/{rel}","templated":true}]}}